{"id":9715,"date":"2026-05-15T13:17:08","date_gmt":"2026-05-15T10:17:08","guid":{"rendered":"https:\/\/protego.md\/?post_type=product&#038;p=9715"},"modified":"2026-05-15T13:57:45","modified_gmt":"2026-05-15T10:57:45","slug":"ru-kurtka-softshell-contrast-sir-safety-ro-jacheta-softshell-contrast-sir-safety","status":"publish","type":"product","link":"https:\/\/protego.md\/ro\/product\/ru-kurtka-softshell-contrast-sir-safety-ro-jacheta-softshell-contrast-sir-safety\/","title":{"rendered":"Jacheta SOFTSHELL CONTRAST SIR SAFETY"},"content":{"rendered":"","protected":false},"excerpt":{"rendered":"<p>Softshell confec\u021bionat din Ripstop 75D Stretch, laminat TPU, lipit cu microfleece tip grilaj 100% poliester, greutate 320 g\/m\u00b2.<br \/>\nEchipat cu \u00eenchidere central\u0103 cu fermoar dublu, buzunar la piept cu fermoar pe partea dreapt\u0103, suport ascuns pentru ecuson pe piept.<br \/>\nDispune de dou\u0103 buzunare joase pentru m\u00e2ini, benzi reflectorizante \u00een jurul pieptului, m\u00e2necilor \u0219i pe umeri, termo-lipite \u0219i segmentate.<br \/>\nMaterial contrastant galben pe m\u00e2nec\u0103 \u0219i pe tivul taliei, inser\u021bii reflectorizante pe piept.  <\/p>\n<p>Produsul a fost proiectat \u0219i fabricat pentru a respecta Regulamentul (UE) 2016\/425, cu modific\u0103rile ulterioare.  <\/p>\n<p>EN ISO 20471<br \/>\nClasa 1:<br \/>\n= 0,14 m\u00b2 material fluorescent;<br \/>\n= 0,10 m\u00b2 material retro-reflectorizant.<\/p>\n","protected":false},"featured_media":9716,"template":"","meta":[],"product_brand":[],"product_cat":[237,93,84,232,17,77],"product_tag":[],"class_list":{"0":"post-9715","1":"product","2":"type-product","3":"status-publish","4":"has-post-thumbnail","6":"product_cat-softshell","7":"product_cat-hanorac-batnik","8":"product_cat-winter-work-jacket-clothing","9":"product_cat-svetootrazhayushhaya-odezhda","10":"product_cat-clothing","11":"product_cat-batniki-futbolki","13":"first","14":"instock","15":"shipping-taxable","16":"purchasable","17":"product-type-simple"},"acf":[],"aioseo_notices":[],"_links":{"self":[{"href":"https:\/\/protego.md\/ro\/wp-json\/wp\/v2\/product\/9715","targetHints":{"allow":["GET"]}}],"collection":[{"href":"https:\/\/protego.md\/ro\/wp-json\/wp\/v2\/product"}],"about":[{"href":"https:\/\/protego.md\/ro\/wp-json\/wp\/v2\/types\/product"}],"wp:featuredmedia":[{"embeddable":true,"href":"https:\/\/protego.md\/ro\/wp-json\/wp\/v2\/media\/9716"}],"wp:attachment":[{"href":"https:\/\/protego.md\/ro\/wp-json\/wp\/v2\/media?parent=9715"}],"wp:term":[{"taxonomy":"product_brand","embeddable":true,"href":"https:\/\/protego.md\/ro\/wp-json\/wp\/v2\/product_brand?post=9715"},{"taxonomy":"product_cat","embeddable":true,"href":"https:\/\/protego.md\/ro\/wp-json\/wp\/v2\/product_cat?post=9715"},{"taxonomy":"product_tag","embeddable":true,"href":"https:\/\/protego.md\/ro\/wp-json\/wp\/v2\/product_tag?post=9715"}],"curies":[{"name":"wp","href":"https:\/\/api.w.org\/{rel}","templated":true}]}}