{"id":9701,"date":"2026-05-06T12:59:22","date_gmt":"2026-05-06T09:59:22","guid":{"rendered":"https:\/\/protego.md\/?post_type=product&#038;p=9701"},"modified":"2026-05-06T13:03:01","modified_gmt":"2026-05-06T10:03:01","slug":"ru-zashhitnye-sandalii-lemars-bsn-s1-orange-ro-sandale-de-protectie-lemars-bsn-s1-orange","status":"publish","type":"product","link":"https:\/\/protego.md\/ro\/product\/ru-zashhitnye-sandalii-lemars-bsn-s1-orange-ro-sandale-de-protectie-lemars-bsn-s1-orange\/","title":{"rendered":"Sandale de protectie LEMARS BSN  S1 ORANGE"},"content":{"rendered":"","protected":false},"excerpt":{"rendered":"<p>\u00cenc\u0103l\u021b\u0103minte de protec\u021bie, categorie de protec\u021bie S1 FO SR<\/p>\n<p>Sandale de protec\u021bie cu c\u0103lc\u00e2i metalic. Partea superioar\u0103 este realizat\u0103 din piele nubuc de \u00eenalt\u0103 calitate cu o grosime de 1,6 &#8211; 1,8 mm, cu c\u0103l\u0103c\u00e2i metalic, oferind rezisten\u021b\u0103 la impact de 200 +\/-4 J \u0219i la zdrobire p\u00e2n\u0103 la 15 kN. Cus\u0103tura pe partea superioar\u0103 cre\u0219te durabilitatea \u00eenc\u0103l\u021b\u0103mintei.<\/p>\n<p>LEMARS ESTE U\u0218OAR\u0102, CU UN STIL SPORTIV \u0218I SIGURAN\u021a\u0102 LA LOCUL DE MUNC\u0102!<\/p>\n<p>Descriere:<\/p>\n<p>&#8211; partea superioar\u0103 realizat\u0103 din piele nubuc \u0219i \u021bes\u0103tur\u0103 mesh \u00een gri \u0219i portocaliu, accesoriile portocalii cresc atractivitatea vizual\u0103 a pantofului,<br \/>\n&#8211; talp\u0103 PU\/PU, realizat\u0103 prin injectare direct\u0103,<br \/>\n&#8211; sistem modern de \u00eenchidere cu \u0219nur tip Lace-lock folosind un \u0219nur elastic ajustabil cu opritor de tip crimp,<br \/>\n&#8211; multiple cus\u0103turi duble pe partea superioar\u0103 cresc durabilitatea pantofului,<br \/>\n&#8211; decupaje care asigur\u0103 ventilarea, \u00eembun\u0103t\u0103\u021bind semnificativ confortul \u00een utilizare,<br \/>\n&#8211; limb\u0103 \u0219i guler moi,<br \/>\n&#8211; \u00eenc\u0103l\u021b\u0103minte antistatic\u0103 (S1),<br \/>\n&#8211; talp\u0103 rezistent\u0103 la ulei (FO),<br \/>\n&#8211; partea inferioar\u0103 a t\u0103lpii protejeaz\u0103 \u00eempotriva alunec\u0103rii (SR),<br \/>\n&#8211; rigidizare suplimentar\u0103 pe c\u0103lc\u00e2i,<br \/>\n&#8211; inser\u021bie deta\u0219abil\u0103 &#8230;<\/p>\n","protected":false},"featured_media":9704,"template":"","meta":[],"product_brand":[],"product_cat":[75,97],"product_tag":[],"class_list":{"0":"post-9701","1":"product","2":"type-product","3":"status-publish","4":"has-post-thumbnail","6":"product_cat-footwear","7":"product_cat-summer-shoes","9":"first","10":"instock","11":"shipping-taxable","12":"purchasable","13":"product-type-simple"},"acf":[],"aioseo_notices":[],"_links":{"self":[{"href":"https:\/\/protego.md\/ro\/wp-json\/wp\/v2\/product\/9701","targetHints":{"allow":["GET"]}}],"collection":[{"href":"https:\/\/protego.md\/ro\/wp-json\/wp\/v2\/product"}],"about":[{"href":"https:\/\/protego.md\/ro\/wp-json\/wp\/v2\/types\/product"}],"wp:featuredmedia":[{"embeddable":true,"href":"https:\/\/protego.md\/ro\/wp-json\/wp\/v2\/media\/9704"}],"wp:attachment":[{"href":"https:\/\/protego.md\/ro\/wp-json\/wp\/v2\/media?parent=9701"}],"wp:term":[{"taxonomy":"product_brand","embeddable":true,"href":"https:\/\/protego.md\/ro\/wp-json\/wp\/v2\/product_brand?post=9701"},{"taxonomy":"product_cat","embeddable":true,"href":"https:\/\/protego.md\/ro\/wp-json\/wp\/v2\/product_cat?post=9701"},{"taxonomy":"product_tag","embeddable":true,"href":"https:\/\/protego.md\/ro\/wp-json\/wp\/v2\/product_tag?post=9701"}],"curies":[{"name":"wp","href":"https:\/\/api.w.org\/{rel}","templated":true}]}}