{"id":9694,"date":"2026-05-06T12:41:09","date_gmt":"2026-05-06T09:41:09","guid":{"rendered":"https:\/\/protego.md\/?post_type=product&#038;p=9694"},"modified":"2026-05-06T12:41:49","modified_gmt":"2026-05-06T09:41:49","slug":"ru-bryuki-rabochie-contrast-hi-vis-yellow-ro-pantaloni-contrast-hi-vis-yellow","status":"publish","type":"product","link":"https:\/\/protego.md\/ro\/product\/ru-bryuki-rabochie-contrast-hi-vis-yellow-ro-pantaloni-contrast-hi-vis-yellow\/","title":{"rendered":"Pantaloni CONTRAST HI-VIS YELLOW"},"content":{"rendered":"","protected":false},"excerpt":{"rendered":"<p>Pantaloni din \u021bes\u0103tur\u0103 stretch Twill 77% poliester, 20% bumbac \u0219i 3% spandex, greutate 245 g\/m\u00b2.<br \/>\nEchipati cu deschidere central\u0103 cu nasture cu \u0219tift \u0219i fermoar, bucle pentru centur\u0103 m\u0103rite, una dintre ele av\u00e2nd un inel D pe partea st\u00e2ng\u0103. Prev\u0103zu\u021bi cu dou\u0103 buzunare laterale \u0219i un buzunar at\u00e2rnat pe piciorul st\u00e2ng de culoare gri, \u00eenchis cu fermoar. Buzunar pe piciorul drept cu suport pentru pix \u0219i suport pentru rulet\u0103.<br \/>\nPrev\u0103zu\u021bi cu inser\u021bii reflectorizante pentru vizibilitate crescut\u0103.<br \/>\nPartea inferioar\u0103 de culoare galben\u0103 fluorescen\u021b\u0103.<br \/>\nEchipati cu dou\u0103 benzi reflectorizante termosudate, segmentate, \u00een jurul picioarelor.  <\/p>\n<p>Produsul a fost proiectat \u0219i fabricat pentru a respecta Regulamentul (UE) 2016\/425 \u0219i modific\u0103rile ulterioare.  <\/p>\n<p>EN ISO 20471<br \/>\nClasa 1:<\/p>\n","protected":false},"featured_media":9695,"template":"","meta":[],"product_brand":[],"product_cat":[86,17],"product_tag":[],"class_list":{"0":"post-9694","1":"product","2":"type-product","3":"status-publish","4":"has-post-thumbnail","6":"product_cat-winter-work-pants-summer-clothing","7":"product_cat-clothing","9":"first","10":"instock","11":"shipping-taxable","12":"purchasable","13":"product-type-simple"},"acf":[],"aioseo_notices":[],"_links":{"self":[{"href":"https:\/\/protego.md\/ro\/wp-json\/wp\/v2\/product\/9694","targetHints":{"allow":["GET"]}}],"collection":[{"href":"https:\/\/protego.md\/ro\/wp-json\/wp\/v2\/product"}],"about":[{"href":"https:\/\/protego.md\/ro\/wp-json\/wp\/v2\/types\/product"}],"wp:featuredmedia":[{"embeddable":true,"href":"https:\/\/protego.md\/ro\/wp-json\/wp\/v2\/media\/9695"}],"wp:attachment":[{"href":"https:\/\/protego.md\/ro\/wp-json\/wp\/v2\/media?parent=9694"}],"wp:term":[{"taxonomy":"product_brand","embeddable":true,"href":"https:\/\/protego.md\/ro\/wp-json\/wp\/v2\/product_brand?post=9694"},{"taxonomy":"product_cat","embeddable":true,"href":"https:\/\/protego.md\/ro\/wp-json\/wp\/v2\/product_cat?post=9694"},{"taxonomy":"product_tag","embeddable":true,"href":"https:\/\/protego.md\/ro\/wp-json\/wp\/v2\/product_tag?post=9694"}],"curies":[{"name":"wp","href":"https:\/\/api.w.org\/{rel}","templated":true}]}}