{"id":9688,"date":"2026-05-06T12:32:33","date_gmt":"2026-05-06T09:32:33","guid":{"rendered":"https:\/\/protego.md\/?post_type=product&#038;p=9688"},"modified":"2026-05-12T11:48:31","modified_gmt":"2026-05-12T08:48:31","slug":"ru-bryuki-rabochie-gemini-guard-stretch-hi-vis-yellow-ro-pantaloni-gemini-guard-stretch-hi-vis-yellow","status":"publish","type":"product","link":"https:\/\/protego.md\/ro\/product\/ru-bryuki-rabochie-gemini-guard-stretch-hi-vis-yellow-ro-pantaloni-gemini-guard-stretch-hi-vis-yellow\/","title":{"rendered":"Pantaloni Gemini Guard stretch HI-VIS YELLOW"},"content":{"rendered":"","protected":false},"excerpt":{"rendered":"<p>Pantaloni din material elastic \u00een patru direc\u021bii 92% poliester, 8% spandex, material de contrast cationic ripstop, 94% poliester, 6% spandex, 240 g\/m\u00b2. \u00cenchidere cu fermoar, nasture cu capsa \u0219i Velcro. Echipat cu dou\u0103 buzunare frontale \u0219i buzunar mic cu fermoar pe partea dreapt\u0103, patru bucle pentru ata\u0219area buzunarelor de tip holster, deta\u0219abile prin Velcro, buzunar tehnic cu suport ascuns pentru insign\u0103 \u0219i buzunar mic cu fermoar pe partea st\u00e2ng\u0103. Buzunar holster cu suport \u00eent\u0103rit pentru rigl\u0103 \u0219i suport pentru ciocan pe partea dreapt\u0103, buzunar pentru genunchiere \u00eenchis cu Velcro. Tivul pantalonilor din material ripstop rezistent la uzur\u0103, benzi reflectorizante segmentate termo-lipite la baza picioarelor. Pantaloni cu form\u0103 ergonomic\u0103, ideali pentru lucr\u0103torul modern, practic \u0219i func\u021bional. Materialul elastic \u00een patru direc\u021bii, \u00eent\u0103ririle cationice \u0219i ripstop asigur\u0103 libertate de mi\u0219care neegalat\u0103 \u0219i o rezisten\u021b\u0103 crescut\u0103 la uzur\u0103. Produsul a fost proiectat \u0219i fabricat pentru a fi conform Regulamentului (UE) 2016\/425, cu modific\u0103rile ulterioare. EN ISO 20471 Clasa 2: = 0,50 m\u00b2 de material fluorescent;<\/p>\n","protected":false},"featured_media":9689,"template":"","meta":[],"product_brand":[],"product_cat":[86,17],"product_tag":[],"class_list":{"0":"post-9688","1":"product","2":"type-product","3":"status-publish","4":"has-post-thumbnail","6":"product_cat-winter-work-pants-summer-clothing","7":"product_cat-clothing","9":"first","10":"instock","11":"shipping-taxable","12":"purchasable","13":"product-type-simple"},"acf":[],"aioseo_notices":[],"_links":{"self":[{"href":"https:\/\/protego.md\/ro\/wp-json\/wp\/v2\/product\/9688","targetHints":{"allow":["GET"]}}],"collection":[{"href":"https:\/\/protego.md\/ro\/wp-json\/wp\/v2\/product"}],"about":[{"href":"https:\/\/protego.md\/ro\/wp-json\/wp\/v2\/types\/product"}],"wp:featuredmedia":[{"embeddable":true,"href":"https:\/\/protego.md\/ro\/wp-json\/wp\/v2\/media\/9689"}],"wp:attachment":[{"href":"https:\/\/protego.md\/ro\/wp-json\/wp\/v2\/media?parent=9688"}],"wp:term":[{"taxonomy":"product_brand","embeddable":true,"href":"https:\/\/protego.md\/ro\/wp-json\/wp\/v2\/product_brand?post=9688"},{"taxonomy":"product_cat","embeddable":true,"href":"https:\/\/protego.md\/ro\/wp-json\/wp\/v2\/product_cat?post=9688"},{"taxonomy":"product_tag","embeddable":true,"href":"https:\/\/protego.md\/ro\/wp-json\/wp\/v2\/product_tag?post=9688"}],"curies":[{"name":"wp","href":"https:\/\/api.w.org\/{rel}","templated":true}]}}