{"id":9673,"date":"2026-05-06T11:32:42","date_gmt":"2026-05-06T08:32:42","guid":{"rendered":"https:\/\/protego.md\/?post_type=product&#038;p=9673"},"modified":"2026-05-06T11:36:42","modified_gmt":"2026-05-06T08:36:42","slug":"ru-remen-strahovochnyj-fp08-ro-centura-de-siguranta-fp08","status":"publish","type":"product","link":"https:\/\/protego.md\/ro\/product\/ru-remen-strahovochnyj-fp08-ro-centura-de-siguranta-fp08\/","title":{"rendered":"Centura de siguranta FP08"},"content":{"rendered":"","protected":false},"excerpt":{"rendered":"<p>Centura captusita complet reglabila, completata cu doua inele-D secundare care pot fi deplasate la spate, daca este necesar.<\/p>\n<p>Caracteristici<br \/>\nInele-D laterale<br \/>\nBetelie ajustabila pentru adaptare perfecta<br \/>\nCurea captusita<br \/>\nCapac de inspec\u021bie pentru protec\u021bia etichetei produsului<br \/>\nPrinderi durabile cu rezisten\u021b\u0103 mare la rupere<br \/>\nSarcin\u0103 nominal\u0103 maxim\u0103 100kg<br \/>\nTermen de valabilitate de 10 ani de la data de fabrica\u021bie men\u021bionat\u0103 pe eticheta produsului<br \/>\nCertificare CE<br \/>\nCutie de v\u00e2nzare cu am\u0103nuntul care ajut\u0103 la prezentarea pentru v\u00e2nzarea cu am\u0103nuntul<\/p>\n<p>Materiale<br \/>\nPlasa Poliester<\/p>\n","protected":false},"featured_media":9674,"template":"","meta":[],"product_brand":[],"product_cat":[230,78],"product_tag":[],"class_list":{"0":"post-9673","1":"product","2":"type-product","3":"status-publish","4":"has-post-thumbnail","6":"product_cat-protectie-impotriva-caderilor","7":"product_cat-individual-protect","9":"first","10":"instock","11":"shipping-taxable","12":"purchasable","13":"product-type-simple"},"acf":[],"aioseo_notices":[],"_links":{"self":[{"href":"https:\/\/protego.md\/ro\/wp-json\/wp\/v2\/product\/9673","targetHints":{"allow":["GET"]}}],"collection":[{"href":"https:\/\/protego.md\/ro\/wp-json\/wp\/v2\/product"}],"about":[{"href":"https:\/\/protego.md\/ro\/wp-json\/wp\/v2\/types\/product"}],"wp:featuredmedia":[{"embeddable":true,"href":"https:\/\/protego.md\/ro\/wp-json\/wp\/v2\/media\/9674"}],"wp:attachment":[{"href":"https:\/\/protego.md\/ro\/wp-json\/wp\/v2\/media?parent=9673"}],"wp:term":[{"taxonomy":"product_brand","embeddable":true,"href":"https:\/\/protego.md\/ro\/wp-json\/wp\/v2\/product_brand?post=9673"},{"taxonomy":"product_cat","embeddable":true,"href":"https:\/\/protego.md\/ro\/wp-json\/wp\/v2\/product_cat?post=9673"},{"taxonomy":"product_tag","embeddable":true,"href":"https:\/\/protego.md\/ro\/wp-json\/wp\/v2\/product_tag?post=9673"}],"curies":[{"name":"wp","href":"https:\/\/api.w.org\/{rel}","templated":true}]}}