{"id":9671,"date":"2026-05-06T11:25:11","date_gmt":"2026-05-06T08:25:11","guid":{"rendered":"https:\/\/protego.md\/?post_type=product&#038;p=9671"},"modified":"2026-05-06T11:27:49","modified_gmt":"2026-05-06T08:27:49","slug":"ru-verevka-s-funktsiej-amortizatsii-fp56-ro-funie-cu-functie-absorbtie-a-socuri-fp56","status":"publish","type":"product","link":"https:\/\/protego.md\/ro\/product\/ru-verevka-s-funktsiej-amortizatsii-fp56-ro-funie-cu-functie-absorbtie-a-socuri-fp56\/","title":{"rendered":"Funie cu Functie Absorbtie a Socuri FP56"},"content":{"rendered":"","protected":false},"excerpt":{"rendered":"<p>Aceasta coarda kernmantle prezinta carlig de ancorare si carabiniera. Are o lungime de 180 cm, inclusiv conectorii.<\/p>\n<p>Caracteristici<br \/>\nSfoar\u0103 de inalt\u0103 calitate<br \/>\nAbsorbitor de socuri<br \/>\n52mm de deschidere a c\u00e2rligului de schel\u0103<br \/>\n19mm deschidere carabiniera<br \/>\nSarcin\u0103 nominal\u0103 maxim\u0103 100kg<br \/>\nTermen de valabilitate de 10 ani de la data de fabrica\u021bie men\u021bionat\u0103 pe eticheta produsului<br \/>\nCutie de v\u00e2nzare cu am\u0103nuntul care ajut\u0103 la prezentarea pentru v\u00e2nzarea cu am\u0103nuntul<br \/>\nCertificare CE<\/p>\n<p>Materiale<br \/>\nPlasa Poliester, Aliaj de otel tratat termic, Aluminiu<\/p>\n","protected":false},"featured_media":9672,"template":"","meta":[],"product_brand":[],"product_cat":[230,78],"product_tag":[],"class_list":{"0":"post-9671","1":"product","2":"type-product","3":"status-publish","4":"has-post-thumbnail","6":"product_cat-protectie-impotriva-caderilor","7":"product_cat-individual-protect","9":"first","10":"instock","11":"shipping-taxable","12":"purchasable","13":"product-type-simple"},"acf":[],"aioseo_notices":[],"_links":{"self":[{"href":"https:\/\/protego.md\/ro\/wp-json\/wp\/v2\/product\/9671","targetHints":{"allow":["GET"]}}],"collection":[{"href":"https:\/\/protego.md\/ro\/wp-json\/wp\/v2\/product"}],"about":[{"href":"https:\/\/protego.md\/ro\/wp-json\/wp\/v2\/types\/product"}],"wp:featuredmedia":[{"embeddable":true,"href":"https:\/\/protego.md\/ro\/wp-json\/wp\/v2\/media\/9672"}],"wp:attachment":[{"href":"https:\/\/protego.md\/ro\/wp-json\/wp\/v2\/media?parent=9671"}],"wp:term":[{"taxonomy":"product_brand","embeddable":true,"href":"https:\/\/protego.md\/ro\/wp-json\/wp\/v2\/product_brand?post=9671"},{"taxonomy":"product_cat","embeddable":true,"href":"https:\/\/protego.md\/ro\/wp-json\/wp\/v2\/product_cat?post=9671"},{"taxonomy":"product_tag","embeddable":true,"href":"https:\/\/protego.md\/ro\/wp-json\/wp\/v2\/product_tag?post=9671"}],"curies":[{"name":"wp","href":"https:\/\/api.w.org\/{rel}","templated":true}]}}