{"id":9670,"date":"2026-05-06T11:22:41","date_gmt":"2026-05-06T08:22:41","guid":{"rendered":"https:\/\/protego.md\/?post_type=product&#038;p=9670"},"modified":"2026-05-06T11:23:43","modified_gmt":"2026-05-06T08:23:43","slug":"ru-odinarnaya-uderzhivayushhaya-verevka-fp20-ro-funie-single-restraint-fp20","status":"publish","type":"product","link":"https:\/\/protego.md\/ro\/product\/ru-odinarnaya-uderzhivayushhaya-verevka-fp20-ro-funie-single-restraint-fp20\/","title":{"rendered":"Funie Single Restraint-FP20"},"content":{"rendered":"","protected":false},"excerpt":{"rendered":"<p>Produsul este confectionat din funie de poliester 150cm cu carlig si carabiniera.<\/p>\n<p>Caracteristici<br \/>\nCutie de v\u00e2nzare cu am\u0103nuntul care ajut\u0103 la prezentarea pentru v\u00e2nzarea cu am\u0103nuntul<br \/>\nMarcat UKCA<br \/>\nCertificare CE<br \/>\nPerioada de valabilitate de 10 ani de la data de fabrica\u021bie men\u021bionat\u0103 pe eticheta produsului<br \/>\nSarcin\u0103 nominal\u0103 maxim\u0103 100kg<br \/>\nPotrivit unei game largi de aplicatii<br \/>\nBucle protejate de degetare rezistente la abraziune<br \/>\nDeschidere c\u00e2rlig de 52 mm<br \/>\nDeschidere carabinier de 19 mm<br \/>\nMateriale<br \/>\nPlasa Poliester, Aliaj de otel tratat termic, Aluminiu<\/p>\n","protected":false},"featured_media":5455,"template":"","meta":[],"product_brand":[],"product_cat":[230,78],"product_tag":[],"class_list":{"0":"post-9670","1":"product","2":"type-product","3":"status-publish","4":"has-post-thumbnail","6":"product_cat-protectie-impotriva-caderilor","7":"product_cat-individual-protect","9":"first","10":"instock","11":"shipping-taxable","12":"purchasable","13":"product-type-simple"},"acf":[],"aioseo_notices":[],"_links":{"self":[{"href":"https:\/\/protego.md\/ro\/wp-json\/wp\/v2\/product\/9670","targetHints":{"allow":["GET"]}}],"collection":[{"href":"https:\/\/protego.md\/ro\/wp-json\/wp\/v2\/product"}],"about":[{"href":"https:\/\/protego.md\/ro\/wp-json\/wp\/v2\/types\/product"}],"wp:featuredmedia":[{"embeddable":true,"href":"https:\/\/protego.md\/ro\/wp-json\/wp\/v2\/media\/5455"}],"wp:attachment":[{"href":"https:\/\/protego.md\/ro\/wp-json\/wp\/v2\/media?parent=9670"}],"wp:term":[{"taxonomy":"product_brand","embeddable":true,"href":"https:\/\/protego.md\/ro\/wp-json\/wp\/v2\/product_brand?post=9670"},{"taxonomy":"product_cat","embeddable":true,"href":"https:\/\/protego.md\/ro\/wp-json\/wp\/v2\/product_cat?post=9670"},{"taxonomy":"product_tag","embeddable":true,"href":"https:\/\/protego.md\/ro\/wp-json\/wp\/v2\/product_tag?post=9670"}],"curies":[{"name":"wp","href":"https:\/\/api.w.org\/{rel}","templated":true}]}}