{"id":9667,"date":"2026-05-06T11:13:33","date_gmt":"2026-05-06T08:13:33","guid":{"rendered":"https:\/\/protego.md\/?post_type=product&#038;p=9667"},"modified":"2026-05-06T11:16:08","modified_gmt":"2026-05-06T08:16:08","slug":"ru-remen-bezopasnosti-portwest-ham-fp11-ro-ham-portwest-fp11","status":"publish","type":"product","link":"https:\/\/protego.md\/ro\/product\/ru-remen-bezopasnosti-portwest-ham-fp11-ro-ham-portwest-fp11\/","title":{"rendered":"Ham Portwest FP11"},"content":{"rendered":"<p>Ham ergonomic cu inel D dorsal. Dispune de dou\u0103 bucle toracice, un sp\u0103tar din spate conturat, dou\u0103 inele D laterale \u0219i catarame cu bare plate care sunt u\u0219or de folosit \u0219i care nu protejeaza \u00een siguran\u021b\u0103. Confectionat folosind curele de poliester pentru durabilitate maxim\u0103. Dispozitivele de ajustare a taliei, pieptului \u0219i piciorului ofer\u0103 o potrivire excelent\u0103 \u0219i confort pentru utilizatori.<\/p>\n<p>Caracteristici<br \/>\nCertificare CE<br \/>\nCutie de v\u00e2nzare cu am\u0103nuntul care ajut\u0103 la prezentarea pentru v\u00e2nzarea cu am\u0103nuntul<br \/>\nSarcin\u0103 nominal\u0103 maxim\u0103 100kg<br \/>\nCatarame metalice durabile cu acces u\u0219or<br \/>\nBucle piept<br \/>\nInel- D posterior pentru chei sau card ID<\/p>\n<p>Materiale<br \/>\nPlasa Poliester, Aliaj de otel tratat termic<\/p>","protected":false},"excerpt":{"rendered":"<p>Potrivit pentru protectia anticadere si reglarea pozitiei de lucru, hamul nostru complet este usor si usor de folosit, permitand o adaptare sigura<\/p>\n<p>Caracteristici<br \/>\nDorsal D-ring<br \/>\nCatarame cu bare plate<br \/>\nCapac de inspec\u021bie pentru protec\u021bia etichetei produsului<br \/>\nPuncte de ajustare pentru piept si picioare.<br \/>\nPrinderi durabile cu rezisten\u021b\u0103 mare la rupere<br \/>\nSarcin\u0103 nominal\u0103 maxim\u0103 100kg<br \/>\nTermen de valabilitate de 10 ani de la data de fabrica\u021bie men\u021bionat\u0103 pe eticheta produsului<br \/>\nCertificare CE<br \/>\nCutie de v\u00e2nzare cu am\u0103nuntul care ajut\u0103 la prezentarea pentru v\u00e2nzarea cu am\u0103nuntul<\/p>\n<p>Materiale<br \/>\nPlasa Poliester, Aliaj de otel tratat termic<\/p>\n","protected":false},"featured_media":9668,"template":"","meta":[],"product_brand":[],"product_cat":[230,78],"product_tag":[],"class_list":{"0":"post-9667","1":"product","2":"type-product","3":"status-publish","4":"has-post-thumbnail","6":"product_cat-protectie-impotriva-caderilor","7":"product_cat-individual-protect","9":"first","10":"instock","11":"shipping-taxable","12":"purchasable","13":"product-type-simple"},"acf":[],"aioseo_notices":[],"_links":{"self":[{"href":"https:\/\/protego.md\/ro\/wp-json\/wp\/v2\/product\/9667","targetHints":{"allow":["GET"]}}],"collection":[{"href":"https:\/\/protego.md\/ro\/wp-json\/wp\/v2\/product"}],"about":[{"href":"https:\/\/protego.md\/ro\/wp-json\/wp\/v2\/types\/product"}],"wp:featuredmedia":[{"embeddable":true,"href":"https:\/\/protego.md\/ro\/wp-json\/wp\/v2\/media\/9668"}],"wp:attachment":[{"href":"https:\/\/protego.md\/ro\/wp-json\/wp\/v2\/media?parent=9667"}],"wp:term":[{"taxonomy":"product_brand","embeddable":true,"href":"https:\/\/protego.md\/ro\/wp-json\/wp\/v2\/product_brand?post=9667"},{"taxonomy":"product_cat","embeddable":true,"href":"https:\/\/protego.md\/ro\/wp-json\/wp\/v2\/product_cat?post=9667"},{"taxonomy":"product_tag","embeddable":true,"href":"https:\/\/protego.md\/ro\/wp-json\/wp\/v2\/product_tag?post=9667"}],"curies":[{"name":"wp","href":"https:\/\/api.w.org\/{rel}","templated":true}]}}