{"id":9661,"date":"2026-05-06T11:04:21","date_gmt":"2026-05-06T08:04:21","guid":{"rendered":"https:\/\/protego.md\/?post_type=product&#038;p=9661"},"modified":"2026-05-06T11:08:33","modified_gmt":"2026-05-06T08:08:33","slug":"ru-remen-bezopasnosti-portwest-ultra-fp-72-ro-ham-portwest-ultra-2-puncte-fp72","status":"publish","type":"product","link":"https:\/\/protego.md\/ro\/product\/ru-remen-bezopasnosti-portwest-ultra-fp-72-ro-ham-portwest-ultra-2-puncte-fp72\/","title":{"rendered":"Ham Portwest Ultra 2 Puncte FP72"},"content":{"rendered":"","protected":false},"excerpt":{"rendered":"<p>Acest ham complet are inel D dorsal \u0219i dou\u0103 puncte \u00een piept. Catarame rapide de deblocare pentru punerea u\u0219oar\u0103 \u0219i 3 puncte de reglare. Indicatoarele de rupere sunt instalate pentru a facilita inspec\u021biile<\/p>\n<p>Caracteristici<br \/>\nInel -D frontal si posterior<br \/>\nIndicatori de cadere<br \/>\nBenzi ajustabile pentru umeri, piept si picioare<br \/>\nCataram\u0103 ergonomic\u0103 cu eliberare rapid\u0103<br \/>\nDisponibil \u00een dou\u0103 m\u0103rimi pentru o potrivire perfect\u0103<br \/>\nCapac de inspec\u021bie pentru protec\u021bia etichetei produsului<br \/>\nPrinderi durabile cu rezisten\u021b\u0103 mare la rupere<br \/>\nSarcin\u0103 nominal\u0103 maxim\u0103 140kg<br \/>\nTermen de valabilitate de 10 ani de la data de fabrica\u021bie men\u021bionat\u0103 pe eticheta produsului<br \/>\nCertificare CE<br \/>\nCutie de v\u00e2nzare cu am\u0103nuntul care ajut\u0103 la prezentarea pentru v\u00e2nzarea cu am\u0103nuntul<\/p>\n<p>Materiale<br \/>\nPlasa Nailon, Aliaj de otel tratat termic<\/p>\n","protected":false},"featured_media":9662,"template":"","meta":[],"product_brand":[],"product_cat":[230,78],"product_tag":[],"class_list":{"0":"post-9661","1":"product","2":"type-product","3":"status-publish","4":"has-post-thumbnail","6":"product_cat-protectie-impotriva-caderilor","7":"product_cat-individual-protect","9":"first","10":"instock","11":"shipping-taxable","12":"purchasable","13":"product-type-simple"},"acf":[],"aioseo_notices":[],"_links":{"self":[{"href":"https:\/\/protego.md\/ro\/wp-json\/wp\/v2\/product\/9661","targetHints":{"allow":["GET"]}}],"collection":[{"href":"https:\/\/protego.md\/ro\/wp-json\/wp\/v2\/product"}],"about":[{"href":"https:\/\/protego.md\/ro\/wp-json\/wp\/v2\/types\/product"}],"wp:featuredmedia":[{"embeddable":true,"href":"https:\/\/protego.md\/ro\/wp-json\/wp\/v2\/media\/9662"}],"wp:attachment":[{"href":"https:\/\/protego.md\/ro\/wp-json\/wp\/v2\/media?parent=9661"}],"wp:term":[{"taxonomy":"product_brand","embeddable":true,"href":"https:\/\/protego.md\/ro\/wp-json\/wp\/v2\/product_brand?post=9661"},{"taxonomy":"product_cat","embeddable":true,"href":"https:\/\/protego.md\/ro\/wp-json\/wp\/v2\/product_cat?post=9661"},{"taxonomy":"product_tag","embeddable":true,"href":"https:\/\/protego.md\/ro\/wp-json\/wp\/v2\/product_tag?post=9661"}],"curies":[{"name":"wp","href":"https:\/\/api.w.org\/{rel}","templated":true}]}}