{"id":9653,"date":"2026-05-06T10:51:45","date_gmt":"2026-05-06T07:51:45","guid":{"rendered":"https:\/\/protego.md\/?post_type=product&#038;p=9653"},"modified":"2026-05-06T10:54:05","modified_gmt":"2026-05-06T07:54:05","slug":"ru-berushi-ep09-portwest-ro-antifon-intern-ep09-portwest","status":"publish","type":"product","link":"https:\/\/protego.md\/ro\/product\/ru-berushi-ep09-portwest-ro-antifon-intern-ep09-portwest\/","title":{"rendered":"Antifon intern  EP09 PORTWEST"},"content":{"rendered":"","protected":false},"excerpt":{"rendered":"<p>Experimenta\u021bi un confort \u0219i o protec\u021bie imbatabil\u0103 cu dopurile noastre de unic\u0103 folosin\u021b\u0103 \u00een form\u0103 de clopot. Cu un design din spum\u0103 moale care se potrive\u0219te confortabil \u00een canalul urechii \u0219i un cordon convenabil care permite accesul u\u0219or \u0219i depozitarea \u00een jurul g\u00e2tului atunci c\u00e2nd nu este utilizat. Cu o atenuare excelent\u0103 a zgomotului de SNR 37dB \u0219i fiecare pereche ambalat\u0103 individual pentru igien\u0103, aceste dopuri pentru urechi sunt o necesitate pentru orice mediu zgomotos.<\/p>\n<p>Caracteristici<br \/>\nDopuri fonice de unica folosinta realizate din spuma moale din PU<br \/>\nCu cordon pentru pastrare in siguranta<br \/>\nProiectat ergonomic pentru confort \u0219i u\u0219urin\u021b\u0103 \u00een utilizare<br \/>\nExcelenta rata de atenuare<br \/>\nFurnizat \u00eentr-o cutie dispenser portabil\u0103 \u0219i practic\u0103<br \/>\nFiecare pereche ambalata igienic individual in pungi de plastic<br \/>\nUnitatea de vanzare este de 200 perechi<br \/>\nCutie de v\u00e2nzare cu am\u0103nuntul care ajut\u0103 la prezentarea pentru v\u00e2nzarea cu am\u0103nuntul<br \/>\nAmbalate individual pentru automate<br \/>\nCertificare CE<br \/>\nCE-CAT III<\/p>\n","protected":false},"featured_media":9654,"template":"","meta":[],"product_brand":[],"product_cat":[101,78],"product_tag":[],"class_list":{"0":"post-9653","1":"product","2":"type-product","3":"status-publish","4":"has-post-thumbnail","6":"product_cat-head-protection","7":"product_cat-individual-protect","9":"first","10":"instock","11":"shipping-taxable","12":"purchasable","13":"product-type-simple"},"acf":[],"aioseo_notices":[],"_links":{"self":[{"href":"https:\/\/protego.md\/ro\/wp-json\/wp\/v2\/product\/9653","targetHints":{"allow":["GET"]}}],"collection":[{"href":"https:\/\/protego.md\/ro\/wp-json\/wp\/v2\/product"}],"about":[{"href":"https:\/\/protego.md\/ro\/wp-json\/wp\/v2\/types\/product"}],"wp:featuredmedia":[{"embeddable":true,"href":"https:\/\/protego.md\/ro\/wp-json\/wp\/v2\/media\/9654"}],"wp:attachment":[{"href":"https:\/\/protego.md\/ro\/wp-json\/wp\/v2\/media?parent=9653"}],"wp:term":[{"taxonomy":"product_brand","embeddable":true,"href":"https:\/\/protego.md\/ro\/wp-json\/wp\/v2\/product_brand?post=9653"},{"taxonomy":"product_cat","embeddable":true,"href":"https:\/\/protego.md\/ro\/wp-json\/wp\/v2\/product_cat?post=9653"},{"taxonomy":"product_tag","embeddable":true,"href":"https:\/\/protego.md\/ro\/wp-json\/wp\/v2\/product_tag?post=9653"}],"curies":[{"name":"wp","href":"https:\/\/api.w.org\/{rel}","templated":true}]}}