{"id":9649,"date":"2026-05-06T10:44:11","date_gmt":"2026-05-06T07:44:11","guid":{"rendered":"https:\/\/protego.md\/?post_type=product&#038;p=9649"},"modified":"2026-05-06T10:48:23","modified_gmt":"2026-05-06T07:48:23","slug":"ru-perchatki-antihimicheskie-a810-ro-m-nu-i-antichimice-a810","status":"publish","type":"product","link":"https:\/\/protego.md\/ro\/product\/ru-perchatki-antihimicheskie-a810-ro-m-nu-i-antichimice-a810\/","title":{"rendered":"M\u0103nu\u0219i antichimice \u0410810"},"content":{"rendered":"","protected":false},"excerpt":{"rendered":"<p>M\u0103nu\u0219\u0103 rezistenta chimic cu model texturat pentru aderen\u021b\u0103 sporit\u0103. Captusela Flock pentru un plus de confort. Pentru utilizare \u00een industria chimic\u0103, petrol \u0219i produse alimentare.<\/p>\n<p>Caracteristici<br \/>\nManusi cu rezistenta chimica<br \/>\nNitrilul este un cauciuc sintetic foarte rezistent la uleiuri, combustibili, acizi \u0219i baze\/substan\u021be alcaline, oferind \u00een acela\u0219i timp un nivel bun de flexibilitate \u0219i durabilitate<br \/>\nCotton flocking providing enhanced wearer comfort and great moisture absorption<br \/>\nModel texturat pentru aderenta sporita.<br \/>\nPung\u0103 de v\u00e2nzare cu am\u0103nuntul care ajut\u0103 la prezentarea pentru v\u00e2nz\u0103rile cu am\u0103nuntul<br \/>\nCaptuseala pentru confort<br \/>\nGrosime 0.40mm<br \/>\nLungime 320mm<br \/>\nCertificare CE<br \/>\nPRODUCATOR: PORTWEST<\/p>\n","protected":false},"featured_media":9650,"template":"","meta":[],"product_brand":[],"product_cat":[100,78],"product_tag":[],"class_list":{"0":"post-9649","1":"product","2":"type-product","3":"status-publish","4":"has-post-thumbnail","6":"product_cat-arm-protection","7":"product_cat-individual-protect","9":"first","10":"outofstock","11":"shipping-taxable","12":"purchasable","13":"product-type-simple"},"acf":[],"aioseo_notices":[],"_links":{"self":[{"href":"https:\/\/protego.md\/ro\/wp-json\/wp\/v2\/product\/9649","targetHints":{"allow":["GET"]}}],"collection":[{"href":"https:\/\/protego.md\/ro\/wp-json\/wp\/v2\/product"}],"about":[{"href":"https:\/\/protego.md\/ro\/wp-json\/wp\/v2\/types\/product"}],"wp:featuredmedia":[{"embeddable":true,"href":"https:\/\/protego.md\/ro\/wp-json\/wp\/v2\/media\/9650"}],"wp:attachment":[{"href":"https:\/\/protego.md\/ro\/wp-json\/wp\/v2\/media?parent=9649"}],"wp:term":[{"taxonomy":"product_brand","embeddable":true,"href":"https:\/\/protego.md\/ro\/wp-json\/wp\/v2\/product_brand?post=9649"},{"taxonomy":"product_cat","embeddable":true,"href":"https:\/\/protego.md\/ro\/wp-json\/wp\/v2\/product_cat?post=9649"},{"taxonomy":"product_tag","embeddable":true,"href":"https:\/\/protego.md\/ro\/wp-json\/wp\/v2\/product_tag?post=9649"}],"curies":[{"name":"wp","href":"https:\/\/api.w.org\/{rel}","templated":true}]}}