{"id":9611,"date":"2026-04-06T11:53:03","date_gmt":"2026-04-06T08:53:03","guid":{"rendered":"https:\/\/protego.md\/?post_type=product&#038;p=9611"},"modified":"2026-04-06T11:56:23","modified_gmt":"2026-04-06T08:56:23","slug":"ru-polubotinki-rabochie-avangarde-tex-ro-pantofi-de-protectie-avangarde-tex","status":"publish","type":"product","link":"https:\/\/protego.md\/ro\/product\/ru-polubotinki-rabochie-avangarde-tex-ro-pantofi-de-protectie-avangarde-tex\/","title":{"rendered":"Pantofi de protectie Avangarde-Tex"},"content":{"rendered":"","protected":false},"excerpt":{"rendered":"<p>\u00cenc\u0103l\u021b\u0103minte de protec\u021bie cu un design atractiv \u0219i modern, realizat\u0103 din material tricotat gri, cu v\u00e2rf metalic. V\u00e2rful metalic protejeaz\u0103 degetele utilizatorului \u00eempotriva impactului cu energie de 200 +\/-4 J \u0219i \u00eenainte de comprimare sub sarcin\u0103 de compresiune de 15 +\/- 0,1 kN.<\/p>\n<p>Categorie de protec\u021bie: S1 SRC<\/p>\n<p>Descriere:<\/p>\n<p>&#8211; partea superioar\u0103 realizat\u0103 din material tricotat gri durabil, \u00eent\u0103rit cu un strat TPU \u0219i rigidizare suplimentar\u0103 \u00een zona c\u0103lc\u00e2iului,<\/p>\n<p>&#8211; pantofi cu \u0219iret,<\/p>\n<p>&#8211; talp\u0103 PU\/PU, realizat\u0103 prin injec\u021bie direct\u0103, rezistent\u0103 la ulei diesel, benzin\u0103 \u0219i al\u021bi solven\u021bi organici,<\/p>\n<p>&#8211; protec\u021bie \u00eempotriva alunec\u0103rii,<\/p>\n<p>&#8211; c\u0103ptu\u0219eal\u0103 confortabil\u0103 din material textil negru,<\/p>\n<p>&#8211; limb\u0103 \u0219i guler moi din material textil, care cresc confortul la utilizare,<\/p>\n<p>&#8211; bran\u021b deta\u0219abil.<\/p>\n","protected":false},"featured_media":9612,"template":"","meta":[],"product_brand":[],"product_cat":[75,97],"product_tag":[],"class_list":{"0":"post-9611","1":"product","2":"type-product","3":"status-publish","4":"has-post-thumbnail","6":"product_cat-footwear","7":"product_cat-summer-shoes","9":"first","10":"instock","11":"shipping-taxable","12":"purchasable","13":"product-type-simple"},"acf":[],"aioseo_notices":[],"_links":{"self":[{"href":"https:\/\/protego.md\/ro\/wp-json\/wp\/v2\/product\/9611","targetHints":{"allow":["GET"]}}],"collection":[{"href":"https:\/\/protego.md\/ro\/wp-json\/wp\/v2\/product"}],"about":[{"href":"https:\/\/protego.md\/ro\/wp-json\/wp\/v2\/types\/product"}],"wp:featuredmedia":[{"embeddable":true,"href":"https:\/\/protego.md\/ro\/wp-json\/wp\/v2\/media\/9612"}],"wp:attachment":[{"href":"https:\/\/protego.md\/ro\/wp-json\/wp\/v2\/media?parent=9611"}],"wp:term":[{"taxonomy":"product_brand","embeddable":true,"href":"https:\/\/protego.md\/ro\/wp-json\/wp\/v2\/product_brand?post=9611"},{"taxonomy":"product_cat","embeddable":true,"href":"https:\/\/protego.md\/ro\/wp-json\/wp\/v2\/product_cat?post=9611"},{"taxonomy":"product_tag","embeddable":true,"href":"https:\/\/protego.md\/ro\/wp-json\/wp\/v2\/product_tag?post=9611"}],"curies":[{"name":"wp","href":"https:\/\/api.w.org\/{rel}","templated":true}]}}