{"id":9608,"date":"2026-04-06T11:29:36","date_gmt":"2026-04-06T08:29:36","guid":{"rendered":"https:\/\/protego.md\/?post_type=product&#038;p=9608"},"modified":"2026-04-06T11:37:49","modified_gmt":"2026-04-06T08:37:49","slug":"ru-tufli-zashhitnye-avangarde-bp-blue-ro-pantofi-de-protectie-avangarde-bp-blue","status":"publish","type":"product","link":"https:\/\/protego.md\/ro\/product\/ru-tufli-zashhitnye-avangarde-bp-blue-ro-pantofi-de-protectie-avangarde-bp-blue\/","title":{"rendered":"Pantofi de protectie AVANGARDE BP Blue"},"content":{"rendered":"","protected":false},"excerpt":{"rendered":"<p>\u00cenc\u0103l\u021b\u0103minte de siguran\u021b\u0103, categoria de protec\u021bie S1 FO SR<\/p>\n<p>Pantof de protectie cu bombeu de metal cu un design modern atractiv, din piele nubuck cu grosimea de 1,6 &#8211; 1,8 mm, cu capac compozit, ofera o rezistenta la impact de 200 +\/-4 J si la strivire de pana la 15 kN, ceea ce este mai usor decat un capac metalic. Cus\u0103turile pe partea superioar\u0103 m\u0103resc durabilitatea \u00eenc\u0103l\u021b\u0103mintei.<\/p>\n","protected":false},"featured_media":9609,"template":"","meta":[],"product_brand":[],"product_cat":[75,97],"product_tag":[],"class_list":{"0":"post-9608","1":"product","2":"type-product","3":"status-publish","4":"has-post-thumbnail","6":"product_cat-footwear","7":"product_cat-summer-shoes","9":"first","10":"instock","11":"shipping-taxable","12":"purchasable","13":"product-type-simple"},"acf":[],"aioseo_notices":[],"_links":{"self":[{"href":"https:\/\/protego.md\/ro\/wp-json\/wp\/v2\/product\/9608","targetHints":{"allow":["GET"]}}],"collection":[{"href":"https:\/\/protego.md\/ro\/wp-json\/wp\/v2\/product"}],"about":[{"href":"https:\/\/protego.md\/ro\/wp-json\/wp\/v2\/types\/product"}],"wp:featuredmedia":[{"embeddable":true,"href":"https:\/\/protego.md\/ro\/wp-json\/wp\/v2\/media\/9609"}],"wp:attachment":[{"href":"https:\/\/protego.md\/ro\/wp-json\/wp\/v2\/media?parent=9608"}],"wp:term":[{"taxonomy":"product_brand","embeddable":true,"href":"https:\/\/protego.md\/ro\/wp-json\/wp\/v2\/product_brand?post=9608"},{"taxonomy":"product_cat","embeddable":true,"href":"https:\/\/protego.md\/ro\/wp-json\/wp\/v2\/product_cat?post=9608"},{"taxonomy":"product_tag","embeddable":true,"href":"https:\/\/protego.md\/ro\/wp-json\/wp\/v2\/product_tag?post=9608"}],"curies":[{"name":"wp","href":"https:\/\/api.w.org\/{rel}","templated":true}]}}