{"id":9586,"date":"2026-04-01T10:41:39","date_gmt":"2026-04-01T07:41:39","guid":{"rendered":"https:\/\/protego.md\/?post_type=product&#038;p=9586"},"modified":"2026-04-01T14:54:14","modified_gmt":"2026-04-01T11:54:14","slug":"ru-botinki-zashhitnye-outdoor-s3-ro-papuci-de-protectie-outdoor-s3","status":"publish","type":"product","link":"https:\/\/protego.md\/ro\/product\/ru-botinki-zashhitnye-outdoor-s3-ro-papuci-de-protectie-outdoor-s3\/","title":{"rendered":"Papuci de protectie OUTDOOR S3"},"content":{"rendered":"","protected":false},"excerpt":{"rendered":"<p>Material superior: Crazy Horse &#8211; piele de cioc de calitate superioara, elastica. Rezistenta la apa &#8211; de pana la 180 de ori in spalari dinamice (de 3 ori mai mare decat in mod normal). Permeabilitatea la vapori este de 6-8 ori mai mare dec\u00e2t \u00een \u200b\u200bmod normal. Grosime 1,8-2,0 mm.<\/p>\n<p>C\u0103ptu\u0219eal\u0103: Air Surf Fabric este realizat\u0103 din material 3-D plas\u0103 sintetic\u0103 cu o structur\u0103 voluminoas\u0103.<br \/>\nTalp\u0103: antistatic\u0103, dublu poliuretan, talp\u0103 PU-PU Anti-alunecare. Preparat folosind o re\u021bet\u0103 special dezvoltat\u0103 pentru poliuretan BASF. Mingea de mers mi\u0219c\u0103 suporturile p\u00e2n\u0103 c\u00e2nd este forjat\u0103. Bila din mijloc este realizat\u0103 din poliuretan moale spumos. Acesta preia rolul de a stinge energia \u00een timpul efortului intens. Talpa este marcat\u0103 ca rezistent\u0103 la ulei \u0219i benzin\u0103 (RESISTENT\u0102 LA ULEI), antistatic\u0103 (ANTISTATIC\u0102), absorbant\u0103 de \u0219oc (SHOCK ABSORBER). Metoda de fixare unic\u0103: litiu.<\/p>\n","protected":false},"featured_media":9592,"template":"","meta":[],"product_brand":[],"product_cat":[75,97],"product_tag":[],"class_list":{"0":"post-9586","1":"product","2":"type-product","3":"status-publish","4":"has-post-thumbnail","6":"product_cat-footwear","7":"product_cat-summer-shoes","9":"first","10":"instock","11":"shipping-taxable","12":"purchasable","13":"product-type-variable"},"acf":[],"aioseo_notices":[],"_links":{"self":[{"href":"https:\/\/protego.md\/ro\/wp-json\/wp\/v2\/product\/9586","targetHints":{"allow":["GET"]}}],"collection":[{"href":"https:\/\/protego.md\/ro\/wp-json\/wp\/v2\/product"}],"about":[{"href":"https:\/\/protego.md\/ro\/wp-json\/wp\/v2\/types\/product"}],"wp:featuredmedia":[{"embeddable":true,"href":"https:\/\/protego.md\/ro\/wp-json\/wp\/v2\/media\/9592"}],"wp:attachment":[{"href":"https:\/\/protego.md\/ro\/wp-json\/wp\/v2\/media?parent=9586"}],"wp:term":[{"taxonomy":"product_brand","embeddable":true,"href":"https:\/\/protego.md\/ro\/wp-json\/wp\/v2\/product_brand?post=9586"},{"taxonomy":"product_cat","embeddable":true,"href":"https:\/\/protego.md\/ro\/wp-json\/wp\/v2\/product_cat?post=9586"},{"taxonomy":"product_tag","embeddable":true,"href":"https:\/\/protego.md\/ro\/wp-json\/wp\/v2\/product_tag?post=9586"}],"curies":[{"name":"wp","href":"https:\/\/api.w.org\/{rel}","templated":true}]}}