{"id":9558,"date":"2026-03-26T17:29:09","date_gmt":"2026-03-26T14:29:09","guid":{"rendered":"https:\/\/protego.md\/?post_type=product&#038;p=9558"},"modified":"2026-03-26T17:32:56","modified_gmt":"2026-03-26T14:32:56","slug":"ru-polukombinezon-master-clasic-grey-ro-semisalopeta-master-clasic-grey","status":"publish","type":"product","link":"https:\/\/protego.md\/ro\/product\/ru-polukombinezon-master-clasic-grey-ro-semisalopeta-master-clasic-grey\/","title":{"rendered":"Semisalopeta Master-CLASIC GREY"},"content":{"rendered":"<p>Semi salopeta MASTER PROFESIONAL CU UN EXCEP\u021aIONAL DESIGN ATRACTIV \u0218I O EXCELENTA FUNC\u021aIONALITATE. F\u0102CUT DIN \u021aES\u0102TUR\u0102 SPECIALIZATA, FOARTE DENSA 65% \u0218I 35% BUMBAC 320 +\/- 10 grame \/ 1m2.<br \/>\nCaracteristici:<br \/>\n&#8211; cusutul profesional \u0219i manopera estetic\u0103<br \/>\n&#8211; cus\u0103turi triple \u0219i duble \u0219i multe \u0219uruburi solide care consolideaz\u0103 suplimentar locurile expuse la rupere<br \/>\n&#8211; 6 buzunare \u0219i buzunar suplimentar \u00eent\u0103rit pentru regula de pliere<br \/>\n&#8211; \u00eent\u0103rire pe buzunarele din spate<br \/>\n&#8211; 2 buzunare cusute pentru genunchi care permit aplicarea genunchiurilor schimbabile<br \/>\n&#8211; bretele late cu cauciuc dens \u0219i catarame solide<br \/>\n&#8211; sistem confortabil \u0219i practic de reglare a m\u0103rimii taliei<br \/>\n&#8211; contrac\u021bie foarte sc\u0103zut\u0103, chiar \u0219i dup\u0103 sp\u0103larea repetat\u0103<br \/>\n&#8211; stabilitatea culorii<br \/>\n&#8211; culori: o\u021bel + negru + portocaliu<\/p>","protected":false},"excerpt":{"rendered":"<p>Descriere:<\/p>\n<p>&#8211; designul modern \u0219i ergonomic face ca pantalonii cu bretele nu doar s\u0103 \u00ee\u0219i \u00eendeplineasc\u0103 func\u021bia de \u00eembr\u0103c\u0103minte de lucru, ci s\u0103 arate \u0219i elegant \u0219i profesional,<\/p>\n<p>&#8211; o combina\u021bie modern\u0103 de cus\u0103turi verzi spore\u0219te valoarea estetic\u0103 \u0219i vizual\u0103 a pantalonilor,<\/p>\n<p>&#8211; cus\u0103turi profesionale \u0219i estetic\u0103 a execu\u021biei,<\/p>\n<p>&#8211; cus\u0103turi triple \u0219i numeroase cus\u0103turi solide pentru bare, care \u00eent\u0103resc locurile deosebit de expuse la rupere,<\/p>\n<p>&#8211; buzunar la coaps\u0103 cu clap\u0103 cu \u00eenchidere Velcro, cu un buzunar suplimentar cu fermoar,<\/p>\n<p>&#8211; buzunare func\u021bionale \u0219i buzunare mici suplimentare pe fa\u021b\u0103, spate \u0219i pe craci,<\/p>\n<p>&#8211; 2 buzunare la genunchi cu deschidere \u00een partea de jos \u0219i \u00eenchidere Velcro pentru genunchiere,<\/p>\n<p>&#8211; \u00eent\u0103rituri suplimentare ale buzunarelor, care le protejeaz\u0103 \u00eempotriva perfora\u021biilor, fabricate din material rezistent de poliester 600D,<\/p>\n<p>&#8211; buzunarele din spate au clape fixate cu Velcro,<\/p>\n<p>&#8211; sistem confortabil \u0219i practic de ajustare a taliei cu band\u0103 elastic\u0103 \u0219i nasturi dubli care permit o ajustare suplimentar\u0103,<\/p>\n<p>&#8211; bretele late cu band\u0103 elastic\u0103 \u0219i catarame,<\/p>\n<p>&#8211; contrac\u021bie foarte redus\u0103, chiar \u0219i dup\u0103 sp\u0103l\u0103ri repetate,<\/p>\n<p>&#8211; stabilitate a culorii.<\/p>\n","protected":false},"featured_media":9571,"template":"","meta":[],"product_brand":[],"product_cat":[85,17],"product_tag":[],"class_list":{"0":"post-9558","1":"product","2":"type-product","3":"status-publish","4":"has-post-thumbnail","6":"product_cat-winter-overalls-summer","7":"product_cat-clothing","9":"first","10":"instock","11":"shipping-taxable","12":"purchasable","13":"product-type-variable"},"acf":[],"aioseo_notices":[],"_links":{"self":[{"href":"https:\/\/protego.md\/ro\/wp-json\/wp\/v2\/product\/9558","targetHints":{"allow":["GET"]}}],"collection":[{"href":"https:\/\/protego.md\/ro\/wp-json\/wp\/v2\/product"}],"about":[{"href":"https:\/\/protego.md\/ro\/wp-json\/wp\/v2\/types\/product"}],"wp:featuredmedia":[{"embeddable":true,"href":"https:\/\/protego.md\/ro\/wp-json\/wp\/v2\/media\/9571"}],"wp:attachment":[{"href":"https:\/\/protego.md\/ro\/wp-json\/wp\/v2\/media?parent=9558"}],"wp:term":[{"taxonomy":"product_brand","embeddable":true,"href":"https:\/\/protego.md\/ro\/wp-json\/wp\/v2\/product_brand?post=9558"},{"taxonomy":"product_cat","embeddable":true,"href":"https:\/\/protego.md\/ro\/wp-json\/wp\/v2\/product_cat?post=9558"},{"taxonomy":"product_tag","embeddable":true,"href":"https:\/\/protego.md\/ro\/wp-json\/wp\/v2\/product_tag?post=9558"}],"curies":[{"name":"wp","href":"https:\/\/api.w.org\/{rel}","templated":true}]}}