{"id":9485,"date":"2026-03-02T16:26:43","date_gmt":"2026-03-02T13:26:43","guid":{"rendered":"https:\/\/protego.md\/?post_type=product&#038;p=9485"},"modified":"2026-03-02T16:31:01","modified_gmt":"2026-03-02T13:31:01","slug":"ru-polubotinki-rabochie-aaks1p-low-ro-pantofi-de-protectie-aaks1p-low","status":"publish","type":"product","link":"https:\/\/protego.md\/ro\/product\/ru-polubotinki-rabochie-aaks1p-low-ro-pantofi-de-protectie-aaks1p-low\/","title":{"rendered":"Pantofi de protectie AAKS1P LOW"},"content":{"rendered":"","protected":false},"excerpt":{"rendered":"<p>\u00cenc\u0103l\u021b\u0103minte de siguran\u021b\u0103 cu v\u00e2rf compozit<br \/>\nU\u0219oare ca spa\u021biul, puternice ca o piatr\u0103. Asta rezum\u0103 cel mai bine aceste \u00eenc\u0103l\u021b\u0103minte de siguran\u021b\u0103 u\u0219oare. Pantofii no\u0219tri de siguran\u021b\u0103 la mod\u0103 AAK S1P sunt complet f\u0103r\u0103 metal, cu o talp\u0103 intermediar\u0103 u\u0219oar\u0103 rezistent\u0103 la perforare \u0219i un v\u00e2rf compozit. Ace\u0219tia dispun de ESD, o talp\u0103 exterioar\u0103 din cauciuc antiderapant \u0219i o parte superioar\u0103 respirabil\u0103. Ace\u0219ti \u00eenc\u0103l\u021b\u0103minte de siguran\u021b\u0103 ofer\u0103 o potrivire extra larg\u0103 \u0219i sunt potrivi\u021bi pentru aplica\u021bii u\u0219oare \u00een medii uscate.<\/p>\n","protected":false},"featured_media":9486,"template":"","meta":[],"product_brand":[],"product_cat":[75,97],"product_tag":[],"class_list":{"0":"post-9485","1":"product","2":"type-product","3":"status-publish","4":"has-post-thumbnail","6":"product_cat-footwear","7":"product_cat-summer-shoes","9":"first","10":"instock","11":"shipping-taxable","12":"purchasable","13":"product-type-simple"},"acf":[],"aioseo_notices":[],"_links":{"self":[{"href":"https:\/\/protego.md\/ro\/wp-json\/wp\/v2\/product\/9485","targetHints":{"allow":["GET"]}}],"collection":[{"href":"https:\/\/protego.md\/ro\/wp-json\/wp\/v2\/product"}],"about":[{"href":"https:\/\/protego.md\/ro\/wp-json\/wp\/v2\/types\/product"}],"wp:featuredmedia":[{"embeddable":true,"href":"https:\/\/protego.md\/ro\/wp-json\/wp\/v2\/media\/9486"}],"wp:attachment":[{"href":"https:\/\/protego.md\/ro\/wp-json\/wp\/v2\/media?parent=9485"}],"wp:term":[{"taxonomy":"product_brand","embeddable":true,"href":"https:\/\/protego.md\/ro\/wp-json\/wp\/v2\/product_brand?post=9485"},{"taxonomy":"product_cat","embeddable":true,"href":"https:\/\/protego.md\/ro\/wp-json\/wp\/v2\/product_cat?post=9485"},{"taxonomy":"product_tag","embeddable":true,"href":"https:\/\/protego.md\/ro\/wp-json\/wp\/v2\/product_tag?post=9485"}],"curies":[{"name":"wp","href":"https:\/\/api.w.org\/{rel}","templated":true}]}}