{"id":9483,"date":"2026-03-02T16:21:34","date_gmt":"2026-03-02T13:21:34","guid":{"rendered":"https:\/\/protego.md\/?post_type=product&#038;p=9483"},"modified":"2026-03-02T16:25:11","modified_gmt":"2026-03-02T13:25:11","slug":"ru-polubotinki-rabochie-lightstar-s1ps-ro-pantofi-de-protectie-lightstar-s1ps","status":"publish","type":"product","link":"https:\/\/protego.md\/ro\/product\/ru-polubotinki-rabochie-lightstar-s1ps-ro-pantofi-de-protectie-lightstar-s1ps\/","title":{"rendered":"Pantofi de protectie LIGHTSTAR S1PS"},"content":{"rendered":"","protected":false},"excerpt":{"rendered":"<p>\u00cenc\u0103l\u021b\u0103minte de lucru u\u0219oar\u0103 cu protec\u021bie S1PS<br \/>\nExperimenta\u021bi o protec\u021bie \u0219i un confort de neegalat cu \u00eenc\u0103l\u021b\u0103mintea de siguran\u021b\u0103 LIGHTSTAR S1PS, conceput\u0103 pentru lucr\u0103torii din sectoarele de asamblare, auto, logistic\u0103 \u0219i industrie. V\u00e2rful compozit ofer\u0103 o protec\u021bie u\u0219oar\u0103 \u0219i f\u0103r\u0103 metal pentru degete, \u00een timp ce talpa interioar\u0103 deta\u0219abil\u0103 ofer\u0103 flexibilitatea de a utiliza propriile bran\u021buri ortopedice. Aceast\u0103 \u00eenc\u0103l\u021b\u0103minte de siguran\u021b\u0103 este perfect\u0103 pentru medii uscate \u0219i suprafe\u021be neuniforme, av\u00e2nd o talp\u0103 intermediar\u0103 rezistent\u0103 la perforare \u0219i rezisten\u021b\u0103 la alunecare. Este f\u0103r\u0103 metal, are o talp\u0103 exterioar\u0103 rezistent\u0103 la c\u0103ldur\u0103 \u0219i este certificat\u0103 ESD pentru protec\u021bia dumneavoastr\u0103. U\u0219oar\u0103, respirabil\u0103 \u0219i accesibil\u0103 &#8211; \u00eenc\u0103l\u021b\u0103mintea de siguran\u021b\u0103 LIGHTSTAR S1PS v\u0103 permite s\u0103 v\u0103 mi\u0219ca\u021bi picioarele liber, men\u021bin\u00e2ndu-le \u00een acela\u0219i timp \u00een siguran\u021b\u0103 \u0219i confortabile pe tot parcursul zilei.<\/p>\n","protected":false},"featured_media":9484,"template":"","meta":[],"product_brand":[],"product_cat":[75,97],"product_tag":[],"class_list":{"0":"post-9483","1":"product","2":"type-product","3":"status-publish","4":"has-post-thumbnail","6":"product_cat-footwear","7":"product_cat-summer-shoes","9":"first","10":"instock","11":"shipping-taxable","12":"purchasable","13":"product-type-simple"},"acf":[],"aioseo_notices":[],"_links":{"self":[{"href":"https:\/\/protego.md\/ro\/wp-json\/wp\/v2\/product\/9483","targetHints":{"allow":["GET"]}}],"collection":[{"href":"https:\/\/protego.md\/ro\/wp-json\/wp\/v2\/product"}],"about":[{"href":"https:\/\/protego.md\/ro\/wp-json\/wp\/v2\/types\/product"}],"wp:featuredmedia":[{"embeddable":true,"href":"https:\/\/protego.md\/ro\/wp-json\/wp\/v2\/media\/9484"}],"wp:attachment":[{"href":"https:\/\/protego.md\/ro\/wp-json\/wp\/v2\/media?parent=9483"}],"wp:term":[{"taxonomy":"product_brand","embeddable":true,"href":"https:\/\/protego.md\/ro\/wp-json\/wp\/v2\/product_brand?post=9483"},{"taxonomy":"product_cat","embeddable":true,"href":"https:\/\/protego.md\/ro\/wp-json\/wp\/v2\/product_cat?post=9483"},{"taxonomy":"product_tag","embeddable":true,"href":"https:\/\/protego.md\/ro\/wp-json\/wp\/v2\/product_tag?post=9483"}],"curies":[{"name":"wp","href":"https:\/\/api.w.org\/{rel}","templated":true}]}}