{"id":9471,"date":"2026-03-02T16:12:32","date_gmt":"2026-03-02T13:12:32","guid":{"rendered":"https:\/\/protego.md\/?post_type=product&#038;p=9471"},"modified":"2026-03-02T16:14:43","modified_gmt":"2026-03-02T13:14:43","slug":"ru-botiki-rabochie-ligero2-s1p-mid-ro-papuci-de-lucru-ligero2-s1p-mid","status":"publish","type":"product","link":"https:\/\/protego.md\/ro\/product\/ru-botiki-rabochie-ligero2-s1p-mid-ro-papuci-de-lucru-ligero2-s1p-mid\/","title":{"rendered":"Papuci de lucru Ligero2 S1P MID"},"content":{"rendered":"","protected":false},"excerpt":{"rendered":"<p>\u00cenc\u0103l\u021b\u0103minte de siguran\u021b\u0103 u\u0219oar\u0103 S1P<br \/>\nU\u0219oar\u0103 ca spa\u021biul, puternic\u0103 ca o piatr\u0103. LIGERO2 S1P este una dintre cele mai u\u0219oare \u00eenc\u0103l\u021b\u0103minte de siguran\u021b\u0103 de pe pia\u021b\u0103, potrivit\u0103 pentru aplica\u021bii u\u0219oare. Aceast\u0103 \u00eenc\u0103l\u021b\u0103minte u\u0219oar\u0103 ofer\u0103 protec\u021bie f\u0103r\u0103 metal, cu un v\u00e2rf ultrau\u0219or din nanocarbon \u0219i o talp\u0103 intermediar\u0103 ne\u021besut\u0103 rezistent\u0103 la perforare, care protejeaz\u0103 \u00eempotriva strivirii \u0219i perfor\u0103rii degetelor de la picioare. De asemenea, dispune de o talp\u0103 exterioar\u0103 antiderapant\u0103, o parte superioar\u0103 respirabil\u0103 \u0219i un bran\u021b deta\u0219abil din spum\u0103 cu absorb\u021bie suplimentar\u0103 a \u0219ocurilor. LIGERO2 S1P ofer\u0103 o potrivire larg\u0103 \u0219i este fabricat\u0103 din materiale robuste care rezist\u0103 la uzur\u0103.<\/p>\n","protected":false},"featured_media":9472,"template":"","meta":[],"product_brand":[],"product_cat":[98,75,97],"product_tag":[],"class_list":{"0":"post-9471","1":"product","2":"type-product","3":"status-publish","4":"has-post-thumbnail","6":"product_cat-winter-shoes","7":"product_cat-footwear","8":"product_cat-summer-shoes","10":"first","11":"instock","12":"shipping-taxable","13":"purchasable","14":"product-type-simple"},"acf":[],"aioseo_notices":[],"_links":{"self":[{"href":"https:\/\/protego.md\/ro\/wp-json\/wp\/v2\/product\/9471","targetHints":{"allow":["GET"]}}],"collection":[{"href":"https:\/\/protego.md\/ro\/wp-json\/wp\/v2\/product"}],"about":[{"href":"https:\/\/protego.md\/ro\/wp-json\/wp\/v2\/types\/product"}],"wp:featuredmedia":[{"embeddable":true,"href":"https:\/\/protego.md\/ro\/wp-json\/wp\/v2\/media\/9472"}],"wp:attachment":[{"href":"https:\/\/protego.md\/ro\/wp-json\/wp\/v2\/media?parent=9471"}],"wp:term":[{"taxonomy":"product_brand","embeddable":true,"href":"https:\/\/protego.md\/ro\/wp-json\/wp\/v2\/product_brand?post=9471"},{"taxonomy":"product_cat","embeddable":true,"href":"https:\/\/protego.md\/ro\/wp-json\/wp\/v2\/product_cat?post=9471"},{"taxonomy":"product_tag","embeddable":true,"href":"https:\/\/protego.md\/ro\/wp-json\/wp\/v2\/product_tag?post=9471"}],"curies":[{"name":"wp","href":"https:\/\/api.w.org\/{rel}","templated":true}]}}