{"id":9462,"date":"2026-03-02T16:08:07","date_gmt":"2026-03-02T13:08:07","guid":{"rendered":"https:\/\/protego.md\/?post_type=product&#038;p=9462"},"modified":"2026-03-02T16:11:00","modified_gmt":"2026-03-02T13:11:00","slug":"ru-tufli-sportivenye-napo-tls-ro-pantofi-sport-napo-tls","status":"publish","type":"product","link":"https:\/\/protego.md\/ro\/product\/ru-tufli-sportivenye-napo-tls-ro-pantofi-sport-napo-tls\/","title":{"rendered":"Pantofi sport NAPO TLS"},"content":{"rendered":"","protected":false},"excerpt":{"rendered":"<p>Pantofi sport pentru drume\u021bii, cu tehnologie Tiger Grip pentru o aderen\u021b\u0103 de neegalat \u0219i un design respirabil pentru confort maxim pe orice teren. Pantofii au \u00eenchidere TLS pentru o \u00eenc\u0103l\u021bare \u0219i desc\u0103l\u021bare u\u0219oar\u0103.<\/p>\n","protected":false},"featured_media":9470,"template":"","meta":[],"product_brand":[],"product_cat":[75,97],"product_tag":[],"class_list":{"0":"post-9462","1":"product","2":"type-product","3":"status-publish","4":"has-post-thumbnail","6":"product_cat-footwear","7":"product_cat-summer-shoes","9":"first","10":"instock","11":"shipping-taxable","12":"purchasable","13":"product-type-simple"},"acf":[],"aioseo_notices":[],"_links":{"self":[{"href":"https:\/\/protego.md\/ro\/wp-json\/wp\/v2\/product\/9462","targetHints":{"allow":["GET"]}}],"collection":[{"href":"https:\/\/protego.md\/ro\/wp-json\/wp\/v2\/product"}],"about":[{"href":"https:\/\/protego.md\/ro\/wp-json\/wp\/v2\/types\/product"}],"wp:featuredmedia":[{"embeddable":true,"href":"https:\/\/protego.md\/ro\/wp-json\/wp\/v2\/media\/9470"}],"wp:attachment":[{"href":"https:\/\/protego.md\/ro\/wp-json\/wp\/v2\/media?parent=9462"}],"wp:term":[{"taxonomy":"product_brand","embeddable":true,"href":"https:\/\/protego.md\/ro\/wp-json\/wp\/v2\/product_brand?post=9462"},{"taxonomy":"product_cat","embeddable":true,"href":"https:\/\/protego.md\/ro\/wp-json\/wp\/v2\/product_cat?post=9462"},{"taxonomy":"product_tag","embeddable":true,"href":"https:\/\/protego.md\/ro\/wp-json\/wp\/v2\/product_tag?post=9462"}],"curies":[{"name":"wp","href":"https:\/\/api.w.org\/{rel}","templated":true}]}}