{"id":9458,"date":"2026-03-02T15:42:05","date_gmt":"2026-03-02T12:42:05","guid":{"rendered":"https:\/\/protego.md\/?post_type=product&#038;p=9458"},"modified":"2026-03-02T15:51:36","modified_gmt":"2026-03-02T12:51:36","slug":"ru-botiki-rabochie-asama-s3s-mid-tls-s-metallicheskim-noskom-ro-papuci-de-lucru-asama-s3s-mid-tls-cu-bombeu-de-metal","status":"publish","type":"product","link":"https:\/\/protego.md\/ro\/product\/ru-botiki-rabochie-asama-s3s-mid-tls-s-metallicheskim-noskom-ro-papuci-de-lucru-asama-s3s-mid-tls-cu-bombeu-de-metal\/","title":{"rendered":"Papuci de lucru ASAMA S3S MID TLS"},"content":{"rendered":"","protected":false},"excerpt":{"rendered":"<p>\u00cenc\u0103l\u021b\u0103minte de siguran\u021b\u0103 u\u0219oar\u0103 TLS<br \/>\nExperimenta\u021bi combina\u021bia perfect\u0103 de protec\u021bie \u0219i confort cu \u00eenc\u0103l\u021b\u0103mintea de siguran\u021b\u0103 ASAMA S3S. Sistemul inovator TLS asigur\u0103 o potrivire rapid\u0103, sigur\u0103 \u0219i u\u0219oar\u0103, chiar \u0219i cu m\u0103nu\u0219i de protec\u021bie. U\u0219oar\u0103 \u0219i respirabil\u0103, aceast\u0103 \u00eenc\u0103l\u021b\u0103minte de siguran\u021b\u0103 v\u0103 men\u021bine picioarele r\u0103coroase \u0219i confortabile, reduc\u00e2nd \u00een acela\u0219i timp tensiunea \u0219i oboseala. \u00cenc\u0103l\u021b\u0103mintea este echipat\u0103 cu o talp\u0103 intermediar\u0103 rezistent\u0103 la perforare, protec\u021bie pentru degete \u0219i o protec\u021bie anti-zg\u00e2rieturi pentru siguran\u021b\u0103 maxim\u0103. De asemenea, este certificat\u0103 ESD \u0219i nu con\u021bine metale, fiind perfect\u0103 pentru industrii precum asamblarea, industria auto \u0219i logistica. Desf\u0103\u0219ura\u021bi-v\u0103 sarcinile cu u\u0219urin\u021b\u0103, \u0219tiind c\u0103 picioarele dumneavoastr\u0103 sunt protejate \u0219i confortabile.<\/p>\n<p>Rezistent la alunecare<br \/>\nTalp\u0103 exterioar\u0103 rezistent\u0103 la c\u0103ldur\u0103<br \/>\nRespirabil\u0103<br \/>\nProtec\u021bie anti-zg\u00e2rieturi<br \/>\nPotrivire ortopedic\u0103 (Neskrid)<br \/>\nF\u0103r\u0103 metale<br \/>\nRezistent\u0103 la ap\u0103<br \/>\nU\u0219oar\u0103<br \/>\nTalp\u0103 intermediar\u0103 rezistent\u0103 la perforare<br \/>\n\u00cenc\u0103l\u021b\u0103minte certificat\u0103 ESD<br \/>\nProtec\u021bie pentru degete<\/p>\n","protected":false},"featured_media":9459,"template":"","meta":[],"product_brand":[],"product_cat":[98,75,97],"product_tag":[],"class_list":{"0":"post-9458","1":"product","2":"type-product","3":"status-publish","4":"has-post-thumbnail","6":"product_cat-winter-shoes","7":"product_cat-footwear","8":"product_cat-summer-shoes","10":"first","11":"instock","12":"shipping-taxable","13":"purchasable","14":"product-type-simple"},"acf":[],"aioseo_notices":[],"_links":{"self":[{"href":"https:\/\/protego.md\/ro\/wp-json\/wp\/v2\/product\/9458","targetHints":{"allow":["GET"]}}],"collection":[{"href":"https:\/\/protego.md\/ro\/wp-json\/wp\/v2\/product"}],"about":[{"href":"https:\/\/protego.md\/ro\/wp-json\/wp\/v2\/types\/product"}],"wp:featuredmedia":[{"embeddable":true,"href":"https:\/\/protego.md\/ro\/wp-json\/wp\/v2\/media\/9459"}],"wp:attachment":[{"href":"https:\/\/protego.md\/ro\/wp-json\/wp\/v2\/media?parent=9458"}],"wp:term":[{"taxonomy":"product_brand","embeddable":true,"href":"https:\/\/protego.md\/ro\/wp-json\/wp\/v2\/product_brand?post=9458"},{"taxonomy":"product_cat","embeddable":true,"href":"https:\/\/protego.md\/ro\/wp-json\/wp\/v2\/product_cat?post=9458"},{"taxonomy":"product_tag","embeddable":true,"href":"https:\/\/protego.md\/ro\/wp-json\/wp\/v2\/product_tag?post=9458"}],"curies":[{"name":"wp","href":"https:\/\/api.w.org\/{rel}","templated":true}]}}