{"id":9406,"date":"2026-02-10T12:37:27","date_gmt":"2026-02-10T09:37:27","guid":{"rendered":"https:\/\/protego.md\/?post_type=product&#038;p=9406"},"modified":"2026-02-10T19:12:25","modified_gmt":"2026-02-10T16:12:25","slug":"ru-kurtka-uteplennaya-slasic-oc-long-s-kapyushonom-ro-scurta-de-iarna-slasic-oc-long-cu-gluga","status":"publish","type":"product","link":"https:\/\/protego.md\/ro\/product\/ru-kurtka-uteplennaya-slasic-oc-long-s-kapyushonom-ro-scurta-de-iarna-slasic-oc-long-cu-gluga\/","title":{"rendered":"Scurta de iarna \u0421LASIC OC LONG cu gluga"},"content":{"rendered":"","protected":false},"excerpt":{"rendered":"<p>Jachet\u0103 izolatoare CLASSIC Long &#8211; design atractiv \u0219i func\u021bionalitate perfect\u0103.<br \/>\nFabricat\u0103 din material specializat foarte rezistent, 80% poliester \u0219i 20% bumbac, cu un<br \/>\ngramaj foarte ridicat: 270 +\/- 10 g\/m2 \u0219i o \u021bes\u0103tur\u0103 puternic\u0103 \u0219i dens\u0103.<\/p>\n<p>DESCRIERE:<\/p>\n<p>cus\u0103tur\u0103 profesional\u0103 \u0219i estetic\u0103 a execu\u021biei,<br \/>\nglug\u0103 deta\u0219abil\u0103<br \/>\ngramaj crescut al izola\u021biei, c\u0103ptu\u0219eal\u0103 din poliester,<br \/>\ncus\u0103turi triple \u0219i duble \u0219i multe \u0219uruburi solide care \u00eent\u0103resc suplimentar locurile expuse la rupere,<br \/>\nterminat cu guler, \u00eenchidere frontal\u0103 cu fermoar \u0219i clap\u0103 de protec\u021bie \u00eempotriva furtunii cu velcro,<br \/>\npartea inferioar\u0103 a jachetei se muleaz\u0103 pe corp printr-un tirant elastic din nervuri,<br \/>\njachet\u0103 cu croial\u0103 extins\u0103,<br \/>\ncontrac\u021bie foarte redus\u0103 &#8211; chiar \u0219i dup\u0103 sp\u0103l\u0103ri repetate,<br \/>\nstabilitate a culorii.<br \/>\nCuloare: grafit cu elemente negre \u0219i portocalii<\/p>\n","protected":false},"featured_media":9412,"template":"","meta":[],"product_brand":[],"product_cat":[90,17],"product_tag":[],"class_list":{"0":"post-9406","1":"product","2":"type-product","3":"status-publish","4":"has-post-thumbnail","6":"product_cat-winter-work-jacket","7":"product_cat-clothing","9":"first","10":"instock","11":"shipping-taxable","12":"purchasable","13":"product-type-simple"},"acf":[],"aioseo_notices":[],"_links":{"self":[{"href":"https:\/\/protego.md\/ro\/wp-json\/wp\/v2\/product\/9406","targetHints":{"allow":["GET"]}}],"collection":[{"href":"https:\/\/protego.md\/ro\/wp-json\/wp\/v2\/product"}],"about":[{"href":"https:\/\/protego.md\/ro\/wp-json\/wp\/v2\/types\/product"}],"wp:featuredmedia":[{"embeddable":true,"href":"https:\/\/protego.md\/ro\/wp-json\/wp\/v2\/media\/9412"}],"wp:attachment":[{"href":"https:\/\/protego.md\/ro\/wp-json\/wp\/v2\/media?parent=9406"}],"wp:term":[{"taxonomy":"product_brand","embeddable":true,"href":"https:\/\/protego.md\/ro\/wp-json\/wp\/v2\/product_brand?post=9406"},{"taxonomy":"product_cat","embeddable":true,"href":"https:\/\/protego.md\/ro\/wp-json\/wp\/v2\/product_cat?post=9406"},{"taxonomy":"product_tag","embeddable":true,"href":"https:\/\/protego.md\/ro\/wp-json\/wp\/v2\/product_tag?post=9406"}],"curies":[{"name":"wp","href":"https:\/\/api.w.org\/{rel}","templated":true}]}}