{"id":9392,"date":"2026-02-10T11:41:24","date_gmt":"2026-02-10T08:41:24","guid":{"rendered":"https:\/\/protego.md\/?post_type=product&#038;p=9392"},"modified":"2026-02-10T11:43:27","modified_gmt":"2026-02-10T08:43:27","slug":"ru-zashhitnye-tufli-gtx4dynamic-s1-ro-pantofi-de-protectie-gtx4dynamic-s1","status":"publish","type":"product","link":"https:\/\/protego.md\/ro\/product\/ru-zashhitnye-tufli-gtx4dynamic-s1-ro-pantofi-de-protectie-gtx4dynamic-s1\/","title":{"rendered":"Pantofi de protectie GTX4DYNAMIC S1"},"content":{"rendered":"","protected":false},"excerpt":{"rendered":"<p>\u00cenc\u0103l\u021b\u0103minte de siguran\u021b\u0103, categoria de protec\u021bie S1 SR.<\/p>\n<p>\u00cenc\u0103l\u021b\u0103minte de siguran\u021b\u0103 cu un design atractiv \u0219i modern, confec\u021bionat\u0103 din material Fly-knit, cu v\u00e2rf metalic. V\u00e2rful metalic protejeaz\u0103 degetele utilizatorului \u00eempotriva impactului cu o energie de 200 +\/-4 \u0219i \u00eenainte de compresie sub o sarcin\u0103 de compresie de 15 +\/- 0,1 kN.<\/p>\n<p>GTX4Dynamic \u00ceNSEAMN\u0102 SIGURAN\u021a\u0102 LA LOCUL DE MUNC\u0102 \u0218I UN STIL MODERN, SPORTIV!<\/p>\n<p>Descriere:<\/p>\n<p>partea superioar\u0103 confec\u021bionat\u0103 din material Fly-knit negru cu inser\u021bii colorate \u0219i accesorii argintii,<br \/>\nMaterial Fly-knit \u2013 un material durabil, respirabil, care permite ventila\u021bia piciorului,<br \/>\nairbag \u00een talp\u0103 pentru o amortizare mai bun\u0103 \u00een timpul utiliz\u0103rii,<br \/>\nmaterial textil cu uscare rapid\u0103, u\u0219or de \u00eentre\u021binut,<br \/>\nlimb\u0103 \u0219i guler moale \u00eembun\u0103t\u0103\u021besc semnificativ confortul la utilizare,<br \/>\npartea inferioar\u0103 a t\u0103lpii protejeaz\u0103 \u00eempotriva alunec\u0103rii (SR),<br \/>\n\u00eenc\u0103l\u021b\u0103minte antistatic\u0103,<br \/>\nabsorbitor de energie \u00een c\u0103lc\u00e2i,<br \/>\ntalp\u0103 PU, realizat\u0103 prin injec\u021bie direct\u0103, cu airbag \u00een partea c\u0103lc\u00e2iului,<\/p>\n","protected":false},"featured_media":9395,"template":"","meta":[],"product_brand":[],"product_cat":[75,97],"product_tag":[],"class_list":{"0":"post-9392","1":"product","2":"type-product","3":"status-publish","4":"has-post-thumbnail","6":"product_cat-footwear","7":"product_cat-summer-shoes","9":"first","10":"instock","11":"shipping-taxable","12":"purchasable","13":"product-type-simple"},"acf":[],"aioseo_notices":[],"_links":{"self":[{"href":"https:\/\/protego.md\/ro\/wp-json\/wp\/v2\/product\/9392","targetHints":{"allow":["GET"]}}],"collection":[{"href":"https:\/\/protego.md\/ro\/wp-json\/wp\/v2\/product"}],"about":[{"href":"https:\/\/protego.md\/ro\/wp-json\/wp\/v2\/types\/product"}],"wp:featuredmedia":[{"embeddable":true,"href":"https:\/\/protego.md\/ro\/wp-json\/wp\/v2\/media\/9395"}],"wp:attachment":[{"href":"https:\/\/protego.md\/ro\/wp-json\/wp\/v2\/media?parent=9392"}],"wp:term":[{"taxonomy":"product_brand","embeddable":true,"href":"https:\/\/protego.md\/ro\/wp-json\/wp\/v2\/product_brand?post=9392"},{"taxonomy":"product_cat","embeddable":true,"href":"https:\/\/protego.md\/ro\/wp-json\/wp\/v2\/product_cat?post=9392"},{"taxonomy":"product_tag","embeddable":true,"href":"https:\/\/protego.md\/ro\/wp-json\/wp\/v2\/product_tag?post=9392"}],"curies":[{"name":"wp","href":"https:\/\/api.w.org\/{rel}","templated":true}]}}