{"id":9378,"date":"2026-02-10T11:28:15","date_gmt":"2026-02-10T08:28:15","guid":{"rendered":"https:\/\/protego.md\/?post_type=product&#038;p=9378"},"modified":"2026-02-10T11:34:35","modified_gmt":"2026-02-10T08:34:35","slug":"ru-zashhitnye-tufli-btex-airbag-ro-pantofi-de-protectie-btex-airbag","status":"publish","type":"product","link":"https:\/\/protego.md\/ro\/product\/ru-zashhitnye-tufli-btex-airbag-ro-pantofi-de-protectie-btex-airbag\/","title":{"rendered":"Pantofi de protectie BTEX AIRBAG"},"content":{"rendered":"","protected":false},"excerpt":{"rendered":"<p>\u00cenc\u0103l\u021b\u0103minte de protec\u021bie cu un design atractiv \u0219i modern, confec\u021bionat\u0103 din material Fly-knit, cu v\u00e2rf metalic. V\u00e2rful metalic protejeaz\u0103 degetele utilizatorului \u00eempotriva impactului cu o energie de 200 +\/-4 \u0219i \u00eenainte de compresie sub o sarcin\u0103 de compresie de 15 +\/- 0,1 kN.<\/p>\n<p>Descriere:<\/p>\n<p>&#8211; fa\u021b\u0103 confec\u021bionat\u0103 din material Fly-knit \u00een negru \u0219i ro\u0219u, cu elemente din PVC la \u0219ireturi \u0219i rigidizare suplimentar\u0103 \u00een zona c\u0103lc\u00e2iului,<\/p>\n<p>&#8211; \u00eenc\u0103l\u021b\u0103minte cu \u0219ireturi,<\/p>\n<p>&#8211; talp\u0103 din PU realizat\u0103 prin injec\u021bie direct\u0103, cu airbag \u00een partea c\u0103lc\u00e2iului,<\/p>\n<p>&#8211; talp\u0103 antiderapant\u0103,<\/p>\n<p>&#8211; c\u0103ptu\u0219eal\u0103 confortabil\u0103 tricotat\u0103 de culoare neagr\u0103,<\/p>\n<p>&#8211; limb\u0103 \u0219i guler moi din material textil, sporind confortul la utilizare,<\/p>\n<p>&#8211; bran\u021buri deta\u0219abile.<\/p>\n","protected":false},"featured_media":9384,"template":"","meta":[],"product_brand":[],"product_cat":[75,97],"product_tag":[],"class_list":{"0":"post-9378","1":"product","2":"type-product","3":"status-publish","4":"has-post-thumbnail","6":"product_cat-footwear","7":"product_cat-summer-shoes","9":"first","10":"instock","11":"shipping-taxable","12":"purchasable","13":"product-type-simple"},"acf":[],"aioseo_notices":[],"_links":{"self":[{"href":"https:\/\/protego.md\/ro\/wp-json\/wp\/v2\/product\/9378","targetHints":{"allow":["GET"]}}],"collection":[{"href":"https:\/\/protego.md\/ro\/wp-json\/wp\/v2\/product"}],"about":[{"href":"https:\/\/protego.md\/ro\/wp-json\/wp\/v2\/types\/product"}],"wp:featuredmedia":[{"embeddable":true,"href":"https:\/\/protego.md\/ro\/wp-json\/wp\/v2\/media\/9384"}],"wp:attachment":[{"href":"https:\/\/protego.md\/ro\/wp-json\/wp\/v2\/media?parent=9378"}],"wp:term":[{"taxonomy":"product_brand","embeddable":true,"href":"https:\/\/protego.md\/ro\/wp-json\/wp\/v2\/product_brand?post=9378"},{"taxonomy":"product_cat","embeddable":true,"href":"https:\/\/protego.md\/ro\/wp-json\/wp\/v2\/product_cat?post=9378"},{"taxonomy":"product_tag","embeddable":true,"href":"https:\/\/protego.md\/ro\/wp-json\/wp\/v2\/product_tag?post=9378"}],"curies":[{"name":"wp","href":"https:\/\/api.w.org\/{rel}","templated":true}]}}