{"id":9356,"date":"2026-01-30T14:55:05","date_gmt":"2026-01-30T11:55:05","guid":{"rendered":"https:\/\/protego.md\/?post_type=product&#038;p=9356"},"modified":"2026-02-10T10:57:46","modified_gmt":"2026-02-10T07:57:46","slug":"botinki-rabochie-level-up-s3s","status":"publish","type":"product","link":"https:\/\/protego.md\/ro\/product\/botinki-rabochie-level-up-s3s\/","title":{"rendered":"Papuci de protectie LEVEL UP S7S"},"content":{"rendered":"","protected":false},"excerpt":{"rendered":"<p>\u00cenc\u0103l\u021b\u0103minte \u00eenalt\u0103, cu \u0219ireturi, confec\u021bionat\u0103 cu o parte superioar\u0103 din piele natural\u0103 \u0219i talp\u0103 intermediar\u0103 compozit\u0103 de tip PS<br \/>\n\u0219i v\u00e2rf din fibr\u0103 de sticl\u0103. Talpa bicomponent\u0103 din<br \/>\npoliuretan \u0219i cauciuc ofer\u0103 un efect ridicat de absorb\u021bie a \u0219ocurilor. Banda de rulare din cauciuc nitrilic, rezistent\u0103 la c\u0103ldura de contact, ofer\u0103 o aderen\u021b\u0103 puternic\u0103 pe suprafe\u021bele umede, \u00een timp ce zona din mijloc<br \/>\neste rezistent\u0103 la abraziune \u0219i prev\u0103zut\u0103 cu crampoane pentru<br \/>\naderen\u021ba sporit\u0103 pe sc\u0103ri. Brantul interior din Memory PU \u0219i spum\u0103 poliuretanic\u0103 cu densitate mare \u0219i grosime variabil\u0103 ofer\u0103 un efect de amortizare<br \/>\n\u0219i asigur\u0103 o rezisten\u021b\u0103 ridicat\u0103 la \u0219ocuri. Antistatic. C\u0103ptu\u0219eala din poliester DRY PLUS cu \u021bes\u0103tur\u0103 dens\u0103<br \/>\ncu protec\u021bie suplimentar\u0103 \u00een zona c\u0103lc\u00e2iului are o putere mare de<br \/>\ndrenaj \u0219i reduce semnificativ efectul de supra\u00eenc\u0103lzire cauzat de<br \/>\nutilizarea prelungit\u0103. Echipat cu bran\u021b interior WR.<\/p>\n<p>Caracteristici principale:<br \/>\n&#8211; \u0218ireturi ranforsate<br \/>\n&#8211; Capac din TPU pentru rezisten\u021b\u0103 sporit\u0103 la abraziune \u00een zona degetelor<br \/>\n&#8211; Ranforsare spate pentru rezisten\u021b\u0103 sporit\u0103 la abraziune \u0219i sus\u021binere a c\u0103lc\u00e2iului<br \/>\n&#8211; Caneluri laterale nesf\u00e2r\u0219ite pentru drenarea lichidelor<br \/>\n&#8211; Crampoane ad\u00e2nci \u0219i ascu\u021bite pentru aderen\u021b\u0103 sporit\u0103 \u0219i autocur\u0103\u021bare<br \/>\n&#8211; Sistem de prindere Ladder Grip (LG)<br \/>\n&#8211; Talp\u0103 exterioar\u0103 din cauciuc nitrilic, anti-c\u0103ldur\u0103, antiacid, anti-ulei, anti-uzur\u0103, anti-picurare<br \/>\n&#8211; Potrivit pentru medii pietroase, st\u00e2ncoase sau denivelate<\/p>\n","protected":false},"featured_media":9322,"template":"","meta":[],"product_brand":[],"product_cat":[98,75,97],"product_tag":[],"class_list":{"0":"post-9356","1":"product","2":"type-product","3":"status-publish","4":"has-post-thumbnail","6":"product_cat-winter-shoes","7":"product_cat-footwear","8":"product_cat-summer-shoes","10":"first","11":"instock","12":"shipping-taxable","13":"purchasable","14":"product-type-simple"},"acf":[],"aioseo_notices":[],"_links":{"self":[{"href":"https:\/\/protego.md\/ro\/wp-json\/wp\/v2\/product\/9356","targetHints":{"allow":["GET"]}}],"collection":[{"href":"https:\/\/protego.md\/ro\/wp-json\/wp\/v2\/product"}],"about":[{"href":"https:\/\/protego.md\/ro\/wp-json\/wp\/v2\/types\/product"}],"wp:featuredmedia":[{"embeddable":true,"href":"https:\/\/protego.md\/ro\/wp-json\/wp\/v2\/media\/9322"}],"wp:attachment":[{"href":"https:\/\/protego.md\/ro\/wp-json\/wp\/v2\/media?parent=9356"}],"wp:term":[{"taxonomy":"product_brand","embeddable":true,"href":"https:\/\/protego.md\/ro\/wp-json\/wp\/v2\/product_brand?post=9356"},{"taxonomy":"product_cat","embeddable":true,"href":"https:\/\/protego.md\/ro\/wp-json\/wp\/v2\/product_cat?post=9356"},{"taxonomy":"product_tag","embeddable":true,"href":"https:\/\/protego.md\/ro\/wp-json\/wp\/v2\/product_tag?post=9356"}],"curies":[{"name":"wp","href":"https:\/\/api.w.org\/{rel}","templated":true}]}}