{"id":9346,"date":"2026-01-30T14:28:52","date_gmt":"2026-01-30T11:28:52","guid":{"rendered":"https:\/\/protego.md\/?post_type=product&#038;p=9346"},"modified":"2026-01-30T14:30:45","modified_gmt":"2026-01-30T11:30:45","slug":"bryuki-rabochie-palladium-cargo-stretch","status":"publish","type":"product","link":"https:\/\/protego.md\/ro\/product\/bryuki-rabochie-palladium-cargo-stretch\/","title":{"rendered":"Pantaloni  PALLADIUM CARGO STRETCH"},"content":{"rendered":"","protected":false},"excerpt":{"rendered":"<p>Pantaloni din material elastic, 94% poliester \u0219i 6% spandex, greutate 270 g\/m\u00b2. Inser\u021bii din ripstop cationic elastic, 95% poliester, 5% spandex, cuplate cu interlock 100% poliester, greutate 270 g\/m\u00b2.<\/p>\n<p>&#8211; \u00cenchidere cu fermoar \u0219i nasture;<br \/>\n&#8211; Dou\u0103 buzunare laterale;<br \/>\n&#8211; Buzunar \u00een partea dreapt\u0103 cu clap\u0103 \u0219i \u00eenchidere cu velcro pentru acces rapid \u0219i u\u0219or la obiecte mai mici;<br \/>\n&#8211; Buzunar \u00een partea st\u00e2ng\u0103 cu fermoar, suport pentru telefon mobil \u0219i suport pentru pix termosudat \u00een partea dreapt\u0103, permi\u021b\u00e2nd depozitarea obiectelor mai mari f\u0103r\u0103 riscul ca acestea s\u0103 cad\u0103;<br \/>\n&#8211; Buzunar pentru genunchiere \u00eenchis cu clap\u0103 \u0219i velcro, compatibil cu genunchierele KGUARD<br \/>\nMC4913;<br \/>\n&#8211; Buzunar spate \u00een partea dreapt\u0103 \u00eenchis cu clap\u0103 \u0219i velcro;<br \/>\n&#8211; Buzunar spate \u00een partea st\u00e2ng\u0103 \u00eenchis cu velcro;<br \/>\n&#8211; Gule\u021bi pentru talie \u00eenchise cu velcro, compatibile cu buzunarele Holster MC4980;<br \/>\n&#8211; Genunchi preforma\u021bi, concepu\u021bi pentru a facilita mi\u0219carea \u0219i a \u00eembun\u0103t\u0103\u021bi<br \/>\nergonomia general\u0103 a articolului de \u00eembr\u0103c\u0103minte;<br \/>\n&#8211; Inser\u021bii reflectorizante termosudate pentru o rezisten\u021b\u0103 \u0219i o durabilitate mai mari<br \/>\n\u00een compara\u021bie cu inser\u021biile tradi\u021bionale;<br \/>\n&#8211; Cus\u0103turi duble \u00een punctele supuse solicit\u0103rii \u0219i uzurii, pentru a asigura<br \/>\no rezisten\u021b\u0103 \u0219i o durabilitate mai mari.<\/p>\n","protected":false},"featured_media":9347,"template":"","meta":[],"product_brand":[],"product_cat":[86,17],"product_tag":[],"class_list":{"0":"post-9346","1":"product","2":"type-product","3":"status-publish","4":"has-post-thumbnail","6":"product_cat-winter-work-pants-summer-clothing","7":"product_cat-clothing","9":"first","10":"instock","11":"shipping-taxable","12":"purchasable","13":"product-type-simple"},"acf":[],"aioseo_notices":[],"_links":{"self":[{"href":"https:\/\/protego.md\/ro\/wp-json\/wp\/v2\/product\/9346","targetHints":{"allow":["GET"]}}],"collection":[{"href":"https:\/\/protego.md\/ro\/wp-json\/wp\/v2\/product"}],"about":[{"href":"https:\/\/protego.md\/ro\/wp-json\/wp\/v2\/types\/product"}],"wp:featuredmedia":[{"embeddable":true,"href":"https:\/\/protego.md\/ro\/wp-json\/wp\/v2\/media\/9347"}],"wp:attachment":[{"href":"https:\/\/protego.md\/ro\/wp-json\/wp\/v2\/media?parent=9346"}],"wp:term":[{"taxonomy":"product_brand","embeddable":true,"href":"https:\/\/protego.md\/ro\/wp-json\/wp\/v2\/product_brand?post=9346"},{"taxonomy":"product_cat","embeddable":true,"href":"https:\/\/protego.md\/ro\/wp-json\/wp\/v2\/product_cat?post=9346"},{"taxonomy":"product_tag","embeddable":true,"href":"https:\/\/protego.md\/ro\/wp-json\/wp\/v2\/product_tag?post=9346"}],"curies":[{"name":"wp","href":"https:\/\/api.w.org\/{rel}","templated":true}]}}