{"id":9336,"date":"2026-01-30T14:14:30","date_gmt":"2026-01-30T11:14:30","guid":{"rendered":"https:\/\/protego.md\/?post_type=product&#038;p=9336"},"modified":"2026-01-30T14:19:13","modified_gmt":"2026-01-30T11:19:13","slug":"bryuki-rabochie-adventure-stretch-olive","status":"publish","type":"product","link":"https:\/\/protego.md\/ro\/product\/bryuki-rabochie-adventure-stretch-olive\/","title":{"rendered":"Pantaloni ADVENTURE STRETCH OLIVE"},"content":{"rendered":"","protected":false},"excerpt":{"rendered":"<p>Pantaloni din material bi-elastic 90% poliester, 10% spandex, 240 g\/m\u00b2. Tratament hidrofug.<\/p>\n<p>\u00cenchidere cu fermoar \u0219i nasture, dou\u0103 buzunare la \u0219old, buzunare la spate cu clap\u0103 \u0219i \u00eenchidere cu velcro, buzunar cu fermoar pe piciorul drept.<\/p>\n<p>Inser\u021bii laterale elastice \u00een talie, genunchi preforma\u021bi, cus\u0103turi duble de \u00eent\u0103rire.<\/p>\n<p>Seria 4-Way Stretch combin\u0103 u\u0219urin\u021ba \u0219i respirabilitatea.<\/p>\n<p>Este fabricat\u0103 din material 4-Way Stretch, u\u0219or \u0219i respirabil, care asigur\u0103 o ventila\u021bie optim\u0103, men\u021bin\u00e2nd pielea r\u0103coroas\u0103 \u0219i uscat\u0103 chiar \u0219i \u00een cele mai solicitante condi\u021bii.<\/p>\n<p>Produsul a fost proiectat \u0219i fabricat \u00een conformitate cu Regulamentul (UE) 2016\/425, cu modific\u0103rile ulterioare.<\/p>\n","protected":false},"featured_media":9338,"template":"","meta":[],"product_brand":[],"product_cat":[86,17],"product_tag":[],"class_list":{"0":"post-9336","1":"product","2":"type-product","3":"status-publish","4":"has-post-thumbnail","6":"product_cat-winter-work-pants-summer-clothing","7":"product_cat-clothing","9":"first","10":"instock","11":"shipping-taxable","12":"purchasable","13":"product-type-simple"},"acf":[],"aioseo_notices":[],"_links":{"self":[{"href":"https:\/\/protego.md\/ro\/wp-json\/wp\/v2\/product\/9336","targetHints":{"allow":["GET"]}}],"collection":[{"href":"https:\/\/protego.md\/ro\/wp-json\/wp\/v2\/product"}],"about":[{"href":"https:\/\/protego.md\/ro\/wp-json\/wp\/v2\/types\/product"}],"wp:featuredmedia":[{"embeddable":true,"href":"https:\/\/protego.md\/ro\/wp-json\/wp\/v2\/media\/9338"}],"wp:attachment":[{"href":"https:\/\/protego.md\/ro\/wp-json\/wp\/v2\/media?parent=9336"}],"wp:term":[{"taxonomy":"product_brand","embeddable":true,"href":"https:\/\/protego.md\/ro\/wp-json\/wp\/v2\/product_brand?post=9336"},{"taxonomy":"product_cat","embeddable":true,"href":"https:\/\/protego.md\/ro\/wp-json\/wp\/v2\/product_cat?post=9336"},{"taxonomy":"product_tag","embeddable":true,"href":"https:\/\/protego.md\/ro\/wp-json\/wp\/v2\/product_tag?post=9336"}],"curies":[{"name":"wp","href":"https:\/\/api.w.org\/{rel}","templated":true}]}}