{"id":9323,"date":"2026-01-30T13:53:27","date_gmt":"2026-01-30T10:53:27","guid":{"rendered":"https:\/\/protego.md\/?post_type=product&#038;p=9323"},"modified":"2026-02-10T10:58:41","modified_gmt":"2026-02-10T07:58:41","slug":"tufli-rabochie-smart-s3s","status":"publish","type":"product","link":"https:\/\/protego.md\/ro\/product\/tufli-rabochie-smart-s3s\/","title":{"rendered":"Pantofi de protectie SMART S7S"},"content":{"rendered":"","protected":false},"excerpt":{"rendered":"<p>\u00cenc\u0103l\u021b\u0103minte joas\u0103, cu sistem de \u00een\u0219irare Faster, realizat\u0103 cu o parte superioar\u0103 din piele natural\u0103<br \/>\n\u0219i talp\u0103 intermediar\u0103 compozit\u0103 de tip PS \u0219i v\u00e2rf din fibr\u0103 de sticl\u0103. Talpa bicomponent\u0103<br \/>\ndin poliuretan \u0219i cauciuc ofer\u0103 un efect ridicat de absorb\u021bie a \u0219ocurilor.<br \/>\nBrandul din cauciuc nitrilic, rezistent la c\u0103ldura de contact,<br \/>\nofer\u0103 o aderen\u021b\u0103 puternic\u0103 pe suprafe\u021bele umede, \u00een timp ce zona din mijloc este<br \/>\nrezistent\u0103 la abraziune \u0219i echipat\u0103 cu crampoane pentru a cre\u0219te aderen\u021ba pe sc\u0103ri.<br \/>\nBrantul interior din Memory PU \u0219i spum\u0103 poliuretanic\u0103 cu densitate mare \u0219i<br \/>\ngrosime variabil\u0103 ofer\u0103 un efect de amortizare \u0219i asigur\u0103 o rezisten\u021b\u0103 ridicat\u0103 la \u0219ocuri.<br \/>\nantistatic. C\u0103ptu\u0219eala din poliester cu \u021bes\u0103tur\u0103 dens\u0103 DRY PLUS, cu<br \/>\nprotec\u021bie suplimentar\u0103 \u00een zona c\u0103lc\u00e2iului, are o putere mare de drenaj \u0219i<br \/>\nreduce semnificativ efectul de supra\u00eenc\u0103lzire din cauza utiliz\u0103rii prelungite.<br \/>\nEchipat cu bran\u021b interior WR.<\/p>\n<p>Caracteristici principale:<br \/>\n&#8211; Protec\u021bie suplimentar\u0103 la nivelul piciorului<br \/>\n&#8211; Capac protector din TPU pentru rezisten\u021b\u0103 sporit\u0103 la abraziune \u00een zona degetelor<br \/>\n&#8211; Ranforsare spate pentru rezisten\u021b\u0103 sporit\u0103 la abraziune \u0219i sus\u021binere a c\u0103lc\u00e2iului<br \/>\n&#8211; Caneluri laterale nesf\u00e2r\u0219ite pentru drenarea lichidelor<br \/>\n&#8211; Crampoane ad\u00e2nci \u0219i ascu\u021bite pentru aderen\u021b\u0103 sporit\u0103 \u0219i autocur\u0103\u021bare<br \/>\n&#8211; Sistem de prindere Ladder Grip (LG)<br \/>\n&#8211; Talp\u0103 exterioar\u0103 din cauciuc nitrilic, anti-c\u0103ldur\u0103, antiacid, anti-ulei, anti-uzur\u0103, anti-picurare<br \/>\n&#8211; Potrivit pentru medii pietroase, st\u00e2ncoase sau denivelate<\/p>\n<p>Produsul a fost proiectat \u0219i fabricat \u00een conformitate cu Regulamentul (UE) 2016\/425, cu modific\u0103rile ulterioare.<\/p>\n","protected":false},"featured_media":9324,"template":"","meta":[],"product_brand":[],"product_cat":[75,97],"product_tag":[],"class_list":{"0":"post-9323","1":"product","2":"type-product","3":"status-publish","4":"has-post-thumbnail","6":"product_cat-footwear","7":"product_cat-summer-shoes","9":"first","10":"instock","11":"shipping-taxable","12":"purchasable","13":"product-type-simple"},"acf":[],"aioseo_notices":[],"_links":{"self":[{"href":"https:\/\/protego.md\/ro\/wp-json\/wp\/v2\/product\/9323","targetHints":{"allow":["GET"]}}],"collection":[{"href":"https:\/\/protego.md\/ro\/wp-json\/wp\/v2\/product"}],"about":[{"href":"https:\/\/protego.md\/ro\/wp-json\/wp\/v2\/types\/product"}],"wp:featuredmedia":[{"embeddable":true,"href":"https:\/\/protego.md\/ro\/wp-json\/wp\/v2\/media\/9324"}],"wp:attachment":[{"href":"https:\/\/protego.md\/ro\/wp-json\/wp\/v2\/media?parent=9323"}],"wp:term":[{"taxonomy":"product_brand","embeddable":true,"href":"https:\/\/protego.md\/ro\/wp-json\/wp\/v2\/product_brand?post=9323"},{"taxonomy":"product_cat","embeddable":true,"href":"https:\/\/protego.md\/ro\/wp-json\/wp\/v2\/product_cat?post=9323"},{"taxonomy":"product_tag","embeddable":true,"href":"https:\/\/protego.md\/ro\/wp-json\/wp\/v2\/product_tag?post=9323"}],"curies":[{"name":"wp","href":"https:\/\/api.w.org\/{rel}","templated":true}]}}