{"id":9320,"date":"2026-01-30T13:41:03","date_gmt":"2026-01-30T10:41:03","guid":{"rendered":"https:\/\/protego.md\/?post_type=product&#038;p=9320"},"modified":"2026-01-30T13:47:57","modified_gmt":"2026-01-30T10:47:57","slug":"tufli-rabochie-fortune-s3s","status":"publish","type":"product","link":"https:\/\/protego.md\/ro\/product\/tufli-rabochie-fortune-s3s\/","title":{"rendered":"Pantofi de protectie FORTUNE S3S"},"content":{"rendered":"","protected":false},"excerpt":{"rendered":"<p>\u00cenc\u0103l\u021b\u0103minte joas\u0103, cu \u0219ireturi, confec\u021bionat\u0103 dintr-o parte superioar\u0103 din piele natural\u0103 \u0219i<br \/>\ntalp\u0103 intermediar\u0103 compozit\u0103 de tip PS \u0219i v\u00e2rf din fibr\u0103 de sticl\u0103. Talpa din dou\u0103 componente<br \/>\ndin poliuretan \u0219i cauciuc ofer\u0103 un efect ridicat de absorb\u021bie a \u0219ocurilor.<\/p>\n<p>Banda de rulare din cauciuc nitrilic, rezistent\u0103<br \/>\nla c\u0103ldura de contact, ofer\u0103 o aderen\u021b\u0103 puternic\u0103 pe suprafe\u021bele umede, \u00een timp ce<br \/>\nzona din mijloc este rezistent\u0103 la abraziune \u0219i echipat\u0103<br \/>\ncu crampoane pentru a cre\u0219te aderen\u021ba pe sc\u0103ri.<br \/>\nBrantul interior din Memory PU \u0219i spum\u0103 poliuretanic\u0103<br \/>\ncu densitate mare \u0219i grosime variabil\u0103 ofer\u0103 un<br \/>\nefect de amortizare<br \/>\n\u0219i asigur\u0103 o rezisten\u021b\u0103 ridicat\u0103 la \u0219ocuri.<br \/>\nAntistatic. C\u0103ptu\u0219eala din poliester cu \u021bes\u0103tur\u0103 dens\u0103 DRY PLUS, cu protec\u021bie suplimentar\u0103<br \/>\n\u00een zona c\u0103lc\u00e2iului, are o putere mare de drenaj \u0219i reduce semnificativ efectul de supra\u00eenc\u0103lzire<br \/>\ndin cauza utiliz\u0103rii prelungite.<\/p>\n<p>Caracteristici principale:<br \/>\n&#8211; Protec\u021bie suplimentar\u0103 la nivelul piciorului<br \/>\n&#8211; \u0218ireturi \u00eent\u0103rite<br \/>\n&#8211; Capac protector TPU pentru rezisten\u021b\u0103 sporit\u0103 la abraziune \u00een zona degetelor<br \/>\n&#8211; \u00cent\u0103rire spate pentru rezisten\u021b\u0103 sporit\u0103 la abraziune \u0219i sus\u021binere a c\u0103lc\u00e2iului<\/p>\n<p>&#8211; Caneluri laterale nesf\u00e2r\u0219ite pentru drenarea lichidelor<br \/>\n&#8211; Crampoane ad\u00e2nci \u0219i ascu\u021bite pentru aderen\u021b\u0103 sporit\u0103 \u0219i autocur\u0103\u021bare<br \/>\n&#8211; Sistem de prindere Ladder Grip (LG)<br \/>\n&#8211; Talp\u0103 exterioar\u0103 din cauciuc nitrilic, anti-c\u0103ldur\u0103, antiacid, anti-ulei, anti-uzur\u0103, anti-picurare<br \/>\n&#8211; Potrivit pentru medii pietroase, st\u00e2ncoase sau denivelate<br \/>\nProdusul a fost proiectat \u0219i fabricat pentru a respecta<\/p>\n","protected":false},"featured_media":9321,"template":"","meta":[],"product_brand":[],"product_cat":[75,97],"product_tag":[],"class_list":{"0":"post-9320","1":"product","2":"type-product","3":"status-publish","4":"has-post-thumbnail","6":"product_cat-footwear","7":"product_cat-summer-shoes","9":"first","10":"instock","11":"shipping-taxable","12":"purchasable","13":"product-type-simple"},"acf":[],"aioseo_notices":[],"_links":{"self":[{"href":"https:\/\/protego.md\/ro\/wp-json\/wp\/v2\/product\/9320","targetHints":{"allow":["GET"]}}],"collection":[{"href":"https:\/\/protego.md\/ro\/wp-json\/wp\/v2\/product"}],"about":[{"href":"https:\/\/protego.md\/ro\/wp-json\/wp\/v2\/types\/product"}],"wp:featuredmedia":[{"embeddable":true,"href":"https:\/\/protego.md\/ro\/wp-json\/wp\/v2\/media\/9321"}],"wp:attachment":[{"href":"https:\/\/protego.md\/ro\/wp-json\/wp\/v2\/media?parent=9320"}],"wp:term":[{"taxonomy":"product_brand","embeddable":true,"href":"https:\/\/protego.md\/ro\/wp-json\/wp\/v2\/product_brand?post=9320"},{"taxonomy":"product_cat","embeddable":true,"href":"https:\/\/protego.md\/ro\/wp-json\/wp\/v2\/product_cat?post=9320"},{"taxonomy":"product_tag","embeddable":true,"href":"https:\/\/protego.md\/ro\/wp-json\/wp\/v2\/product_tag?post=9320"}],"curies":[{"name":"wp","href":"https:\/\/api.w.org\/{rel}","templated":true}]}}