{"id":9318,"date":"2026-01-30T13:25:33","date_gmt":"2026-01-30T10:25:33","guid":{"rendered":"https:\/\/protego.md\/?post_type=product&#038;p=9318"},"modified":"2026-03-02T16:59:24","modified_gmt":"2026-03-02T13:59:24","slug":"krasovki-black-runeer","status":"publish","type":"product","link":"https:\/\/protego.md\/ro\/product\/krasovki-black-runeer\/","title":{"rendered":"Pantofi sport BLACK RUNNER"},"content":{"rendered":"","protected":false},"excerpt":{"rendered":"<p>\u00cenc\u0103l\u021b\u0103minte de lucru joas\u0103 cu partea superioar\u0103 din tricot de poliester.<br \/>\nBrant interior din PU cu memorie \u0219i spum\u0103 poliuretanic\u0103 de \u00eenalt\u0103 densitate \u0219i grosime variabil\u0103 care asigur\u0103 un efect de amortizare<br \/>\n\u0219i<br \/>\ngaranteaz\u0103 o rezisten\u021b\u0103 ridicat\u0103 la \u0219ocuri. Antistatic. Ajut\u0103 la<br \/>\nameliorarea oboselii piciorului \u0219i, fiind interschimbabil\u0103, garanteaz\u0103 cur\u0103\u021benia<br \/>\n\u0219i<br \/>\nigiena. Antistatic. C\u0103ptu\u0219eal\u0103 din jerseu elastic. Talpa din EVA \u0219i<br \/>\ncauciuc garanteaz\u0103 u\u0219urin\u021b\u0103 \u0219i o aderen\u021b\u0103 excelent\u0103.<br \/>\nAcest model are o croial\u0103 redus\u0103, a\u0219a c\u0103 v\u0103 recomand\u0103m s\u0103 achizi\u021biona\u021bi cel pu\u021bin o<br \/>\nm\u0103rime mai mare dec\u00e2t m\u0103rimea obi\u0219nuit\u0103.<br \/>\nProdusul a fost proiectat \u0219i fabricat \u00een conformitate cu Regulamentul<br \/>\n(UE) 2016\/425, cu modific\u0103rile ulterioare.<\/p>\n","protected":false},"featured_media":9319,"template":"","meta":[],"product_brand":[],"product_cat":[75,97],"product_tag":[],"class_list":{"0":"post-9318","1":"product","2":"type-product","3":"status-publish","4":"has-post-thumbnail","6":"product_cat-footwear","7":"product_cat-summer-shoes","9":"first","10":"instock","11":"shipping-taxable","12":"purchasable","13":"product-type-simple"},"acf":[],"aioseo_notices":[],"_links":{"self":[{"href":"https:\/\/protego.md\/ro\/wp-json\/wp\/v2\/product\/9318","targetHints":{"allow":["GET"]}}],"collection":[{"href":"https:\/\/protego.md\/ro\/wp-json\/wp\/v2\/product"}],"about":[{"href":"https:\/\/protego.md\/ro\/wp-json\/wp\/v2\/types\/product"}],"wp:featuredmedia":[{"embeddable":true,"href":"https:\/\/protego.md\/ro\/wp-json\/wp\/v2\/media\/9319"}],"wp:attachment":[{"href":"https:\/\/protego.md\/ro\/wp-json\/wp\/v2\/media?parent=9318"}],"wp:term":[{"taxonomy":"product_brand","embeddable":true,"href":"https:\/\/protego.md\/ro\/wp-json\/wp\/v2\/product_brand?post=9318"},{"taxonomy":"product_cat","embeddable":true,"href":"https:\/\/protego.md\/ro\/wp-json\/wp\/v2\/product_cat?post=9318"},{"taxonomy":"product_tag","embeddable":true,"href":"https:\/\/protego.md\/ro\/wp-json\/wp\/v2\/product_tag?post=9318"}],"curies":[{"name":"wp","href":"https:\/\/api.w.org\/{rel}","templated":true}]}}