{"id":9316,"date":"2026-01-30T13:20:11","date_gmt":"2026-01-30T10:20:11","guid":{"rendered":"https:\/\/protego.md\/?post_type=product&#038;p=9316"},"modified":"2026-01-30T13:22:45","modified_gmt":"2026-01-30T10:22:45","slug":"botinki-zashhitnye-karim-fobia-belyj-tsvet","status":"publish","type":"product","link":"https:\/\/protego.md\/ro\/product\/botinki-zashhitnye-karim-fobia-belyj-tsvet\/","title":{"rendered":"Papuci de protectie KARIM FOBIA"},"content":{"rendered":"","protected":false},"excerpt":{"rendered":"<p>Pantofi cu v\u00e2rf din fibr\u0103 de sticl\u0103. Echipa\u021bi cu o parte superioar\u0103 din microfibr\u0103, F\u0102R\u0102 METAL.<br \/>\nTalp\u0103 exterioar\u0103 PU\/PU cu densitate mic\u0103, u\u0219oar\u0103 \u0219i rezistent\u0103, antiderapant\u0103 SRC.<br \/>\nBrant interschimbabil MULTI-HOLE din material EVA cu grosime constant\u0103 de 3 mm asigur\u0103 igiena \u0219i cur\u0103\u021benia.<br \/>\nC\u0103ptu\u0219eala din polipropilen\u0103 din material ne\u021besut previne supra\u00eenc\u0103lzirea picioarelor.<\/p>\n<p>Caracteristici principale:<br \/>\n&#8211; Talp\u0103 exterioar\u0103 cu profil neted pentru o cur\u0103\u021bare u\u0219oar\u0103<br \/>\n&#8211; Talp\u0103 exterioar\u0103 ultra sub\u021bire pentru a cre\u0219te flexibilitatea \u0219i a reduce efortul<br \/>\n&#8211; Talpa autocur\u0103\u021b\u0103toare permite evacuarea lichidelor \u0219i a impurit\u0103\u021bilor<br \/>\n&#8211; Caneluri orizontale pentru drenajul lichidelor<br \/>\n&#8211; Nervuri antiderapante<\/p>\n<p>Produsul a fost proiectat \u0219i fabricat \u00een conformitate cu Regulamentul (UE) 2016\/425 \u0219i modific\u0103rile ulterioare.<\/p>\n","protected":false},"featured_media":9317,"template":"","meta":[],"product_brand":[],"product_cat":[75,97],"product_tag":[],"class_list":{"0":"post-9316","1":"product","2":"type-product","3":"status-publish","4":"has-post-thumbnail","6":"product_cat-footwear","7":"product_cat-summer-shoes","9":"first","10":"instock","11":"shipping-taxable","12":"purchasable","13":"product-type-simple"},"acf":[],"aioseo_notices":[],"_links":{"self":[{"href":"https:\/\/protego.md\/ro\/wp-json\/wp\/v2\/product\/9316","targetHints":{"allow":["GET"]}}],"collection":[{"href":"https:\/\/protego.md\/ro\/wp-json\/wp\/v2\/product"}],"about":[{"href":"https:\/\/protego.md\/ro\/wp-json\/wp\/v2\/types\/product"}],"wp:featuredmedia":[{"embeddable":true,"href":"https:\/\/protego.md\/ro\/wp-json\/wp\/v2\/media\/9317"}],"wp:attachment":[{"href":"https:\/\/protego.md\/ro\/wp-json\/wp\/v2\/media?parent=9316"}],"wp:term":[{"taxonomy":"product_brand","embeddable":true,"href":"https:\/\/protego.md\/ro\/wp-json\/wp\/v2\/product_brand?post=9316"},{"taxonomy":"product_cat","embeddable":true,"href":"https:\/\/protego.md\/ro\/wp-json\/wp\/v2\/product_cat?post=9316"},{"taxonomy":"product_tag","embeddable":true,"href":"https:\/\/protego.md\/ro\/wp-json\/wp\/v2\/product_tag?post=9316"}],"curies":[{"name":"wp","href":"https:\/\/api.w.org\/{rel}","templated":true}]}}