{"id":9307,"date":"2026-01-30T13:01:43","date_gmt":"2026-01-30T10:01:43","guid":{"rendered":"https:\/\/protego.md\/?post_type=product&#038;p=9307"},"modified":"2026-01-30T13:18:18","modified_gmt":"2026-01-30T10:18:18","slug":"tufli-zashhitnye-prelude-belyj-tsvet","status":"publish","type":"product","link":"https:\/\/protego.md\/ro\/product\/tufli-zashhitnye-prelude-belyj-tsvet\/","title":{"rendered":"Pantofi de protectie PRELUDE"},"content":{"rendered":"","protected":false},"excerpt":{"rendered":"<p>\u00cenc\u0103l\u021b\u0103minte model joas\u0103 cu v\u00e2rf din fibr\u0103 de sticl\u0103. Echipat\u0103 cu o parte superioar\u0103 din microfibr\u0103 perforat\u0103, respirabil\u0103, u\u0219oar\u0103 \u0219i elastic\u0103. S2. F\u0102R\u0102 METAL.<\/p>\n<p>Talpa PU\/PU este din poliuretan de densitate mic\u0103, u\u0219oar\u0103 \u0219i rezistent\u0103. Branturile anatomice Aix Mix sunt din EVA multi-g\u0103uri cu propriet\u0103\u021bi anti-\u0219oc, cu grosime variabil\u0103: 3 mm \u00een fa\u021b\u0103 \u0219i 10 mm \u00een zona c\u0103lc\u00e2iului. C\u0103ptu\u0219eala este fabricat\u0103 din material sintetic, polipropilenic, ne\u021besut. Antistatic\u0103.<\/p>\n<p>Caracteristici principale:<\/p>\n<p>&#8211; Talp\u0103 exterioar\u0103 cu profil neted pentru o cur\u0103\u021bare u\u0219oar\u0103<br \/>\n&#8211; Talp\u0103 exterioar\u0103 ultra sub\u021bire pentru a cre\u0219te flexibilitatea \u0219i a reduce efortul<br \/>\n&#8211; Talpa autocur\u0103\u021b\u0103toare permite evacuarea lichidelor \u0219i a impurit\u0103\u021bilor<br \/>\n&#8211; Caneluri orizontale pentru drenarea lichidelor<br \/>\n&#8211; Nervuri antiderapante<br \/>\nProdusul a fost proiectat \u0219i fabricat \u00een conformitate cu Regulamentul (UE) 2016\/425 \u0219i modific\u0103rile ulterioare.<\/p>\n","protected":false},"featured_media":9315,"template":"","meta":[],"product_brand":[],"product_cat":[75,97],"product_tag":[],"class_list":{"0":"post-9307","1":"product","2":"type-product","3":"status-publish","4":"has-post-thumbnail","6":"product_cat-footwear","7":"product_cat-summer-shoes","9":"first","10":"instock","11":"shipping-taxable","12":"purchasable","13":"product-type-simple"},"acf":[],"aioseo_notices":[],"_links":{"self":[{"href":"https:\/\/protego.md\/ro\/wp-json\/wp\/v2\/product\/9307","targetHints":{"allow":["GET"]}}],"collection":[{"href":"https:\/\/protego.md\/ro\/wp-json\/wp\/v2\/product"}],"about":[{"href":"https:\/\/protego.md\/ro\/wp-json\/wp\/v2\/types\/product"}],"wp:featuredmedia":[{"embeddable":true,"href":"https:\/\/protego.md\/ro\/wp-json\/wp\/v2\/media\/9315"}],"wp:attachment":[{"href":"https:\/\/protego.md\/ro\/wp-json\/wp\/v2\/media?parent=9307"}],"wp:term":[{"taxonomy":"product_brand","embeddable":true,"href":"https:\/\/protego.md\/ro\/wp-json\/wp\/v2\/product_brand?post=9307"},{"taxonomy":"product_cat","embeddable":true,"href":"https:\/\/protego.md\/ro\/wp-json\/wp\/v2\/product_cat?post=9307"},{"taxonomy":"product_tag","embeddable":true,"href":"https:\/\/protego.md\/ro\/wp-json\/wp\/v2\/product_tag?post=9307"}],"curies":[{"name":"wp","href":"https:\/\/api.w.org\/{rel}","templated":true}]}}