{"id":9282,"date":"2026-01-29T10:04:10","date_gmt":"2026-01-29T07:04:10","guid":{"rendered":"https:\/\/protego.md\/?post_type=product&#038;p=9282"},"modified":"2026-01-29T10:09:17","modified_gmt":"2026-01-29T07:09:17","slug":"botiki-rabochie-safetrek-bez-metala","status":"publish","type":"product","link":"https:\/\/protego.md\/ro\/product\/botiki-rabochie-safetrek-bez-metala\/","title":{"rendered":"Papuci de lucru SAFETREK fara metal"},"content":{"rendered":"","protected":false},"excerpt":{"rendered":"<p>F\u0102R\u0102 ELEMENTE METALICE!<br \/>\nDescriere:<br \/>\n&#8211; partea superioar\u0103 din piele \u00eentoars\u0103, grosime 1,6 &#8211; 1,8 mm,<br \/>\n&#8211; partea superioar\u0103 \u00eenalt\u0103 garanteaz\u0103 o potrivire optim\u0103 \u0219i stabilitate a piciorului. \u00cen\u0103l\u021bimea p\u0103r\u021bii superioare 12 cm,<br \/>\n&#8211; limb\u0103 \u0219i guler moi din material Oxford negru,<br \/>\n&#8211; 5 perechi de bucle rezistente pentru \u0219ireturi,<br \/>\n&#8211; talp\u0103 PU\/PU realizat\u0103 prin injec\u021bie direct\u0103. Partea inferioar\u0103 a t\u0103lpii protejeaz\u0103 \u00eempotriva uleiului, benzinei, lubrifian\u021bilor \u0219i a altor solven\u021bi organici,<br \/>\n&#8211; protejeaz\u0103 \u00eempotriva alunec\u0103rii (SR),<br \/>\n&#8211; talp\u0103 rezistent\u0103 la ulei (FO),<br \/>\n&#8211; pe v\u00e2rf exist\u0103 o zon\u0103 antiderapant\u0103 cu o parte a t\u0103lpii care protejeaz\u0103 degetele utilizatorului \u00eempotriva impacturilor \u0219i protejeaz\u0103 mai bine \u00eenc\u0103l\u021b\u0103mintea \u00eempotriva deterior\u0103rii. De asemenea, absoarbe \u0219ocurile,<br \/>\n&#8211; absorbitor de energie \u00een c\u0103lc\u00e2i,<br \/>\n&#8211; \u00eenc\u0103l\u021b\u0103minte antistatic\u0103.<\/p>\n","protected":false},"featured_media":9284,"template":"","meta":[],"product_brand":[],"product_cat":[98,75,97],"product_tag":[],"class_list":{"0":"post-9282","1":"product","2":"type-product","3":"status-publish","4":"has-post-thumbnail","6":"product_cat-winter-shoes","7":"product_cat-footwear","8":"product_cat-summer-shoes","10":"first","11":"instock","12":"shipping-taxable","13":"purchasable","14":"product-type-simple"},"acf":[],"aioseo_notices":[],"_links":{"self":[{"href":"https:\/\/protego.md\/ro\/wp-json\/wp\/v2\/product\/9282","targetHints":{"allow":["GET"]}}],"collection":[{"href":"https:\/\/protego.md\/ro\/wp-json\/wp\/v2\/product"}],"about":[{"href":"https:\/\/protego.md\/ro\/wp-json\/wp\/v2\/types\/product"}],"wp:featuredmedia":[{"embeddable":true,"href":"https:\/\/protego.md\/ro\/wp-json\/wp\/v2\/media\/9284"}],"wp:attachment":[{"href":"https:\/\/protego.md\/ro\/wp-json\/wp\/v2\/media?parent=9282"}],"wp:term":[{"taxonomy":"product_brand","embeddable":true,"href":"https:\/\/protego.md\/ro\/wp-json\/wp\/v2\/product_brand?post=9282"},{"taxonomy":"product_cat","embeddable":true,"href":"https:\/\/protego.md\/ro\/wp-json\/wp\/v2\/product_cat?post=9282"},{"taxonomy":"product_tag","embeddable":true,"href":"https:\/\/protego.md\/ro\/wp-json\/wp\/v2\/product_tag?post=9282"}],"curies":[{"name":"wp","href":"https:\/\/api.w.org\/{rel}","templated":true}]}}