{"id":9210,"date":"2025-10-29T12:56:50","date_gmt":"2025-10-29T09:56:50","guid":{"rendered":"https:\/\/protego.md\/?post_type=product&#038;p=9210"},"modified":"2025-10-29T13:01:31","modified_gmt":"2025-10-29T10:01:31","slug":"sapogi-zashhitnye-elite-na-naturalnom-mehu","status":"publish","type":"product","link":"https:\/\/protego.md\/ro\/product\/sapogi-zashhitnye-elite-na-naturalnom-mehu\/","title":{"rendered":"Cizme de protectie Elite cu blana naturala"},"content":{"rendered":"","protected":false},"excerpt":{"rendered":"<p>Material superior: Protec\u021bie puternic\u0103 &#8211; piele natural\u0103 neagr\u0103 durabil\u0103. Permeabilitatea la vaporii de ap\u0103 este de 2-3 ori mai mare dec\u00e2t standardul. Rezistent la ap\u0103. Grosime: 2,0-2,2 mm. Rezisten\u021ba la rupere a pielii dep\u0103\u0219e\u0219te standardul european EN ISO 20345:2011 de 2,1-2,7 ori.<\/p>\n<p>C\u0103ptu\u0219eal\u0103: Blan\u0103 natural\u0103 pe baz\u0103 tricotat\u0103.<\/p>\n<p>V\u00e2rf: V\u00e2rf protector, u\u0219or, compozit de ultim\u0103 genera\u021bie, Toe Cover Max. Conceput av\u00e2nd \u00een vedere caracteristicile anatomice ale piciorului uman, acest v\u00e2rf ofer\u0103 suficient spa\u021biu pentru a preveni disconfortul \u0219i compresia degetelor \u00een timpul purt\u0103rii, \u00een special \u00een timpul utiliz\u0103rii intense \u0219i prelungite. Protejeaz\u0103 degetele de la impacturi de p\u00e2n\u0103 la 200 jouli. Fabricat \u00een Italia.<br \/>\nBrant interior: Brantul interior MAX FLEX Kevlar rezistent la perforare (rezisten\u021b\u0103 de 1100 N) protejeaz\u0103 piciorul de perfora\u021bii \u0219i t\u0103ieturi. Brantul interior este fabricat din piele \u0219i blan\u0103 natural\u0103 pe baz\u0103 tricotat\u0103.<br \/>\nTalp\u0103: PU\/TPU cu strat dublu. Talpa exterioar\u0103 prezint\u0103 modelul revolu\u021bionar al benzii de rulare Full Power Duo System, care \u00eembun\u0103t\u0103\u021be\u0219te trac\u021biunea \u0219i asigur\u0103 stabilitatea at\u00e2t \u00een \u200b\u200bpicioare, c\u00e2t \u0219i \u00een mi\u0219care. Talpa intermediar\u0103 este fabricat\u0103 din spum\u0103 poliuretanic\u0103 BASF de densitate mic\u0103. Aceasta permite t\u0103lpii exterioare s\u0103 absoarb\u0103 \u0219i s\u0103 absoarb\u0103 solicit\u0103rile care apar la mers. Talpa intermediar\u0103 este neagr\u0103. Stratul de alergare este fabricat din TPU. Acesta ofer\u0103 urm\u0103toarele caracteristici: &#8211; Rezisten\u021b\u0103 crescut\u0103 la abraziune (cu aproximativ 40% mai mare rezisten\u021b\u0103 la abraziune dec\u00e2t cerin\u021bele EN ISO 20345:2011); Talpa exterioar\u0103 prezint\u0103 o band\u0103 de rulare ascu\u021bit\u0103, ad\u00e2nc\u0103, trapezoidal\u0103, multidirec\u021bional\u0103, cu o ad\u00e2ncime minim\u0103 a benzii de rulare de 4 mm. Aceasta asigur\u0103 autocur\u0103\u021barea profilului t\u0103lpii exterioare de murd\u0103rie \u0219i previne alunecarea pantofului \u00een orice direc\u021bie. Talpa exterioar\u0103 are o suprafa\u021b\u0103 de contact mare \u0219i \u201eSistemul Duo\u201d pentru o trac\u021biune sporit\u0103. Acest sistem prezint\u0103 inser\u021bii colorate \u00een talp\u0103 exterioar\u0103 cu aditivi speciali care ofer\u0103 o rezisten\u021b\u0103 sporit\u0103 la alunecare. Drept urmare, pantoful are o trac\u021biune \u00eembun\u0103t\u0103\u021bit\u0103, chiar \u0219i pe suprafe\u021be umede \u0219i unsuroase. Rezisten\u021b\u0103 la ulei \u0219i produse petroliere. Metod\u0103 de fixare a t\u0103lpii: turnare prin injec\u021bie. Calapodul: Calapodul modern StaBene Max Comfort a fost special conceput pentru Talan de c\u0103tre speciali\u0219ti italieni, deoarece me\u0219terii italieni sunt cei mai buni \u00een designul de calapoduri la nivel mondial. Calapodul StaBene Max Comfort este extrem de ergonomic, asigur\u00e2nd confort \u0219i reduc\u00e2nd oboseala chiar \u0219i \u00een timpul utiliz\u0103rii prelungite \u0219i intense.<\/p>\n<p>Elementele reflectorizante asigur\u0103 siguran\u021ba \u00een condi\u021bii de lumin\u0103 slab\u0103.<\/p>\n","protected":false},"featured_media":9212,"template":"","meta":[],"product_brand":[],"product_cat":[98,75],"product_tag":[],"class_list":{"0":"post-9210","1":"product","2":"type-product","3":"status-publish","4":"has-post-thumbnail","6":"product_cat-winter-shoes","7":"product_cat-footwear","9":"first","10":"instock","11":"shipping-taxable","12":"purchasable","13":"product-type-simple"},"acf":[],"aioseo_notices":[],"_links":{"self":[{"href":"https:\/\/protego.md\/ro\/wp-json\/wp\/v2\/product\/9210","targetHints":{"allow":["GET"]}}],"collection":[{"href":"https:\/\/protego.md\/ro\/wp-json\/wp\/v2\/product"}],"about":[{"href":"https:\/\/protego.md\/ro\/wp-json\/wp\/v2\/types\/product"}],"wp:featuredmedia":[{"embeddable":true,"href":"https:\/\/protego.md\/ro\/wp-json\/wp\/v2\/media\/9212"}],"wp:attachment":[{"href":"https:\/\/protego.md\/ro\/wp-json\/wp\/v2\/media?parent=9210"}],"wp:term":[{"taxonomy":"product_brand","embeddable":true,"href":"https:\/\/protego.md\/ro\/wp-json\/wp\/v2\/product_brand?post=9210"},{"taxonomy":"product_cat","embeddable":true,"href":"https:\/\/protego.md\/ro\/wp-json\/wp\/v2\/product_cat?post=9210"},{"taxonomy":"product_tag","embeddable":true,"href":"https:\/\/protego.md\/ro\/wp-json\/wp\/v2\/product_tag?post=9210"}],"curies":[{"name":"wp","href":"https:\/\/api.w.org\/{rel}","templated":true}]}}