{"id":9159,"date":"2025-10-24T13:14:58","date_gmt":"2025-10-24T10:14:58","guid":{"rendered":"https:\/\/protego.md\/?post_type=product&#038;p=9159"},"modified":"2025-10-24T13:15:52","modified_gmt":"2025-10-24T10:15:52","slug":"kurtka-zimnyaya-boreal-tsvet-seryj","status":"publish","type":"product","link":"https:\/\/protego.md\/ro\/product\/kurtka-zimnyaya-boreal-tsvet-seryj\/","title":{"rendered":"Scurta de iarna BOREAL culoarea gri"},"content":{"rendered":"","protected":false},"excerpt":{"rendered":"<p>Parka impermeabil\u0103 cu glug\u0103 retractabil\u0103, cea mai v\u00e2ndut\u0103 parka a noastr\u0103 datorit\u0103 raportului calitate-pre\u021b excelent \u0219i a gamei largi de culori.<br \/>\nConfec\u021bionat\u0103 cu \u021bes\u0103tur\u0103 impermeabil\u0103 Rip-Stop \u00een exterior, v\u0103tuit\u0103, \u0219i cu c\u0103ptu\u0219eal\u0103 interioar\u0103 neted\u0103 \u0219i fleece anti-pilling la guler, pentru o mai bun\u0103 reten\u021bie termic\u0103 \u0219i confort.<br \/>\nCus\u0103turi termosigilate pentru a preveni intrarea apei \u0219i a men\u021bine corpul uscat dac\u0103 plou\u0103.<br \/>\nMan\u0219ete reglabile cu scai, bat\u0103 dreapt\u0103 cu cordon elastic ajustabil, pentru o mai bun\u0103 potrivire \u0219i confort.<br \/>\nDou\u0103 buzunare oblice \u00een talie, dou\u0103 buzunare la piept \u0219i un buzunar interior, toate cu fermoar pentru a avea totul la \u00eendem\u00e2n\u0103.<br \/>\nInclude fermoar interior jos, \u00een spate, pentru a facilita diferite metode de personalizare: serigrafie, broderie, cus\u0103turi, transfer, vinil.<br \/>\nIdeal ca textile promo\u021bionale, haine de lucru \u0219i pentru activit\u0103\u021bi \u00een aer liber.<\/p>\n","protected":false},"featured_media":9170,"template":"","meta":[],"product_brand":[],"product_cat":[90,17],"product_tag":[],"class_list":{"0":"post-9159","1":"product","2":"type-product","3":"status-publish","4":"has-post-thumbnail","6":"product_cat-winter-work-jacket","7":"product_cat-clothing","9":"first","10":"instock","11":"shipping-taxable","12":"purchasable","13":"product-type-variable"},"acf":[],"aioseo_notices":[],"_links":{"self":[{"href":"https:\/\/protego.md\/ro\/wp-json\/wp\/v2\/product\/9159","targetHints":{"allow":["GET"]}}],"collection":[{"href":"https:\/\/protego.md\/ro\/wp-json\/wp\/v2\/product"}],"about":[{"href":"https:\/\/protego.md\/ro\/wp-json\/wp\/v2\/types\/product"}],"wp:featuredmedia":[{"embeddable":true,"href":"https:\/\/protego.md\/ro\/wp-json\/wp\/v2\/media\/9170"}],"wp:attachment":[{"href":"https:\/\/protego.md\/ro\/wp-json\/wp\/v2\/media?parent=9159"}],"wp:term":[{"taxonomy":"product_brand","embeddable":true,"href":"https:\/\/protego.md\/ro\/wp-json\/wp\/v2\/product_brand?post=9159"},{"taxonomy":"product_cat","embeddable":true,"href":"https:\/\/protego.md\/ro\/wp-json\/wp\/v2\/product_cat?post=9159"},{"taxonomy":"product_tag","embeddable":true,"href":"https:\/\/protego.md\/ro\/wp-json\/wp\/v2\/product_tag?post=9159"}],"curies":[{"name":"wp","href":"https:\/\/api.w.org\/{rel}","templated":true}]}}