{"id":9147,"date":"2025-10-24T12:12:48","date_gmt":"2025-10-24T09:12:48","guid":{"rendered":"https:\/\/protego.md\/?post_type=product&#038;p=9147"},"modified":"2025-10-24T12:50:32","modified_gmt":"2025-10-24T09:50:32","slug":"polubotinki-rabochie-schmutter-s1p-src","status":"publish","type":"product","link":"https:\/\/protego.md\/ro\/product\/polubotinki-rabochie-schmutter-s1p-src\/","title":{"rendered":"Sandale de protectie SCHILL S1PS SR FO"},"content":{"rendered":"","protected":false},"excerpt":{"rendered":"<p>Descrierea produsului<br \/>\nSandalele de lucru SCHILL ofer\u0103 o combina\u021bie unic\u0103 de stil, siguran\u021b\u0103 \u0219i func\u021bionalitate. Acestea \u00eendeplinesc clasa de siguran\u021b\u0103 S1PS conform EN ISO 20345. V\u00e2rful din aluminiu protejeaz\u0103 picioarele de obiectele care cad, iar talpa antiderapant\u0103 asigur\u0103 siguran\u021b\u0103 pe suprafe\u021be neuniforme \u0219i alunecoase. Aceste sandale sunt ideale pentru logistic\u0103, transport, industria auto \u0219i lucr\u0103ri de repara\u021bii, \u00een special \u00een spa\u021bii restr\u00e2nse, cum ar fi halele.<\/p>\n<p>Caracteristici<br \/>\nMaterial superior: piele nubuc \u0219i plas\u0103;<br \/>\nR\u0103corire superioar\u0103: PVC;<br \/>\nMaterial c\u0103ptu\u0219eal\u0103: plas\u0103 multistrat, tricotat 100% poliester pentru o bun\u0103 ventila\u021bie;<br \/>\nMaterial talp\u0103: poliuretan turnat;<br \/>\nFabricat \u00een conformitate cu standardul EN ISO 20345;<br \/>\nMarcaj CE de conformitate;<br \/>\nCategoria \u00eenc\u0103l\u021b\u0103mintei de siguran\u021b\u0103: S1PS;<br \/>\nCaracteristici suplimentare de protec\u021bie:<br \/>\n\u2014 SR (propriet\u0103\u021bi antiderapante)<br \/>\n\u2014 FO (rezisten\u021b\u0103 a t\u0103lpii la uleiuri \u0219i gr\u0103simi)<\/p>\n<p>Echipate cu \u0219ireturi elastice pentru o ajustare rapid\u0103;<br \/>\nC\u0103lc\u00e2i ranforsat;<br \/>\nV\u00e2rf din aluminiu pentru o protec\u021bie sporit\u0103 a degetelor (rezist\u0103 la impacturi de p\u00e2n\u0103 la 200 J); Brant interior din Kevlar pentru protec\u021bie \u00eempotriva perfora\u021biilor;<br \/>\nAsigur\u0103 absorb\u021bia energiei \u00een zona c\u0103lc\u00e2iului;<br \/>\nPrev\u0103zut cu elemente reflectorizante;<br \/>\nGreutate: 509 g (valoarea dat\u0103 este pentru o pereche de pantofi m\u0103rimea 40).<\/p>\n","protected":false},"featured_media":9153,"template":"","meta":[],"product_brand":[],"product_cat":[75,97],"product_tag":[],"class_list":{"0":"post-9147","1":"product","2":"type-product","3":"status-publish","4":"has-post-thumbnail","6":"product_cat-footwear","7":"product_cat-summer-shoes","9":"first","10":"instock","11":"shipping-taxable","12":"purchasable","13":"product-type-simple"},"acf":[],"aioseo_notices":[],"_links":{"self":[{"href":"https:\/\/protego.md\/ro\/wp-json\/wp\/v2\/product\/9147","targetHints":{"allow":["GET"]}}],"collection":[{"href":"https:\/\/protego.md\/ro\/wp-json\/wp\/v2\/product"}],"about":[{"href":"https:\/\/protego.md\/ro\/wp-json\/wp\/v2\/types\/product"}],"wp:featuredmedia":[{"embeddable":true,"href":"https:\/\/protego.md\/ro\/wp-json\/wp\/v2\/media\/9153"}],"wp:attachment":[{"href":"https:\/\/protego.md\/ro\/wp-json\/wp\/v2\/media?parent=9147"}],"wp:term":[{"taxonomy":"product_brand","embeddable":true,"href":"https:\/\/protego.md\/ro\/wp-json\/wp\/v2\/product_brand?post=9147"},{"taxonomy":"product_cat","embeddable":true,"href":"https:\/\/protego.md\/ro\/wp-json\/wp\/v2\/product_cat?post=9147"},{"taxonomy":"product_tag","embeddable":true,"href":"https:\/\/protego.md\/ro\/wp-json\/wp\/v2\/product_tag?post=9147"}],"curies":[{"name":"wp","href":"https:\/\/api.w.org\/{rel}","templated":true}]}}