{"id":9143,"date":"2025-10-24T12:12:31","date_gmt":"2025-10-24T09:12:31","guid":{"rendered":"https:\/\/protego.md\/?post_type=product&#038;p=9143"},"modified":"2025-10-24T12:12:32","modified_gmt":"2025-10-24T09:12:32","slug":"polubotinki-rabochie-fulde-s3s-sr-fo-esd","status":"publish","type":"product","link":"https:\/\/protego.md\/ro\/product\/polubotinki-rabochie-fulde-s3s-sr-fo-esd\/","title":{"rendered":"Pantofi de protectie FULDE S3S SR FO ESD"},"content":{"rendered":"","protected":false},"excerpt":{"rendered":"<p>Descrierea produsului<br \/>\nAce\u0219ti pantofi de lucru pentru b\u0103rba\u021bi \u00eendeplinesc clasa S3S conform EN ISO 20345 \u0219i sunt marca\u021bi ESD pentru utilizare \u00een zone EPA (protejate \u00eempotriva desc\u0103rc\u0103rilor electrostatice). Protec\u021bia electrostatic\u0103 conform EN 61340 disip\u0103 \u00een siguran\u021b\u0103 \u00eenc\u0103rc\u0103turile electrostatice, prevenind deteriorarea componentelor sensibile. Construc\u021bia de \u00eenalt\u0103 calitate a acestor pantofi asigur\u0103 confort \u0219i comoditate. SISTEMUL DE \u0218IRETE permite reglarea rapid\u0103 \u0219i u\u0219oar\u0103 a fix\u0103rii, asigur\u00e2nd o potrivire precis\u0103 \u0219i uniform\u0103. V\u00e2rful compozit protejeaz\u0103 degetele de la picioare de obiectele care cad. Talpa antiderapant\u0103 face ca ace\u0219ti pantofi s\u0103 fie ideali pentru mersul pe suprafe\u021be neuniforme \u0219i alunecoase. Ace\u0219ti pantofi sunt concepu\u021bi pentru logistic\u0103, transport, industria auto \u0219i lucr\u0103ri de repara\u021bii. Sunt ideali pentru utilizare \u00een interior (de exemplu, \u00een pavilioane).<\/p>\n<p>Specifica\u021bii<br \/>\nMaterial superior: nubuc;<br \/>\nArm\u0103tur\u0103 superioar\u0103: PVC;<br \/>\nMaterial c\u0103ptu\u0219eal\u0103: plas\u0103, tricot 100% poliester;<br \/>\nMaterial talp\u0103: EVA\/cauciuc cimentat;<br \/>\nFabricat \u00een conformitate cu EN ISO 20345;<br \/>\nMarcaj CE de conformitate;<br \/>\nCategoria \u00eenc\u0103l\u021b\u0103mintei de siguran\u021b\u0103: S3S;<br \/>\nPropriet\u0103\u021bi de protec\u021bie suplimentare:<br \/>\n\u2014 SR (propriet\u0103\u021bi antiderapante)<br \/>\n\u2014 FO (rezisten\u021b\u0103 la uleiuri \u0219i gr\u0103simi)<br \/>\n\u2014 ESD (propriet\u0103\u021bi de desc\u0103rcare electrostatic\u0103)<br \/>\nSISTEM DE \u0218IRETE;<br \/>\nV\u00e2rf compozit pentru protec\u021bie sporit\u0103 a degetelor (rezist\u0103 la impacturi de p\u00e2n\u0103 la 200 J);<br \/>\nBrant interior din Kevlar pentru protec\u021bie \u00eempotriva perfora\u021biei;<br \/>\nC\u0103lc\u00e2i ranforsat;<br \/>\nC\u0103ptu\u0219eal\u0103 EVA pentru prevenirea abraziunilor;<br \/>\nEchipat cu elemente reflectorizante;<br \/>\nGreutate: 570 g (valoarea dat\u0103 este pentru o gheat\u0103 m\u0103rimea 40).<\/p>\n","protected":false},"featured_media":9146,"template":"","meta":[],"product_brand":[],"product_cat":[75,97],"product_tag":[],"class_list":{"0":"post-9143","1":"product","2":"type-product","3":"status-publish","4":"has-post-thumbnail","6":"product_cat-footwear","7":"product_cat-summer-shoes","9":"first","10":"instock","11":"shipping-taxable","12":"purchasable","13":"product-type-simple"},"acf":[],"aioseo_notices":[],"_links":{"self":[{"href":"https:\/\/protego.md\/ro\/wp-json\/wp\/v2\/product\/9143","targetHints":{"allow":["GET"]}}],"collection":[{"href":"https:\/\/protego.md\/ro\/wp-json\/wp\/v2\/product"}],"about":[{"href":"https:\/\/protego.md\/ro\/wp-json\/wp\/v2\/types\/product"}],"wp:featuredmedia":[{"embeddable":true,"href":"https:\/\/protego.md\/ro\/wp-json\/wp\/v2\/media\/9146"}],"wp:attachment":[{"href":"https:\/\/protego.md\/ro\/wp-json\/wp\/v2\/media?parent=9143"}],"wp:term":[{"taxonomy":"product_brand","embeddable":true,"href":"https:\/\/protego.md\/ro\/wp-json\/wp\/v2\/product_brand?post=9143"},{"taxonomy":"product_cat","embeddable":true,"href":"https:\/\/protego.md\/ro\/wp-json\/wp\/v2\/product_cat?post=9143"},{"taxonomy":"product_tag","embeddable":true,"href":"https:\/\/protego.md\/ro\/wp-json\/wp\/v2\/product_tag?post=9143"}],"curies":[{"name":"wp","href":"https:\/\/api.w.org\/{rel}","templated":true}]}}