{"id":9133,"date":"2025-10-24T11:54:08","date_gmt":"2025-10-24T08:54:08","guid":{"rendered":"https:\/\/protego.md\/?post_type=product&#038;p=9133"},"modified":"2025-10-24T11:55:52","modified_gmt":"2025-10-24T08:55:52","slug":"noski-fenix-tsvet-chernyj","status":"publish","type":"product","link":"https:\/\/protego.md\/ro\/product\/noski-fenix-tsvet-chernyj\/","title":{"rendered":"Sosete FENIX culoarea neagra"},"content":{"rendered":"","protected":false},"excerpt":{"rendered":"<p>Descriere<br \/>\n\u0218osete sport scurte.<br \/>\nFabricate din material respirabil, bogat \u00een bumbac, pentru ventila\u021bie, amestecat cu elastan flexibil \u0219i reglabil.<br \/>\nContururi elastice \u00een partea mijlocie a piciorului \u0219i \u00een partea superioar\u0103 pentru un suport sporit \u0219i o potrivire mai bun\u0103.<br \/>\n\u00cent\u0103riturile din poliamid\u0103 \u00een c\u0103lc\u00e2i \u0219i v\u00e2rf cresc durabilitatea.<br \/>\nMetode ideale de marcare: brodate, cusute.<br \/>\nIdeale pentru activit\u0103\u021bi fizice \u0219i sportive.<\/p>\n","protected":false},"featured_media":9130,"template":"","meta":[],"product_brand":[],"product_cat":[99,98,75,97,17],"product_tag":[],"class_list":{"0":"post-9133","1":"product","2":"type-product","3":"status-publish","4":"has-post-thumbnail","6":"product_cat-waterproof-shoes","7":"product_cat-winter-shoes","8":"product_cat-footwear","9":"product_cat-summer-shoes","10":"product_cat-clothing","12":"first","13":"instock","14":"shipping-taxable","15":"purchasable","16":"product-type-variable"},"acf":[],"aioseo_notices":[],"_links":{"self":[{"href":"https:\/\/protego.md\/ro\/wp-json\/wp\/v2\/product\/9133","targetHints":{"allow":["GET"]}}],"collection":[{"href":"https:\/\/protego.md\/ro\/wp-json\/wp\/v2\/product"}],"about":[{"href":"https:\/\/protego.md\/ro\/wp-json\/wp\/v2\/types\/product"}],"wp:featuredmedia":[{"embeddable":true,"href":"https:\/\/protego.md\/ro\/wp-json\/wp\/v2\/media\/9130"}],"wp:attachment":[{"href":"https:\/\/protego.md\/ro\/wp-json\/wp\/v2\/media?parent=9133"}],"wp:term":[{"taxonomy":"product_brand","embeddable":true,"href":"https:\/\/protego.md\/ro\/wp-json\/wp\/v2\/product_brand?post=9133"},{"taxonomy":"product_cat","embeddable":true,"href":"https:\/\/protego.md\/ro\/wp-json\/wp\/v2\/product_cat?post=9133"},{"taxonomy":"product_tag","embeddable":true,"href":"https:\/\/protego.md\/ro\/wp-json\/wp\/v2\/product_tag?post=9133"}],"curies":[{"name":"wp","href":"https:\/\/api.w.org\/{rel}","templated":true}]}}