{"id":9100,"date":"2025-10-24T11:16:38","date_gmt":"2025-10-24T08:16:38","guid":{"rendered":"https:\/\/protego.md\/?post_type=product&#038;p=9100"},"modified":"2025-10-24T11:21:21","modified_gmt":"2025-10-24T08:21:21","slug":"termobele-besshovnye-bryuki-zeven","status":"publish","type":"product","link":"https:\/\/protego.md\/ro\/product\/termobele-besshovnye-bryuki-zeven\/","title":{"rendered":"Lenjerie termica pantaloni ZEVEN"},"content":{"rendered":"","protected":false},"excerpt":{"rendered":"<p>Descrierea produsului<br \/>\nLenjeria intim\u0103 func\u021bional\u0103 pentru b\u0103rba\u021bi ofer\u0103 confort chiar \u0219i \u00een timpul efortului intens. Croiala elastic\u0103, f\u0103r\u0103 cus\u0103turi, se adapteaz\u0103 perfect corpului, flat\u00e2nd silueta \u0219i permi\u021b\u00e2nd libertate de mi\u0219care. Fabricat\u0103 din materiale de \u00eenalt\u0103 calitate, re\u021bine eficient c\u0103ldura corpului, fiind ideal\u0103 nu numai pentru munca \u00een aer liber, ci \u0219i pentru munca \u00een condi\u021bii meteorologice dificile.<br \/>\nCaracteristici<br \/>\nLenjerie intim\u0103 cu m\u00e2nec\u0103 lung\u0103 f\u0103r\u0103 cus\u0103turi;<br \/>\n\u00cembr\u0103c\u0103minte de protec\u021bie termic\u0103;<br \/>\nMaterial: 58% poliamid\u0103, 33% polipropilen\u0103, 8% spandex, 1% poliester;<br \/>\nGreutate: 280 g\/m\u00b2;<br \/>\nPotrivit\u0103 pentru purtare la temperaturi cuprinse \u00eentre -30 \u0219i 0 grade Celsius.<\/p>\n","protected":false},"featured_media":9105,"template":"","meta":[],"product_brand":[],"product_cat":[93,92,17,95,94],"product_tag":[],"class_list":{"0":"post-9100","1":"product","2":"type-product","3":"status-publish","4":"has-post-thumbnail","6":"product_cat-hanorac-batnik","7":"product_cat-winter-work-suits","8":"product_cat-clothing","9":"product_cat-futbolki","10":"product_cat-rubashka-polo","12":"first","13":"instock","14":"shipping-taxable","15":"purchasable","16":"product-type-variable"},"acf":[],"aioseo_notices":[],"_links":{"self":[{"href":"https:\/\/protego.md\/ro\/wp-json\/wp\/v2\/product\/9100","targetHints":{"allow":["GET"]}}],"collection":[{"href":"https:\/\/protego.md\/ro\/wp-json\/wp\/v2\/product"}],"about":[{"href":"https:\/\/protego.md\/ro\/wp-json\/wp\/v2\/types\/product"}],"wp:featuredmedia":[{"embeddable":true,"href":"https:\/\/protego.md\/ro\/wp-json\/wp\/v2\/media\/9105"}],"wp:attachment":[{"href":"https:\/\/protego.md\/ro\/wp-json\/wp\/v2\/media?parent=9100"}],"wp:term":[{"taxonomy":"product_brand","embeddable":true,"href":"https:\/\/protego.md\/ro\/wp-json\/wp\/v2\/product_brand?post=9100"},{"taxonomy":"product_cat","embeddable":true,"href":"https:\/\/protego.md\/ro\/wp-json\/wp\/v2\/product_cat?post=9100"},{"taxonomy":"product_tag","embeddable":true,"href":"https:\/\/protego.md\/ro\/wp-json\/wp\/v2\/product_tag?post=9100"}],"curies":[{"name":"wp","href":"https:\/\/api.w.org\/{rel}","templated":true}]}}