{"id":9051,"date":"2025-10-08T15:05:04","date_gmt":"2025-10-08T12:05:04","guid":{"rendered":"https:\/\/protego.md\/?post_type=product&#038;p=9051"},"modified":"2025-12-08T14:41:38","modified_gmt":"2025-12-08T11:41:38","slug":"kurtka-zimnyaya-paul-hoegert","status":"publish","type":"product","link":"https:\/\/protego.md\/ro\/product\/kurtka-zimnyaya-paul-hoegert\/","title":{"rendered":"Scurta de iarna PAUL HOEGERT"},"content":{"rendered":"","protected":false},"excerpt":{"rendered":"<p>Geaca c\u0103ptu\u0219it\u0103 PAUL de culoare verde m\u0103sliniu este o alegere versatil\u0103 pentru utilizatorii care lucreaz\u0103 \u00een diferite condi\u021bii. Confec\u021bionat\u0103 dintr-un material elastic cu \u00eentindere mecanic\u0103, asigur\u0103 libertate de mi\u0219care \u0219i confort chiar pe parcursul \u00eentregii zile. Umplutura sintetic\u0103 ofer\u0103 o izola\u021bie termic\u0103 eficient\u0103. Acest model este destinat clien\u021bilor care activeaz\u0103 \u00een domeniul transporturilor, logisticii \u0219i industriei u\u0219oare, care apreciaz\u0103 func\u021bionalitatea \u0219i confortul.<br \/>\nmaterial: 100% poliester cu \u00eentindere mecanic\u0103;umplutur\u0103:<br \/>\numplutur\u0103 sintetic\u0103, 240 g\/m\u00b2;buzunare:\u2014 buzunar la piept cu fermoar,\u2014 buzunar interior cu Velcro,\u2014 2 buzunare inferioare cu fermoar;<br \/>\nglug\u0103: nedeta\u0219abil\u0103, integrat\u0103 \u00een construc\u021bia gecii;<br \/>\nmaterial elastic, pl\u0103cut la atingere, rezistent la cute;elemente reflectorizante pentru cre\u0219terea siguran\u021bei.<\/p>\n","protected":false},"featured_media":9058,"template":"","meta":[],"product_brand":[],"product_cat":[90,17],"product_tag":[],"class_list":{"0":"post-9051","1":"product","2":"type-product","3":"status-publish","4":"has-post-thumbnail","6":"product_cat-winter-work-jacket","7":"product_cat-clothing","9":"first","10":"instock","11":"shipping-taxable","12":"purchasable","13":"product-type-variable"},"acf":[],"aioseo_notices":[],"_links":{"self":[{"href":"https:\/\/protego.md\/ro\/wp-json\/wp\/v2\/product\/9051","targetHints":{"allow":["GET"]}}],"collection":[{"href":"https:\/\/protego.md\/ro\/wp-json\/wp\/v2\/product"}],"about":[{"href":"https:\/\/protego.md\/ro\/wp-json\/wp\/v2\/types\/product"}],"wp:featuredmedia":[{"embeddable":true,"href":"https:\/\/protego.md\/ro\/wp-json\/wp\/v2\/media\/9058"}],"wp:attachment":[{"href":"https:\/\/protego.md\/ro\/wp-json\/wp\/v2\/media?parent=9051"}],"wp:term":[{"taxonomy":"product_brand","embeddable":true,"href":"https:\/\/protego.md\/ro\/wp-json\/wp\/v2\/product_brand?post=9051"},{"taxonomy":"product_cat","embeddable":true,"href":"https:\/\/protego.md\/ro\/wp-json\/wp\/v2\/product_cat?post=9051"},{"taxonomy":"product_tag","embeddable":true,"href":"https:\/\/protego.md\/ro\/wp-json\/wp\/v2\/product_tag?post=9051"}],"curies":[{"name":"wp","href":"https:\/\/api.w.org\/{rel}","templated":true}]}}