{"id":8955,"date":"2025-09-10T15:58:02","date_gmt":"2025-09-10T12:58:02","guid":{"rendered":"https:\/\/protego.md\/?post_type=product&#038;p=8955"},"modified":"2026-03-02T16:00:09","modified_gmt":"2026-03-02T13:00:09","slug":"tufli-zashhitnye-cador-s3-low-tls","status":"publish","type":"product","link":"https:\/\/protego.md\/ro\/product\/tufli-zashhitnye-cador-s3-low-tls\/","title":{"rendered":"Pantofi de protectie CADOR S3 LOW TLS"},"content":{"rendered":"","protected":false},"excerpt":{"rendered":"<p>Pantof de siguran\u021b\u0103 ESD sportiv, cu croial\u0103 joas\u0103, cu \u00eenchidere TLS (twist lock system)<br \/>\nDori\u021bi s\u0103 ob\u021bine\u021bi stil, siguran\u021b\u0103 \u0219i confort \u00een acela\u0219i timp? Cador \u00ee\u0219i face treaba! Acest pantof de siguran\u021b\u0103 S3 cu talp\u0103 joas\u0103 este echipat cu urm\u0103torul sistem tehnic de \u00eenchidere: sistemul de blocare prin r\u0103sucire Safety Jogger (TLS). V\u0103 permite s\u0103 str\u00e2nge\u021bi \u0219i s\u0103 sl\u0103bi\u021bi rapid \u00eenc\u0103l\u021b\u0103mintea de siguran\u021b\u0103 cu o singur\u0103 m\u00e2n\u0103 \u0219i \u00een orice condi\u021bii, chiar \u0219i atunci c\u00e2nd purta\u021bi m\u0103nu\u0219i de siguran\u021b\u0103. V\u00e2rful \u0219i talpa de o\u021bel, propriet\u0103\u021bile ESD \u0219i talpa antiderapant\u0103 SRC v\u0103 protejeaz\u0103 de pericolele nea\u0219teptate, \u00een timp ce talpa deta\u0219abil\u0103 din spum\u0103 \u0219i tehnologia Airblaze v\u0103 vor men\u021bine o senza\u021bie de prospe\u021bime \u0219i form\u0103 pe tot parcursul zilei. Rezistent la ap\u0103 \u0219i potrivit at\u00e2t pentru medii umede, c\u00e2t \u0219i uscate.<\/p>\n","protected":false},"featured_media":8963,"template":"","meta":[],"product_brand":[],"product_cat":[98,75,97],"product_tag":[],"class_list":{"0":"post-8955","1":"product","2":"type-product","3":"status-publish","4":"has-post-thumbnail","6":"product_cat-winter-shoes","7":"product_cat-footwear","8":"product_cat-summer-shoes","10":"first","11":"instock","12":"shipping-taxable","13":"purchasable","14":"product-type-variable"},"acf":[],"aioseo_notices":[],"_links":{"self":[{"href":"https:\/\/protego.md\/ro\/wp-json\/wp\/v2\/product\/8955","targetHints":{"allow":["GET"]}}],"collection":[{"href":"https:\/\/protego.md\/ro\/wp-json\/wp\/v2\/product"}],"about":[{"href":"https:\/\/protego.md\/ro\/wp-json\/wp\/v2\/types\/product"}],"wp:featuredmedia":[{"embeddable":true,"href":"https:\/\/protego.md\/ro\/wp-json\/wp\/v2\/media\/8963"}],"wp:attachment":[{"href":"https:\/\/protego.md\/ro\/wp-json\/wp\/v2\/media?parent=8955"}],"wp:term":[{"taxonomy":"product_brand","embeddable":true,"href":"https:\/\/protego.md\/ro\/wp-json\/wp\/v2\/product_brand?post=8955"},{"taxonomy":"product_cat","embeddable":true,"href":"https:\/\/protego.md\/ro\/wp-json\/wp\/v2\/product_cat?post=8955"},{"taxonomy":"product_tag","embeddable":true,"href":"https:\/\/protego.md\/ro\/wp-json\/wp\/v2\/product_tag?post=8955"}],"curies":[{"name":"wp","href":"https:\/\/api.w.org\/{rel}","templated":true}]}}