{"id":8937,"date":"2025-09-10T15:47:08","date_gmt":"2025-09-10T12:47:08","guid":{"rendered":"https:\/\/protego.md\/?post_type=product&#038;p=8937"},"modified":"2026-03-02T16:01:49","modified_gmt":"2026-03-02T13:01:49","slug":"tufli-zashhitnye-modulo-s3slt-tls","status":"publish","type":"product","link":"https:\/\/protego.md\/ro\/product\/tufli-zashhitnye-modulo-s3slt-tls\/","title":{"rendered":"Pantofi de protectie MODULO S3SLT TLS"},"content":{"rendered":"","protected":false},"excerpt":{"rendered":"<p>Trainer de siguran\u021b\u0103 vegan super-confortabil cu \u00eenchidere TLS<br \/>\nExperimenta\u021bi confortul care dureaz\u0103 . MODULO este alegerea suprem\u0103 at\u00e2t pentru b\u0103rba\u021bii, c\u00e2t \u0219i pentru femeile care cer excelen\u021b\u0103 de la \u00eenc\u0103l\u021b\u0103mintea de siguran\u021b\u0103. Acest pantof de siguran\u021b\u0103 ofer\u0103 o serie de caracteristici cheie, cum ar fi rezisten\u021ba la alunecare, un design respirabil, o talp\u0103 confortabil\u0103, ESD, talp\u0103 intermediar\u0103 \u0219i v\u00e2rfuri u\u0219oare \u0219i multe altele. MODULO este echipat cu un capac de protec\u021bie \u00eempotriva zg\u00e2rieturilor \u0219i o talp\u0103 exterioar\u0103 BASF PU pentru a-\u0219i prelungi semnificativ durata de via\u021b\u0103. Fabricat din materiale vegane.<\/p>\n<p>SCSRESDCIFO<\/p>\n","protected":false},"featured_media":8938,"template":"","meta":[],"product_brand":[],"product_cat":[98,75,97],"product_tag":[],"class_list":{"0":"post-8937","1":"product","2":"type-product","3":"status-publish","4":"has-post-thumbnail","6":"product_cat-winter-shoes","7":"product_cat-footwear","8":"product_cat-summer-shoes","10":"first","11":"instock","12":"shipping-taxable","13":"purchasable","14":"product-type-variable"},"acf":[],"aioseo_notices":[],"_links":{"self":[{"href":"https:\/\/protego.md\/ro\/wp-json\/wp\/v2\/product\/8937","targetHints":{"allow":["GET"]}}],"collection":[{"href":"https:\/\/protego.md\/ro\/wp-json\/wp\/v2\/product"}],"about":[{"href":"https:\/\/protego.md\/ro\/wp-json\/wp\/v2\/types\/product"}],"wp:featuredmedia":[{"embeddable":true,"href":"https:\/\/protego.md\/ro\/wp-json\/wp\/v2\/media\/8938"}],"wp:attachment":[{"href":"https:\/\/protego.md\/ro\/wp-json\/wp\/v2\/media?parent=8937"}],"wp:term":[{"taxonomy":"product_brand","embeddable":true,"href":"https:\/\/protego.md\/ro\/wp-json\/wp\/v2\/product_brand?post=8937"},{"taxonomy":"product_cat","embeddable":true,"href":"https:\/\/protego.md\/ro\/wp-json\/wp\/v2\/product_cat?post=8937"},{"taxonomy":"product_tag","embeddable":true,"href":"https:\/\/protego.md\/ro\/wp-json\/wp\/v2\/product_tag?post=8937"}],"curies":[{"name":"wp","href":"https:\/\/api.w.org\/{rel}","templated":true}]}}