{"id":8749,"date":"2025-08-07T13:05:16","date_gmt":"2025-08-07T10:05:16","guid":{"rendered":"https:\/\/protego.md\/?post_type=product&#038;p=8749"},"modified":"2025-08-07T13:07:15","modified_gmt":"2025-08-07T10:07:15","slug":"perchatki-rabochie-antihimicheskie-solvex","status":"publish","type":"product","link":"https:\/\/protego.md\/ro\/product\/perchatki-rabochie-antihimicheskie-solvex\/","title":{"rendered":"Manusi de protectie antichimice SOLVEX"},"content":{"rendered":"","protected":false},"excerpt":{"rendered":"<p>M\u0103nu\u0219ile de protec\u021bie SOL-VEX sunt concepute pentru a proteja \u00eempotriva substan\u021belor chimice, bacteriilor, viru\u0219ilor \u0219i ciupercilor. Acestea \u00eendeplinesc cele mai \u00eenalte standarde de siguran\u021b\u0103, ceea ce le face o alegere ideal\u0103 pentru industria chimic\u0103, farmaceutic\u0103 \u0219i alimentar\u0103. Caracteristicile \u0219i principalele caracteristici ale produsului:<\/p>\n<p>&#8211; rezisten\u021b\u0103 mecanic\u0103 &#8211; rezisten\u021b\u0103 la abraziune \u0219i t\u0103iere (conform cu EN 388:2016+A1:2018 \u2013 4101X),<br \/>\n&#8211; protec\u021bie \u00eempotriva bacteriilor, viru\u0219ilor \u0219i ciupercilor (conform cu EN ISO 374-5:2016 \u2013 VIRUS),<br \/>\n&#8211; rezisten\u021b\u0103 chimic\u0103 &#8211; protec\u021bie eficient\u0103 \u00eempotriva solven\u021bilor, acizilor \u0219i altor substan\u021be chimice (conform cu EN ISO 374-1:2016+A1:2016 \u2013 Tip A: JKLOPT),<br \/>\n&#8211; protec\u021bie \u00eempotriva pesticidelor (conform cu ISO 18889 \u2013 G2),<br \/>\n&#8211; m\u0103nu\u0219i destinate contactului cu alimentele (conform cu Regulamentele UE 1935\/2004 \u0219i 2023\/2006). M\u0103nu\u0219ile sunt fabricate exclusiv din materiale \u0219i sintetice aprobate pentru contactul cu alimentele.<br \/>\n&#8211; Ofer\u0103 confort la utilizare \u2013 \u00eenveli\u0219ul este moale, flexibil \u0219i ergonomic, permi\u021b\u00e2ndu-i s\u0103 se potriveasc\u0103 perfect m\u00e2inii.<\/p>\n<p>&#8211; Suprafa\u021ba rugoas\u0103 de prindere a m\u0103nu\u0219ii asigur\u0103 o prindere sigur\u0103 \u0219i previne alunecarea.<\/p>\n<p>&#8211; C\u0103ptu\u0219eal\u0103 din bumbac: absoarbe umezeala pentru un confort sporit<\/p>\n","protected":false},"featured_media":8750,"template":"","meta":[],"product_brand":[],"product_cat":[100,78],"product_tag":[],"class_list":{"0":"post-8749","1":"product","2":"type-product","3":"status-publish","4":"has-post-thumbnail","6":"product_cat-arm-protection","7":"product_cat-individual-protect","9":"first","10":"instock","11":"shipping-taxable","12":"purchasable","13":"product-type-simple"},"acf":[],"aioseo_notices":[],"_links":{"self":[{"href":"https:\/\/protego.md\/ro\/wp-json\/wp\/v2\/product\/8749","targetHints":{"allow":["GET"]}}],"collection":[{"href":"https:\/\/protego.md\/ro\/wp-json\/wp\/v2\/product"}],"about":[{"href":"https:\/\/protego.md\/ro\/wp-json\/wp\/v2\/types\/product"}],"wp:featuredmedia":[{"embeddable":true,"href":"https:\/\/protego.md\/ro\/wp-json\/wp\/v2\/media\/8750"}],"wp:attachment":[{"href":"https:\/\/protego.md\/ro\/wp-json\/wp\/v2\/media?parent=8749"}],"wp:term":[{"taxonomy":"product_brand","embeddable":true,"href":"https:\/\/protego.md\/ro\/wp-json\/wp\/v2\/product_brand?post=8749"},{"taxonomy":"product_cat","embeddable":true,"href":"https:\/\/protego.md\/ro\/wp-json\/wp\/v2\/product_cat?post=8749"},{"taxonomy":"product_tag","embeddable":true,"href":"https:\/\/protego.md\/ro\/wp-json\/wp\/v2\/product_tag?post=8749"}],"curies":[{"name":"wp","href":"https:\/\/api.w.org\/{rel}","templated":true}]}}