{"id":8747,"date":"2025-08-07T13:02:14","date_gmt":"2025-08-07T10:02:14","guid":{"rendered":"https:\/\/protego.md\/?post_type=product&#038;p=8747"},"modified":"2025-08-07T13:04:05","modified_gmt":"2025-08-07T10:04:05","slug":"perchatki-rabochie-docker-titanium","status":"publish","type":"product","link":"https:\/\/protego.md\/ro\/product\/perchatki-rabochie-docker-titanium\/","title":{"rendered":"Manusi de protectie  Docker Titanium"},"content":{"rendered":"","protected":false},"excerpt":{"rendered":"<p>M\u0103nu\u0219i de protec\u021bie cu cinci degete, confec\u021bionate din piele de vac\u0103 integral\u0103 galben\u0103 de \u00eenalt\u0103 calitate, cu un material tricotat negru elastic pe spate.<\/p>\n<p>Caracteristici:<\/p>\n<p>&#8211; Pielea de vac\u0103 integral\u0103 este foarte rezistent\u0103 la rupere \u0219i ofer\u0103 o dexteritate excelent\u0103,<\/p>\n<p>&#8211; M\u0103nu\u0219i confec\u021bionate din piele moale pentru o priz\u0103 bun\u0103,<\/p>\n<p>&#8211; M\u00e2ner confec\u021bionat dintr-o singur\u0103 bucat\u0103 de piele,<\/p>\n<p>&#8211; Spate confec\u021bionat din material tricotat negru elastic cu spandex,<\/p>\n<p>&#8211; Marginea superioar\u0103 finisat\u0103 cu o man\u0219et\u0103 elastic\u0103 cu \u00eenchidere suplimentar\u0103 cu velcro pentru o ajustare convenabil\u0103 a \u00eencheieturii m\u00e2inii,<\/p>\n<p>&#8211; Man\u0219et\u0103 elastic\u0103 previne alunecarea \u00een timpul lucrului, \u00eempiedic\u00e2nd \u00een acela\u0219i timp p\u0103trunderea murd\u0103riei,<\/p>\n<p>&#8211; Spate \u00eent\u0103rit cu piele pe degete,<\/p>\n<p>&#8211; Deget mare anatomic,<\/p>\n<p>&#8211; Deget ar\u0103t\u0103tor f\u0103r\u0103 cus\u0103turi la exterior,<\/p>\n<p>&#8211; Manevrare de foarte \u00eenalt\u0103 calitate.<\/p>\n<p>M\u0103nu\u0219i concepute pentru lucrul \u00een toate industriile, potrivite pentru gr\u0103din\u0103rit, lucr\u0103ri de asamblare \u0219i expediere.<\/p>\n","protected":false},"featured_media":8748,"template":"","meta":[],"product_brand":[],"product_cat":[100,78],"product_tag":[],"class_list":{"0":"post-8747","1":"product","2":"type-product","3":"status-publish","4":"has-post-thumbnail","6":"product_cat-arm-protection","7":"product_cat-individual-protect","9":"first","10":"instock","11":"shipping-taxable","12":"purchasable","13":"product-type-simple"},"acf":[],"aioseo_notices":[],"_links":{"self":[{"href":"https:\/\/protego.md\/ro\/wp-json\/wp\/v2\/product\/8747","targetHints":{"allow":["GET"]}}],"collection":[{"href":"https:\/\/protego.md\/ro\/wp-json\/wp\/v2\/product"}],"about":[{"href":"https:\/\/protego.md\/ro\/wp-json\/wp\/v2\/types\/product"}],"wp:featuredmedia":[{"embeddable":true,"href":"https:\/\/protego.md\/ro\/wp-json\/wp\/v2\/media\/8748"}],"wp:attachment":[{"href":"https:\/\/protego.md\/ro\/wp-json\/wp\/v2\/media?parent=8747"}],"wp:term":[{"taxonomy":"product_brand","embeddable":true,"href":"https:\/\/protego.md\/ro\/wp-json\/wp\/v2\/product_brand?post=8747"},{"taxonomy":"product_cat","embeddable":true,"href":"https:\/\/protego.md\/ro\/wp-json\/wp\/v2\/product_cat?post=8747"},{"taxonomy":"product_tag","embeddable":true,"href":"https:\/\/protego.md\/ro\/wp-json\/wp\/v2\/product_tag?post=8747"}],"curies":[{"name":"wp","href":"https:\/\/api.w.org\/{rel}","templated":true}]}}