{"id":8732,"date":"2025-08-07T12:16:22","date_gmt":"2025-08-07T09:16:22","guid":{"rendered":"https:\/\/protego.md\/?post_type=product&#038;p=8732"},"modified":"2026-03-02T16:59:33","modified_gmt":"2026-03-02T13:59:33","slug":"krasovki-sport-atom","status":"publish","type":"product","link":"https:\/\/protego.md\/ro\/product\/krasovki-sport-atom\/","title":{"rendered":"Pantofi SPORT ATOM"},"content":{"rendered":"","protected":false},"excerpt":{"rendered":"<p>Antrenor profesional inspirat din alergare, cu partea superioar\u0103 din plas\u0103 ultra-transpirabil\u0103<br \/>\nFace\u021bi cuno\u0219tin\u021b\u0103 cu pantoful ocupa\u021bional ATUM OB de la Safety Jogger, partenerul perfect pentru zilele lungi din industria de asamblare, logistic\u0103, medical\u0103 sau catering. Datorit\u0103 p\u0103r\u021bii superioare din plas\u0103 ultrarespirabil\u0103, acest pantof ofer\u0103 un management \u00eembun\u0103t\u0103\u021bit al umidit\u0103\u021bii \u0219i temperaturii, asigur\u00e2nd confortul pe tot parcursul turei. Dispun\u00e2nd de o talp\u0103 deta\u0219abil\u0103, pute\u021bi personaliza pantoful pentru a se potrivi nevoilor dvs. de confort. \u0218i cu protec\u021bia sa \u00eempotriva alunec\u0103rii, designul u\u0219or \u0219i aspectul la mod\u0103, ATUMOB nu este doar un pantof, ci un partener de \u00eencredere pentru ziua dumneavoastr\u0103 de lucru.<\/p>\n","protected":false},"featured_media":8742,"template":"","meta":[],"product_brand":[],"product_cat":[75,97],"product_tag":[],"class_list":{"0":"post-8732","1":"product","2":"type-product","3":"status-publish","4":"has-post-thumbnail","6":"product_cat-footwear","7":"product_cat-summer-shoes","9":"first","10":"instock","11":"shipping-taxable","12":"purchasable","13":"product-type-variable"},"acf":[],"aioseo_notices":[],"_links":{"self":[{"href":"https:\/\/protego.md\/ro\/wp-json\/wp\/v2\/product\/8732","targetHints":{"allow":["GET"]}}],"collection":[{"href":"https:\/\/protego.md\/ro\/wp-json\/wp\/v2\/product"}],"about":[{"href":"https:\/\/protego.md\/ro\/wp-json\/wp\/v2\/types\/product"}],"wp:featuredmedia":[{"embeddable":true,"href":"https:\/\/protego.md\/ro\/wp-json\/wp\/v2\/media\/8742"}],"wp:attachment":[{"href":"https:\/\/protego.md\/ro\/wp-json\/wp\/v2\/media?parent=8732"}],"wp:term":[{"taxonomy":"product_brand","embeddable":true,"href":"https:\/\/protego.md\/ro\/wp-json\/wp\/v2\/product_brand?post=8732"},{"taxonomy":"product_cat","embeddable":true,"href":"https:\/\/protego.md\/ro\/wp-json\/wp\/v2\/product_cat?post=8732"},{"taxonomy":"product_tag","embeddable":true,"href":"https:\/\/protego.md\/ro\/wp-json\/wp\/v2\/product_tag?post=8732"}],"curies":[{"name":"wp","href":"https:\/\/api.w.org\/{rel}","templated":true}]}}