{"id":8676,"date":"2025-08-06T12:12:11","date_gmt":"2025-08-06T09:12:11","guid":{"rendered":"https:\/\/protego.md\/?post_type=product&#038;p=8676"},"modified":"2025-10-29T10:32:04","modified_gmt":"2025-10-29T07:32:04","slug":"botinki-zashhitnye-journey-s3s-hro-fo-sr","status":"publish","type":"product","link":"https:\/\/protego.md\/ro\/product\/botinki-zashhitnye-journey-s3s-hro-fo-sr\/","title":{"rendered":"Papuci de protectie JOURNEY S3S HRO FO SR"},"content":{"rendered":"","protected":false},"excerpt":{"rendered":"<p>\u00cenc\u0103l\u021b\u0103minte \u00eenalt\u0103 cu v\u00e2rf din fibr\u0103 de sticl\u0103 Nano \u0219i talp\u0103 intermediar\u0103 NWT &#8211; material ne\u021besut ultrau\u0219or, tip PS. F\u0103r\u0103 metal. Echipat\u0103 cu partea superioar\u0103 din piele Action Nubuck.<\/p>\n<p>Dispune de bran\u021buri anatomice Air-mix din EVA multi-perforat, cu<br \/>\npropriet\u0103\u021bi anti-\u0219oc cu grosime variabil\u0103: 3 mm \u00een fa\u021b\u0103 \u0219i 10 mm \u00een<br \/>\nzona c\u0103lc\u00e2iului. Acestea ajut\u0103 la ameliorarea oboselii piciorului \u0219i, fiind<br \/>\ninterschimbabile, asigur\u0103 cur\u0103\u021benia \u0219i igiena. Antistatic\u0103. C\u0103ptu\u0219eala din poliester DRY PLUS<br \/>\ncu \u021bes\u0103tur\u0103 dens\u0103 \u0219i protec\u021bie suplimentar\u0103 \u00een zona c\u0103lc\u00e2iului are<br \/>\no putere mare de drenaj \u0219i reduce semnificativ efectul de supra\u00eenc\u0103lzire<br \/>\ndin cauza utiliz\u0103rii prelungite. Talpa EVA Super Foam\/Rubber ofer\u0103 aderen\u021b\u0103 pe suprafe\u021be umede<br \/>\nchiar \u0219i \u00een prezen\u021ba hidrocarburilor.<br \/>\nCaracteristici tehnice:<br \/>\n&#8211; Clap\u0103 cu burduf anti-murd\u0103rire;<br \/>\n&#8211; \u00cent\u0103rire pe coroana termosudat\u0103, f\u0103r\u0103 cus\u0103turi, cu \u0219iret;<br \/>\n&#8211; V\u00e2rf nano cu profil sub\u021bire \u0219i ergonomic;<br \/>\n&#8211; \u00cent\u0103rire pentru v\u00e2rfuri pentru o durabilitate sporit\u0103 a \u00eenc\u0103l\u021b\u0103mintei; &#8211; Talpa intermediar\u0103 din spum\u0103 super EVA ofer\u0103 confort de lung\u0103 durat\u0103, apreciat \u00een special \u00een cazul utiliz\u0103rii prelungite.<br \/>\n&#8211; Talp\u0103 intermediar\u0103 NWT, ultra-flexibil\u0103 \u0219i u\u0219oar\u0103;<br \/>\nF\u0102R\u0102 METAL<\/p>\n","protected":false},"featured_media":8677,"template":"","meta":[],"product_brand":[],"product_cat":[98,75,97],"product_tag":[],"class_list":{"0":"post-8676","1":"product","2":"type-product","3":"status-publish","4":"has-post-thumbnail","6":"product_cat-winter-shoes","7":"product_cat-footwear","8":"product_cat-summer-shoes","10":"first","11":"instock","12":"shipping-taxable","13":"purchasable","14":"product-type-simple"},"acf":[],"aioseo_notices":[],"_links":{"self":[{"href":"https:\/\/protego.md\/ro\/wp-json\/wp\/v2\/product\/8676","targetHints":{"allow":["GET"]}}],"collection":[{"href":"https:\/\/protego.md\/ro\/wp-json\/wp\/v2\/product"}],"about":[{"href":"https:\/\/protego.md\/ro\/wp-json\/wp\/v2\/types\/product"}],"wp:featuredmedia":[{"embeddable":true,"href":"https:\/\/protego.md\/ro\/wp-json\/wp\/v2\/media\/8677"}],"wp:attachment":[{"href":"https:\/\/protego.md\/ro\/wp-json\/wp\/v2\/media?parent=8676"}],"wp:term":[{"taxonomy":"product_brand","embeddable":true,"href":"https:\/\/protego.md\/ro\/wp-json\/wp\/v2\/product_brand?post=8676"},{"taxonomy":"product_cat","embeddable":true,"href":"https:\/\/protego.md\/ro\/wp-json\/wp\/v2\/product_cat?post=8676"},{"taxonomy":"product_tag","embeddable":true,"href":"https:\/\/protego.md\/ro\/wp-json\/wp\/v2\/product_tag?post=8676"}],"curies":[{"name":"wp","href":"https:\/\/api.w.org\/{rel}","templated":true}]}}