{"id":8673,"date":"2025-08-04T15:27:48","date_gmt":"2025-08-04T12:27:48","guid":{"rendered":"https:\/\/protego.md\/?post_type=product&#038;p=8673"},"modified":"2025-08-04T15:28:31","modified_gmt":"2025-08-04T12:28:31","slug":"shorty-colemann-jeans-black-2","status":"publish","type":"product","link":"https:\/\/protego.md\/ro\/product\/shorty-colemann-jeans-black-2\/","title":{"rendered":"Pantaloni scurti COLEMANN JEANS BLACK"},"content":{"rendered":"","protected":false},"excerpt":{"rendered":"<p>Pantaloni scur\u021bi de lucru COLEMANN JEANS, cu un design excep\u021bional de atractiv \u0219i o func\u021bionalitate perfect\u0103. Croial\u0103 confortabil\u0103 \u0219i modern\u0103, f\u0103r\u0103 restric\u021bii de mi\u0219care, datorit\u0103 utiliz\u0103rii unui material cu adaos de elastan. Fabrica\u021bi din material de cea mai \u00eenalt\u0103 calitate, compus din: 70% bumbac \u0219i 28% poliester, 2% elastan, cu un gramaj de 265 +\/- 10 g\/m\u00b2 \u0219i o \u021bes\u0103tur\u0103 puternic\u0103 \u0219i dens\u0103.<\/p>\n<p>Descriere:<\/p>\n<p>&#8211; croial\u0103 confortabil\u0103, la mod\u0103, asigur\u0103 confort la utilizare \u0219i confort,<\/p>\n<p>&#8211; cus\u0103turi profesionale \u0219i estetic\u0103 a execu\u021biei,<\/p>\n<p>&#8211; materialul de \u00eenalt\u0103 calitate al blugilor asigur\u0103 durabilitate \u0219i rezisten\u021b\u0103 la abraziune,<\/p>\n<p>&#8211; cus\u0103turi duble \u0219i numeroase cus\u0103turi solide pentru bare, care \u00eent\u0103resc locurile expuse la rupere,<\/p>\n<p>&#8211; 12 buzunare func\u021bionale pentru unelte, accesorii mici \u0219i telefon, un buzunar pentru rulet\u0103, o bucl\u0103 pentru ciocan \u0219i un ochi pentru ata\u0219area cheilor,<\/p>\n<p>&#8211; buzunarele sunt \u00eent\u0103rite cu \u021bes\u0103tur\u0103 din poliester, care se caracterizeaz\u0103 prin durabilitate ridicat\u0103, rezisten\u021b\u0103 la abraziune \u0219i \u00eentindere,<\/p>\n<p>&#8211; \u00eenchidere cu nasture \u0219i fermoar \u00een fa\u021b\u0103, band\u0103 elastic\u0103 acoperit\u0103 cusut\u0103 pe laterale pentru o ajustare suplimentar\u0103,<\/p>\n<p>&#8211; curea cu gaici pentru curea,<\/p>\n<p>&#8211; contrac\u021bie foarte redus\u0103 &#8211; chiar \u0219i dup\u0103 sp\u0103l\u0103ri repetate<\/p>\n<p>&#8211; stabilitate a culorii.<\/p>\n","protected":false},"featured_media":8656,"template":"","meta":[],"product_brand":[],"product_cat":[86,17],"product_tag":[],"class_list":{"0":"post-8673","1":"product","2":"type-product","3":"status-publish","4":"has-post-thumbnail","6":"product_cat-winter-work-pants-summer-clothing","7":"product_cat-clothing","9":"first","10":"instock","11":"shipping-taxable","12":"purchasable","13":"product-type-simple"},"acf":[],"aioseo_notices":[],"_links":{"self":[{"href":"https:\/\/protego.md\/ro\/wp-json\/wp\/v2\/product\/8673","targetHints":{"allow":["GET"]}}],"collection":[{"href":"https:\/\/protego.md\/ro\/wp-json\/wp\/v2\/product"}],"about":[{"href":"https:\/\/protego.md\/ro\/wp-json\/wp\/v2\/types\/product"}],"wp:featuredmedia":[{"embeddable":true,"href":"https:\/\/protego.md\/ro\/wp-json\/wp\/v2\/media\/8656"}],"wp:attachment":[{"href":"https:\/\/protego.md\/ro\/wp-json\/wp\/v2\/media?parent=8673"}],"wp:term":[{"taxonomy":"product_brand","embeddable":true,"href":"https:\/\/protego.md\/ro\/wp-json\/wp\/v2\/product_brand?post=8673"},{"taxonomy":"product_cat","embeddable":true,"href":"https:\/\/protego.md\/ro\/wp-json\/wp\/v2\/product_cat?post=8673"},{"taxonomy":"product_tag","embeddable":true,"href":"https:\/\/protego.md\/ro\/wp-json\/wp\/v2\/product_tag?post=8673"}],"curies":[{"name":"wp","href":"https:\/\/api.w.org\/{rel}","templated":true}]}}