{"id":8667,"date":"2025-08-04T15:14:33","date_gmt":"2025-08-04T12:14:33","guid":{"rendered":"https:\/\/protego.md\/?post_type=product&#038;p=8667"},"modified":"2025-12-08T14:38:16","modified_gmt":"2025-12-08T11:38:16","slug":"bryuki-softshell-universal","status":"publish","type":"product","link":"https:\/\/protego.md\/ro\/product\/bryuki-softshell-universal\/","title":{"rendered":"Pantaloni softshell UNIVERSAL"},"content":{"rendered":"","protected":false},"excerpt":{"rendered":"<p>Pantalonii de lucru UNIVERSAL SOFTSHELL sunt cunoscu\u021bi pentru o croial\u0103 modern\u0103, la mod\u0103 \u0219i confortul la utilizare. Material softshell de calitate superioar\u0103, fabricat din 92% poliester, 8% spandex, materialul este izolat cu un strat de fleece pe interior. Gramajul materialului 250 +\/- 10 g\/m2.<\/p>\n<p>UNIVERSAL ESTE COMBINA\u021aIA PERFECT\u0102 \u00ceNTRE \u00ceMBR\u0102C\u0102MINTEA DE LUCRU \u0218I STILUL SPORTIV!<\/p>\n<p>Pantalonii se potrivesc foarte bine cu jachetele softshell. Pot fi combina\u021bi cu jachetele Classwork, Eclipse, Classic-Vis, Softflex, Softref \u00een negru \u0219i galben.<\/p>\n<p>Descriere:<\/p>\n<p>&#8211; croial\u0103 confortabil\u0103, la mod\u0103,<\/p>\n<p>&#8211; benzi \u0219i elemente reflectorizante \u0219i material galben fluorescent,<\/p>\n<p>&#8211; material moale \u0219i flexibil. La exterior, structur\u0103 neted\u0103, iar la interior, fleece c\u0103lduros,<\/p>\n<p>&#8211; protejeaz\u0103 \u00eempotriva frigului, v\u00e2ntului \u0219i ploii, oferind un confort ridicat la utilizare,<\/p>\n<p>&#8211; cusut profesional \u0219i finisaj estetic,<\/p>\n<p>&#8211; genunchi \u00eent\u0103ri\u021bi cu material rezistent, negru, protejeaz\u0103 locurile cele mai expuse la rupere sau abraziune,<\/p>\n<p>&#8211; fixare cu nasture \u0219i fermoar metalic \u00een fa\u021b\u0103,<\/p>\n<p>&#8211; 7 buzunare func\u021bionale, 2 de tip slip-in, 3 \u00eenchise cu velcro, 2 cu fermoar,<\/p>\n<p>&#8211; contrac\u021bie foarte redus\u0103, chiar \u0219i dup\u0103 sp\u0103l\u0103ri repetate,<\/p>\n<p>&#8211; stabilitate a culorii.<\/p>\n","protected":false},"featured_media":8668,"template":"","meta":[],"product_brand":[],"product_cat":[86,85,17],"product_tag":[],"class_list":{"0":"post-8667","1":"product","2":"type-product","3":"status-publish","4":"has-post-thumbnail","6":"product_cat-winter-work-pants-summer-clothing","7":"product_cat-winter-overalls-summer","8":"product_cat-clothing","10":"first","11":"instock","12":"shipping-taxable","13":"purchasable","14":"product-type-simple"},"acf":[],"aioseo_notices":[],"_links":{"self":[{"href":"https:\/\/protego.md\/ro\/wp-json\/wp\/v2\/product\/8667","targetHints":{"allow":["GET"]}}],"collection":[{"href":"https:\/\/protego.md\/ro\/wp-json\/wp\/v2\/product"}],"about":[{"href":"https:\/\/protego.md\/ro\/wp-json\/wp\/v2\/types\/product"}],"wp:featuredmedia":[{"embeddable":true,"href":"https:\/\/protego.md\/ro\/wp-json\/wp\/v2\/media\/8668"}],"wp:attachment":[{"href":"https:\/\/protego.md\/ro\/wp-json\/wp\/v2\/media?parent=8667"}],"wp:term":[{"taxonomy":"product_brand","embeddable":true,"href":"https:\/\/protego.md\/ro\/wp-json\/wp\/v2\/product_brand?post=8667"},{"taxonomy":"product_cat","embeddable":true,"href":"https:\/\/protego.md\/ro\/wp-json\/wp\/v2\/product_cat?post=8667"},{"taxonomy":"product_tag","embeddable":true,"href":"https:\/\/protego.md\/ro\/wp-json\/wp\/v2\/product_tag?post=8667"}],"curies":[{"name":"wp","href":"https:\/\/api.w.org\/{rel}","templated":true}]}}