{"id":8664,"date":"2025-08-04T15:10:58","date_gmt":"2025-08-04T12:10:58","guid":{"rendered":"https:\/\/protego.md\/?post_type=product&#038;p=8664"},"modified":"2025-08-04T15:31:23","modified_gmt":"2025-08-04T12:31:23","slug":"bryuki-svetootrazhayushhie-visteam-navy-blue","status":"publish","type":"product","link":"https:\/\/protego.md\/ro\/product\/bryuki-svetootrazhayushhie-visteam-navy-blue\/","title":{"rendered":"Pantaloni reflectorizanti VisTeam navy blue"},"content":{"rendered":"","protected":false},"excerpt":{"rendered":"<p>Pantaloni de protec\u021bie VisTeam, cu un design excep\u021bional de atractiv \u0219i func\u021bionalitate perfect\u0103. Fabrica\u021bi din material foarte rezistent, compus din: 65% poliester \u0219i 35% bumbac, cu o \u021bes\u0103tur\u0103 puternic\u0103 \u0219i str\u00e2ns\u0103. Gramaj de 200 +\/- 10 g\/m\u00b2.<\/p>\n<p>Descriere:<\/p>\n<p>&#8211; cus\u0103tur\u0103 profesional\u0103 \u0219i estetic\u0103 a execu\u021biei,<\/p>\n<p>&#8211; cus\u0103turi duble \u0219i numeroase cus\u0103turi solide pentru prinderi, care \u00eent\u0103resc locurile deosebit de expuse la rupere,<\/p>\n<p>&#8211; 8 buzunare func\u021bionale pe fa\u021b\u0103, spate \u0219i pe craci &#8211; inclusiv un buzunar pentru rulet\u0103, un buzunar pentru pix \u0219i o bucl\u0103 pentru chei,<\/p>\n<p>&#8211; benzi reflectorizante pe picioare,<\/p>\n<p>&#8211; \u00eenchidere frontal\u0103 cu nasture \u0219i fermoar,<\/p>\n<p>&#8211; talie elastic\u0103 la spate,<\/p>\n<p>&#8211; g\u0103ici pentru curea,<\/p>\n<p>&#8211; contrac\u021bie foarte redus\u0103 &#8211; chiar \u0219i dup\u0103 sp\u0103l\u0103ri repetate,<\/p>\n<p>&#8211; stabilitate a culorii.<\/p>\n","protected":false},"featured_media":8665,"template":"","meta":[],"product_brand":[],"product_cat":[86,85,17],"product_tag":[],"class_list":{"0":"post-8664","1":"product","2":"type-product","3":"status-publish","4":"has-post-thumbnail","6":"product_cat-winter-work-pants-summer-clothing","7":"product_cat-winter-overalls-summer","8":"product_cat-clothing","10":"first","11":"instock","12":"shipping-taxable","13":"purchasable","14":"product-type-simple"},"acf":[],"aioseo_notices":[],"_links":{"self":[{"href":"https:\/\/protego.md\/ro\/wp-json\/wp\/v2\/product\/8664","targetHints":{"allow":["GET"]}}],"collection":[{"href":"https:\/\/protego.md\/ro\/wp-json\/wp\/v2\/product"}],"about":[{"href":"https:\/\/protego.md\/ro\/wp-json\/wp\/v2\/types\/product"}],"wp:featuredmedia":[{"embeddable":true,"href":"https:\/\/protego.md\/ro\/wp-json\/wp\/v2\/media\/8665"}],"wp:attachment":[{"href":"https:\/\/protego.md\/ro\/wp-json\/wp\/v2\/media?parent=8664"}],"wp:term":[{"taxonomy":"product_brand","embeddable":true,"href":"https:\/\/protego.md\/ro\/wp-json\/wp\/v2\/product_brand?post=8664"},{"taxonomy":"product_cat","embeddable":true,"href":"https:\/\/protego.md\/ro\/wp-json\/wp\/v2\/product_cat?post=8664"},{"taxonomy":"product_tag","embeddable":true,"href":"https:\/\/protego.md\/ro\/wp-json\/wp\/v2\/product_tag?post=8664"}],"curies":[{"name":"wp","href":"https:\/\/api.w.org\/{rel}","templated":true}]}}