{"id":8662,"date":"2025-08-04T15:07:01","date_gmt":"2025-08-04T12:07:01","guid":{"rendered":"https:\/\/protego.md\/?post_type=product&#038;p=8662"},"modified":"2025-08-04T15:10:02","modified_gmt":"2025-08-04T12:10:02","slug":"nakoleniki-nakzel-flat","status":"publish","type":"product","link":"https:\/\/protego.md\/ro\/product\/nakoleniki-nakzel-flat\/","title":{"rendered":"Genunchier NAKZEL FLAT"},"content":{"rendered":"","protected":false},"excerpt":{"rendered":"<p>Protec\u021bia pentru genunchi este fabricat\u0103 dintr-un amestec de \u00eenalt\u0103 calitate de poliester, PVC \u0219i gel care acoper\u0103 genunchiul, o genunchiera moale care nu restric\u021bioneaz\u0103 mi\u0219carea \u0219i ajustarea la circumferin\u021b\u0103 cu curele de fixare care permit fixarea corect\u0103 a protec\u021biilor.<\/p>\n<p>CONFORT LA UTILIZARE \u0218I PROTEC\u021aIE \u00ceN TIMPUL LUCRULUI<\/p>\n<p>Descriere:<\/p>\n<p>Protec\u021biile sunt utilizate pentru a proteja genunchii \u0219i a proteja utilizatorul \u00eempotriva factorilor de risc minimi.<\/p>\n<p>Acestea \u00eembun\u0103t\u0103\u021besc confortul lucrului \u00een pozi\u021bie de \u00eengenunchere.<\/p>\n<p>Acestea protejeaz\u0103 \u00eempotriva:<\/p>\n<p>&#8211; ac\u021biunilor factorilor mecanici ale c\u0103ror efecte sunt superficiale, abraziunilor,<\/p>\n<p>&#8211; ac\u021biunilor factorilor atmosferici care nu sunt de natur\u0103 extrem\u0103,<\/p>\n<p>&#8211; impacturilor \u0219i vibra\u021biilor u\u0219oare, ale c\u0103ror efecte nu pot provoca daune ireversibile organismului.<\/p>\n","protected":false},"featured_media":8663,"template":"","meta":[],"product_brand":[],"product_cat":[236,78],"product_tag":[],"class_list":{"0":"post-8662","1":"product","2":"type-product","3":"status-publish","4":"has-post-thumbnail","6":"product_cat-nakolenniki","7":"product_cat-individual-protect","9":"first","10":"instock","11":"shipping-taxable","12":"purchasable","13":"product-type-simple"},"acf":[],"aioseo_notices":[],"_links":{"self":[{"href":"https:\/\/protego.md\/ro\/wp-json\/wp\/v2\/product\/8662","targetHints":{"allow":["GET"]}}],"collection":[{"href":"https:\/\/protego.md\/ro\/wp-json\/wp\/v2\/product"}],"about":[{"href":"https:\/\/protego.md\/ro\/wp-json\/wp\/v2\/types\/product"}],"wp:featuredmedia":[{"embeddable":true,"href":"https:\/\/protego.md\/ro\/wp-json\/wp\/v2\/media\/8663"}],"wp:attachment":[{"href":"https:\/\/protego.md\/ro\/wp-json\/wp\/v2\/media?parent=8662"}],"wp:term":[{"taxonomy":"product_brand","embeddable":true,"href":"https:\/\/protego.md\/ro\/wp-json\/wp\/v2\/product_brand?post=8662"},{"taxonomy":"product_cat","embeddable":true,"href":"https:\/\/protego.md\/ro\/wp-json\/wp\/v2\/product_cat?post=8662"},{"taxonomy":"product_tag","embeddable":true,"href":"https:\/\/protego.md\/ro\/wp-json\/wp\/v2\/product_tag?post=8662"}],"curies":[{"name":"wp","href":"https:\/\/api.w.org\/{rel}","templated":true}]}}