{"id":8655,"date":"2025-08-04T14:49:22","date_gmt":"2025-08-04T11:49:22","guid":{"rendered":"https:\/\/protego.md\/?post_type=product&#038;p=8655"},"modified":"2025-08-04T14:58:57","modified_gmt":"2025-08-04T11:58:57","slug":"shorty-colemann-jeans-black","status":"publish","type":"product","link":"https:\/\/protego.md\/ro\/product\/shorty-colemann-jeans-black\/","title":{"rendered":"Pantaloni scurti CLASIC GREY"},"content":{"rendered":"","protected":false},"excerpt":{"rendered":"<p>Pantalonii scur\u021bi de protec\u021bie CLASSIC GRAY sunt pantaloni cu o croial\u0103 modern\u0103, la mod\u0103 \u0219i atractiv\u0103, f\u0103r\u0103 restric\u021bii de mi\u0219care, datorit\u0103 utiliz\u0103rii unui material cu adaos de elastan. Fabrica\u021bi dintr-un material special foarte rezistent, cu o compozi\u021bie de 80% poliester, 20% bumbac. Greutate 260 g\/m2 (+\/- 10g\/m2).<\/p>\n<p>Descriere:<\/p>\n<p>&#8211; designul modern face ca pantalonii s\u0103 nu doar \u00ee\u0219i \u00eendeplineasc\u0103 func\u021bia de pantaloni de lucru, ci s\u0103 arate \u0219i la mod\u0103, stila\u021bi \u0219i profesionali,<\/p>\n<p>&#8211; o combina\u021bie modern\u0103 de cus\u0103turi verzi spore\u0219te valoarea estetic\u0103 \u0219i vizual\u0103 a pantalonilor,<\/p>\n<p>&#8211; cus\u0103turi profesionale \u0219i estetic\u0103 a execu\u021biei,<\/p>\n<p>&#8211; cus\u0103turi triple \u0219i numeroase cus\u0103turi solide pentru bare, care \u00eent\u0103resc locurile deosebit de expuse la rupere,<\/p>\n<p>&#8211; 10 buzunare func\u021bionale pe fa\u021b\u0103, spate \u0219i pe craci, inclusiv un buzunar pentru rigl\u0103, breloc \u0219i inel pentru ciocan,<\/p>\n<p>&#8211; \u00eent\u0103rituri suplimentare ale buzunarelor, protej\u00e2ndu-le \u00eempotriva perfora\u021biilor, fabricate din material rezistent de poliester 600D,<\/p>\n<p>&#8211; buzunar la coaps\u0103 cu clap\u0103 fixat\u0103 cu velcro, cu un buzunar suplimentar cu fermoar,<\/p>\n<p>&#8211; buzunarele din spate au clape fixate cu velcro,<\/p>\n<p>&#8211; pantaloni scur\u021bi fixa\u021bi cu nasture \u0219i fermoar \u00een fa\u021b\u0103,<\/p>\n<p>&#8211; talie elastic\u0103 pe laterale,<\/p>\n<p>&#8211; gaici pentru curea,<\/p>\n<p>&#8211; contrac\u021bie foarte sc\u0103zut\u0103, chiar \u0219i dup\u0103 sp\u0103l\u0103ri repetate,<\/p>\n<p>&#8211; stabilitate a culorii.<\/p>\n","protected":false},"featured_media":8659,"template":"","meta":[],"product_brand":[],"product_cat":[86,17],"product_tag":[],"class_list":{"0":"post-8655","1":"product","2":"type-product","3":"status-publish","4":"has-post-thumbnail","6":"product_cat-winter-work-pants-summer-clothing","7":"product_cat-clothing","9":"first","10":"instock","11":"shipping-taxable","12":"purchasable","13":"product-type-simple"},"acf":[],"aioseo_notices":[],"_links":{"self":[{"href":"https:\/\/protego.md\/ro\/wp-json\/wp\/v2\/product\/8655","targetHints":{"allow":["GET"]}}],"collection":[{"href":"https:\/\/protego.md\/ro\/wp-json\/wp\/v2\/product"}],"about":[{"href":"https:\/\/protego.md\/ro\/wp-json\/wp\/v2\/types\/product"}],"wp:featuredmedia":[{"embeddable":true,"href":"https:\/\/protego.md\/ro\/wp-json\/wp\/v2\/media\/8659"}],"wp:attachment":[{"href":"https:\/\/protego.md\/ro\/wp-json\/wp\/v2\/media?parent=8655"}],"wp:term":[{"taxonomy":"product_brand","embeddable":true,"href":"https:\/\/protego.md\/ro\/wp-json\/wp\/v2\/product_brand?post=8655"},{"taxonomy":"product_cat","embeddable":true,"href":"https:\/\/protego.md\/ro\/wp-json\/wp\/v2\/product_cat?post=8655"},{"taxonomy":"product_tag","embeddable":true,"href":"https:\/\/protego.md\/ro\/wp-json\/wp\/v2\/product_tag?post=8655"}],"curies":[{"name":"wp","href":"https:\/\/api.w.org\/{rel}","templated":true}]}}